{"id":7178,"date":"2025-02-09T20:05:45","date_gmt":"2025-02-09T20:05:45","guid":{"rendered":"https:\/\/dev.cm.upt.ro\/jecza\/?page_id=7178"},"modified":"2025-02-09T21:43:21","modified_gmt":"2025-02-09T21:43:21","slug":"2009-2","status":"publish","type":"page","link":"https:\/\/jecza.ro\/index.php\/2009-2\/","title":{"rendered":"2009\u200b"},"content":{"rendered":"\t\t<div data-elementor-type=\"wp-page\" data-elementor-id=\"7178\" class=\"elementor elementor-7178\">\n\t\t\t\t\t\t<section class=\"elementor-section elementor-top-section elementor-element elementor-element-b56c050 elementor-section-boxed elementor-section-height-default elementor-section-height-default\" data-id=\"b56c050\" data-element_type=\"section\">\n\t\t\t\t\t\t<div class=\"elementor-container elementor-column-gap-default\">\n\t\t\t\t\t<div class=\"elementor-column elementor-col-66 elementor-top-column elementor-element elementor-element-5aeb42f\" data-id=\"5aeb42f\" data-element_type=\"column\">\n\t\t\t<div class=\"elementor-widget-wrap elementor-element-populated\">\n\t\t\t\t\t\t<div class=\"elementor-element elementor-element-86abe6d elementor-widget elementor-widget-heading\" data-id=\"86abe6d\" data-element_type=\"widget\" data-widget_type=\"heading.default\">\n\t\t\t\t<div class=\"elementor-widget-container\">\n\t\t\t\t\t<h4 class=\"elementor-heading-title elementor-size-default\">2009<\/h4>\t\t\t\t<\/div>\n\t\t\t\t<\/div>\n\t\t\t\t<section class=\"elementor-section elementor-inner-section elementor-element elementor-element-03f525b elementor-section-boxed elementor-section-height-default elementor-section-height-default\" data-id=\"03f525b\" data-element_type=\"section\">\n\t\t\t\t\t\t<div class=\"elementor-container elementor-column-gap-default\">\n\t\t\t\t\t<div class=\"elementor-column elementor-col-50 elementor-inner-column elementor-element elementor-element-dfa0ecb\" data-id=\"dfa0ecb\" data-element_type=\"column\">\n\t\t\t<div class=\"elementor-widget-wrap elementor-element-populated\">\n\t\t\t\t\t\t<div class=\"elementor-element elementor-element-1efdfd8 elementor-widget elementor-widget-image\" data-id=\"1efdfd8\" data-element_type=\"widget\" data-widget_type=\"image.default\">\n\t\t\t\t<div class=\"elementor-widget-container\">\n\t\t\t\t\t\t\t\t\t\t\t\t\t\t\t<img fetchpriority=\"high\" decoding=\"async\" width=\"767\" height=\"700\" src=\"https:\/\/jecza.ro\/wp-content\/uploads\/2025\/02\/2009.jpg\" class=\"attachment-full size-full wp-image-7180\" alt=\"\" srcset=\"https:\/\/jecza.ro\/wp-content\/uploads\/2025\/02\/2009.jpg 767w, https:\/\/jecza.ro\/wp-content\/uploads\/2025\/02\/2009-300x274.jpg 300w, https:\/\/jecza.ro\/wp-content\/uploads\/2025\/02\/2009-600x548.jpg 600w\" sizes=\"(max-width: 767px) 100vw, 767px\" \/>\t\t\t\t\t\t\t\t\t\t\t\t\t\t\t<\/div>\n\t\t\t\t<\/div>\n\t\t\t\t\t<\/div>\n\t\t<\/div>\n\t\t\t\t<div class=\"elementor-column elementor-col-50 elementor-inner-column elementor-element elementor-element-12619fa\" data-id=\"12619fa\" data-element_type=\"column\">\n\t\t\t<div class=\"elementor-widget-wrap elementor-element-populated\">\n\t\t\t\t\t\t<div class=\"elementor-element elementor-element-a4ca395 elementor-widget elementor-widget-text-editor\" data-id=\"a4ca395\" data-element_type=\"widget\" data-widget_type=\"text-editor.default\">\n\t\t\t\t<div class=\"elementor-widget-container\">\n\t\t\t\t\t\t\t\t\t<p style=\"text-align: justify;\">\u00cen anul 2009, Visul lui Peter Jecza s-a fr\u00e2nt.<\/p><p style=\"text-align: justify;\">\u00cen noaptea de 23 martie sculptorul s-a stins.<\/p><p style=\"text-align: justify;\">De atunci, doar sculpturile r\u0103mase \u00een urma lui \u00ee\u0219i tot spun povestea<\/p>\t\t\t\t\t\t\t\t<\/div>\n\t\t\t\t<\/div>\n\t\t\t\t\t<\/div>\n\t\t<\/div>\n\t\t\t\t\t<\/div>\n\t\t<\/section>\n\t\t\t\t\t<\/div>\n\t\t<\/div>\n\t\t\t\t<div class=\"elementor-column elementor-col-33 elementor-top-column elementor-element elementor-element-26f6eb2\" data-id=\"26f6eb2\" data-element_type=\"column\">\n\t\t\t<div class=\"elementor-widget-wrap elementor-element-populated\">\n\t\t\t\t\t\t<div class=\"elementor-element elementor-element-b653dc6 elementor-widget elementor-widget-heading\" data-id=\"b653dc6\" data-element_type=\"widget\" data-widget_type=\"heading.default\">\n\t\t\t\t<div class=\"elementor-widget-container\">\n\t\t\t\t\t<h4 class=\"elementor-heading-title elementor-size-default\">Perioade<\/h4>\t\t\t\t<\/div>\n\t\t\t\t<\/div>\n\t\t\t\t<div class=\"elementor-element elementor-element-f6bb10c elementor-widget elementor-widget-ova_menu_page\" data-id=\"f6bb10c\" data-element_type=\"widget\" data-widget_type=\"ova_menu_page.default\">\n\t\t\t\t<div class=\"elementor-widget-container\">\n\t\t\t\t\t\t\t<div class=\"ova_menu_page\">\n\t\t\t<ul id=\"menu-meniu-biografie\" class=\"menu\"><li id=\"menu-item-6936\" class=\"menu-item menu-item-type-post_type menu-item-object-page menu-item-6936 dropdown\"><a href=\"https:\/\/jecza.ro\/index.php\/1939-1946\/\" class=\"col_heading\">1939-1946<\/a><\/li><li id=\"menu-item-7196\" class=\"menu-item menu-item-type-post_type menu-item-object-page menu-item-7196 dropdown\"><a href=\"https:\/\/jecza.ro\/index.php\/1946-1953\/\" class=\"col_heading\">1946-1953<\/a><\/li><li id=\"menu-item-7197\" class=\"menu-item menu-item-type-post_type menu-item-object-page menu-item-7197 dropdown\"><a href=\"https:\/\/jecza.ro\/index.php\/1953-1957\/\" class=\"col_heading\">1953-1957<\/a><\/li><li id=\"menu-item-7195\" class=\"menu-item menu-item-type-post_type menu-item-object-page menu-item-7195 dropdown\"><a href=\"https:\/\/jecza.ro\/index.php\/1957-1963\/\" class=\"col_heading\">1957-1963\u200b<\/a><\/li><li id=\"menu-item-7194\" class=\"menu-item menu-item-type-post_type menu-item-object-page menu-item-7194 dropdown\"><a href=\"https:\/\/jecza.ro\/index.php\/1963-1968\/\" class=\"col_heading\">1963-1968\u200b<\/a><\/li><li id=\"menu-item-7193\" class=\"menu-item menu-item-type-post_type menu-item-object-page menu-item-7193 dropdown\"><a href=\"https:\/\/jecza.ro\/index.php\/1968-1972\/\" class=\"col_heading\">1968-1972\u200b<\/a><\/li><li id=\"menu-item-7192\" class=\"menu-item menu-item-type-post_type menu-item-object-page menu-item-7192 dropdown\"><a href=\"https:\/\/jecza.ro\/index.php\/1972-1978\/\" class=\"col_heading\">1972-1978\u200b<\/a><\/li><li id=\"menu-item-7191\" class=\"menu-item menu-item-type-post_type menu-item-object-page menu-item-7191 dropdown\"><a href=\"https:\/\/jecza.ro\/index.php\/1978-1982\/\" class=\"col_heading\">1978-1982<\/a><\/li><li id=\"menu-item-7190\" class=\"menu-item menu-item-type-post_type menu-item-object-page menu-item-7190 dropdown\"><a href=\"https:\/\/jecza.ro\/index.php\/1982-1986\/\" class=\"col_heading\">1982-1986\u200b<\/a><\/li><li id=\"menu-item-7189\" class=\"menu-item menu-item-type-post_type menu-item-object-page menu-item-7189 dropdown\"><a href=\"https:\/\/jecza.ro\/index.php\/1987-2000\/\" class=\"col_heading\">1987-2000<\/a><\/li><li id=\"menu-item-7188\" class=\"menu-item menu-item-type-post_type menu-item-object-page menu-item-7188 dropdown\"><a href=\"https:\/\/jecza.ro\/index.php\/2000-2009\/\" class=\"col_heading\">2000-2009<\/a><\/li><li id=\"menu-item-7187\" class=\"menu-item menu-item-type-post_type menu-item-object-page menu-item-7187 dropdown\"><a href=\"https:\/\/jecza.ro\/index.php\/2009-2\/\" class=\"col_heading\">2009\u200b<\/a><\/li><\/ul>\t\t<\/div>\n\t\t\t\t\t\t<\/div>\n\t\t\t\t<\/div>\n\t\t\t\t\t<\/div>\n\t\t<\/div>\n\t\t\t\t\t<\/div>\n\t\t<\/section>\n\t\t\t\t<section class=\"elementor-section elementor-top-section elementor-element elementor-element-c79b15d elementor-section-boxed elementor-section-height-default elementor-section-height-default\" data-id=\"c79b15d\" data-element_type=\"section\">\n\t\t\t\t\t\t<div class=\"elementor-container elementor-column-gap-narrow\">\n\t\t\t\t\t<div class=\"elementor-column elementor-col-100 elementor-top-column elementor-element elementor-element-67217d2\" data-id=\"67217d2\" data-element_type=\"column\">\n\t\t\t<div class=\"elementor-widget-wrap elementor-element-populated\">\n\t\t\t\t\t\t<div class=\"elementor-element elementor-element-cc9284d elementor-widget elementor-widget-spacer\" data-id=\"cc9284d\" data-element_type=\"widget\" data-widget_type=\"spacer.default\">\n\t\t\t\t<div class=\"elementor-widget-container\">\n\t\t\t\t\t\t\t<div class=\"elementor-spacer\">\n\t\t\t<div class=\"elementor-spacer-inner\"><\/div>\n\t\t<\/div>\n\t\t\t\t\t\t<\/div>\n\t\t\t\t<\/div>\n\t\t\t\t<div class=\"elementor-element elementor-element-7023b1b gallery-spacing-custom elementor-widget elementor-widget-image-gallery\" data-id=\"7023b1b\" data-element_type=\"widget\" data-widget_type=\"image-gallery.default\">\n\t\t\t\t<div class=\"elementor-widget-container\">\n\t\t\t\t\t\t\t<div class=\"elementor-image-gallery\">\n\t\t\t\n\t\t<style type=\"text\/css\">\n\t\t\t#gallery-1 {\n\t\t\t\tmargin: auto;\n\t\t\t}\n\t\t\t#gallery-1 .gallery-item {\n\t\t\t\tfloat: left;\n\t\t\t\tmargin-top: 10px;\n\t\t\t\ttext-align: center;\n\t\t\t\twidth: 33%;\n\t\t\t}\n\t\t\t#gallery-1 img {\n\t\t\t\tborder: 2px solid #cfcfcf;\n\t\t\t}\n\t\t\t#gallery-1 .gallery-caption {\n\t\t\t\tmargin-left: 0;\n\t\t\t}\n\t\t\t\/* see gallery_shortcode() in wp-includes\/media.php *\/\n\t\t<\/style>\n\t\t<div id='gallery-1' class='gallery galleryid-7178 gallery-columns-3 gallery-size-shop_catalog'><dl class='gallery-item'>\n\t\t\t<dt class='gallery-icon portrait'>\n\t\t\t\t<a data-elementor-open-lightbox=\"yes\" data-elementor-lightbox-slideshow=\"7023b1b\" data-elementor-lightbox-title=\"131_Peter-Jecza_foto-Andrei-Jecza\" data-e-action-hash=\"#elementor-action%3Aaction%3Dlightbox%26settings%3DeyJpZCI6NzM0MCwidXJsIjoiaHR0cHM6XC9cL2plY3phLnJvXC93cC1jb250ZW50XC91cGxvYWRzXC8yMDI1XC8wMlwvMTMxX1BldGVyLUplY3phX2ZvdG8tQW5kcmVpLUplY3phLTIuanBnIiwic2xpZGVzaG93IjoiNzAyM2IxYiJ9\" href='https:\/\/jecza.ro\/wp-content\/uploads\/2025\/02\/131_Peter-Jecza_foto-Andrei-Jecza-2.jpg'><img decoding=\"async\" width=\"914\" height=\"1219\" src=\"https:\/\/jecza.ro\/wp-content\/uploads\/2025\/02\/131_Peter-Jecza_foto-Andrei-Jecza-2.jpg\" class=\"attachment-shop_catalog size-shop_catalog\" alt=\"\" srcset=\"https:\/\/jecza.ro\/wp-content\/uploads\/2025\/02\/131_Peter-Jecza_foto-Andrei-Jecza-2.jpg 914w, https:\/\/jecza.ro\/wp-content\/uploads\/2025\/02\/131_Peter-Jecza_foto-Andrei-Jecza-2-225x300.jpg 225w, https:\/\/jecza.ro\/wp-content\/uploads\/2025\/02\/131_Peter-Jecza_foto-Andrei-Jecza-2-768x1024.jpg 768w, https:\/\/jecza.ro\/wp-content\/uploads\/2025\/02\/131_Peter-Jecza_foto-Andrei-Jecza-2-600x800.jpg 600w\" sizes=\"(max-width: 914px) 100vw, 914px\" \/><\/a>\n\t\t\t<\/dt><\/dl><dl class='gallery-item'>\n\t\t\t<dt class='gallery-icon landscape'>\n\t\t\t\t<a data-elementor-open-lightbox=\"yes\" data-elementor-lightbox-slideshow=\"7023b1b\" data-elementor-lightbox-title=\"2009.jpg\" data-e-action-hash=\"#elementor-action%3Aaction%3Dlightbox%26settings%3DeyJpZCI6NzE4MiwidXJsIjoiaHR0cHM6XC9cL2plY3phLnJvXC93cC1jb250ZW50XC91cGxvYWRzXC8yMDI1XC8wMlwvMjAwOS0xLmpwZyIsInNsaWRlc2hvdyI6IjcwMjNiMWIifQ%3D%3D\" href='https:\/\/jecza.ro\/wp-content\/uploads\/2025\/02\/2009-1.jpg'><img decoding=\"async\" width=\"767\" height=\"700\" src=\"https:\/\/jecza.ro\/wp-content\/uploads\/2025\/02\/2009-1.jpg\" class=\"attachment-shop_catalog size-shop_catalog\" alt=\"\" srcset=\"https:\/\/jecza.ro\/wp-content\/uploads\/2025\/02\/2009-1.jpg 767w, https:\/\/jecza.ro\/wp-content\/uploads\/2025\/02\/2009-1-300x274.jpg 300w, https:\/\/jecza.ro\/wp-content\/uploads\/2025\/02\/2009-1-600x548.jpg 600w\" sizes=\"(max-width: 767px) 100vw, 767px\" \/><\/a>\n\t\t\t<\/dt><\/dl><dl class='gallery-item'>\n\t\t\t<dt class='gallery-icon landscape'>\n\t\t\t\t<a data-elementor-open-lightbox=\"yes\" data-elementor-lightbox-slideshow=\"7023b1b\" data-elementor-lightbox-title=\"132_Semnatura-Peter-Jecza-scaled-1.jpg\" data-e-action-hash=\"#elementor-action%3Aaction%3Dlightbox%26settings%3DeyJpZCI6NzE4MywidXJsIjoiaHR0cHM6XC9cL2plY3phLnJvXC93cC1jb250ZW50XC91cGxvYWRzXC8yMDI1XC8wMlwvMTMyX1NlbW5hdHVyYS1QZXRlci1KZWN6YS1zY2FsZWQtMS5qcGciLCJzbGlkZXNob3ciOiI3MDIzYjFiIn0%3D\" href='https:\/\/jecza.ro\/wp-content\/uploads\/2025\/02\/132_Semnatura-Peter-Jecza-scaled-1.jpg'><img loading=\"lazy\" decoding=\"async\" width=\"2560\" height=\"1707\" src=\"https:\/\/jecza.ro\/wp-content\/uploads\/2025\/02\/132_Semnatura-Peter-Jecza-scaled-1.jpg\" class=\"attachment-shop_catalog size-shop_catalog\" alt=\"\" srcset=\"https:\/\/jecza.ro\/wp-content\/uploads\/2025\/02\/132_Semnatura-Peter-Jecza-scaled-1.jpg 2560w, https:\/\/jecza.ro\/wp-content\/uploads\/2025\/02\/132_Semnatura-Peter-Jecza-scaled-1-300x200.jpg 300w, https:\/\/jecza.ro\/wp-content\/uploads\/2025\/02\/132_Semnatura-Peter-Jecza-scaled-1-1024x683.jpg 1024w, https:\/\/jecza.ro\/wp-content\/uploads\/2025\/02\/132_Semnatura-Peter-Jecza-scaled-1-768x512.jpg 768w, https:\/\/jecza.ro\/wp-content\/uploads\/2025\/02\/132_Semnatura-Peter-Jecza-scaled-1-1536x1024.jpg 1536w, https:\/\/jecza.ro\/wp-content\/uploads\/2025\/02\/132_Semnatura-Peter-Jecza-scaled-1-2048x1366.jpg 2048w, https:\/\/jecza.ro\/wp-content\/uploads\/2025\/02\/132_Semnatura-Peter-Jecza-scaled-1-600x400.jpg 600w\" sizes=\"(max-width: 2560px) 100vw, 2560px\" \/><\/a>\n\t\t\t<\/dt><\/dl><br style=\"clear: both\" \/>\n\t\t<\/div>\n\t\t<\/div>\n\t\t\t\t\t\t<\/div>\n\t\t\t\t<\/div>\n\t\t\t\t\t<\/div>\n\t\t<\/div>\n\t\t\t\t\t<\/div>\n\t\t<\/section>\n\t\t\t\t<\/div>\n\t\t","protected":false},"excerpt":{"rendered":"<p>2009 \u00cen anul 2009, Visul lui Peter Jecza s-a fr\u00e2nt. \u00cen noaptea de 23 martie sculptorul s-a stins. De atunci, doar sculpturile r\u0103mase \u00een urma lui \u00ee\u0219i tot spun povestea Perioade 1939-1946 1946-1953 1953-1957 1957-1963\u200b 1963-1968\u200b 1968-1972\u200b 1972-1978\u200b 1978-1982 1982-1986\u200b 1987-2000 2000-2009 2009\u200b<\/p>\n","protected":false},"author":2,"featured_media":0,"parent":0,"menu_order":0,"comment_status":"closed","ping_status":"closed","template":"","meta":{"_acf_changed":false,"give_campaign_id":0,"footnotes":""},"class_list":["post-7178","page","type-page","status-publish","hentry"],"acf":[],"yoast_head":"<!-- This site is optimized with the Yoast SEO plugin v25.3.1 - https:\/\/yoast.com\/wordpress\/plugins\/seo\/ -->\n<title>2009\u200b - Jecza Museum<\/title>\n<meta name=\"robots\" content=\"index, follow, max-snippet:-1, max-image-preview:large, max-video-preview:-1\" \/>\n<link rel=\"canonical\" href=\"https:\/\/jecza.ro\/index.php\/2009-2\/\" \/>\n<meta property=\"og:locale\" content=\"en_US\" \/>\n<meta property=\"og:type\" content=\"article\" \/>\n<meta property=\"og:title\" content=\"2009\u200b - Jecza Museum\" \/>\n<meta property=\"og:description\" content=\"2009 \u00cen anul 2009, Visul lui Peter Jecza s-a fr\u00e2nt. \u00cen noaptea de 23 martie sculptorul s-a stins. De atunci, doar sculpturile r\u0103mase \u00een urma lui \u00ee\u0219i tot spun povestea Perioade 1939-1946 1946-1953 1953-1957 1957-1963\u200b 1963-1968\u200b 1968-1972\u200b 1972-1978\u200b 1978-1982 1982-1986\u200b 1987-2000 2000-2009 2009\u200b\" \/>\n<meta property=\"og:url\" content=\"https:\/\/jecza.ro\/index.php\/2009-2\/\" \/>\n<meta property=\"og:site_name\" content=\"Jecza Museum\" \/>\n<meta property=\"article:modified_time\" content=\"2025-02-09T21:43:21+00:00\" \/>\n<meta property=\"og:image\" content=\"https:\/\/jecza.ro\/wp-content\/uploads\/2025\/02\/2009.jpg\" \/>\n\t<meta property=\"og:image:width\" content=\"767\" \/>\n\t<meta property=\"og:image:height\" content=\"700\" \/>\n\t<meta property=\"og:image:type\" content=\"image\/jpeg\" \/>\n<meta name=\"twitter:card\" content=\"summary_large_image\" \/>\n<meta name=\"twitter:label1\" content=\"Est. reading time\" \/>\n\t<meta name=\"twitter:data1\" content=\"1 minute\" \/>\n<script type=\"application\/ld+json\" class=\"yoast-schema-graph\">{\"@context\":\"https:\/\/schema.org\",\"@graph\":[{\"@type\":\"WebPage\",\"@id\":\"https:\/\/jecza.ro\/index.php\/2009-2\/\",\"url\":\"https:\/\/jecza.ro\/index.php\/2009-2\/\",\"name\":\"2009\u200b - Jecza Museum\",\"isPartOf\":{\"@id\":\"https:\/\/jecza.ro\/#website\"},\"primaryImageOfPage\":{\"@id\":\"https:\/\/jecza.ro\/index.php\/2009-2\/#primaryimage\"},\"image\":{\"@id\":\"https:\/\/jecza.ro\/index.php\/2009-2\/#primaryimage\"},\"thumbnailUrl\":\"https:\/\/jecza.ro\/wp-content\/uploads\/2025\/02\/2009.jpg\",\"datePublished\":\"2025-02-09T20:05:45+00:00\",\"dateModified\":\"2025-02-09T21:43:21+00:00\",\"breadcrumb\":{\"@id\":\"https:\/\/jecza.ro\/index.php\/2009-2\/#breadcrumb\"},\"inLanguage\":\"en-US\",\"potentialAction\":[{\"@type\":\"ReadAction\",\"target\":[\"https:\/\/jecza.ro\/index.php\/2009-2\/\"]}]},{\"@type\":\"ImageObject\",\"inLanguage\":\"en-US\",\"@id\":\"https:\/\/jecza.ro\/index.php\/2009-2\/#primaryimage\",\"url\":\"https:\/\/jecza.ro\/wp-content\/uploads\/2025\/02\/2009.jpg\",\"contentUrl\":\"https:\/\/jecza.ro\/wp-content\/uploads\/2025\/02\/2009.jpg\",\"width\":767,\"height\":700},{\"@type\":\"BreadcrumbList\",\"@id\":\"https:\/\/jecza.ro\/index.php\/2009-2\/#breadcrumb\",\"itemListElement\":[{\"@type\":\"ListItem\",\"position\":1,\"name\":\"Home\",\"item\":\"https:\/\/jecza.ro\/\"},{\"@type\":\"ListItem\",\"position\":2,\"name\":\"2009\u200b\"}]},{\"@type\":\"WebSite\",\"@id\":\"https:\/\/jecza.ro\/#website\",\"url\":\"https:\/\/jecza.ro\/\",\"name\":\"Jecza Museum\",\"description\":\"\",\"publisher\":{\"@id\":\"https:\/\/jecza.ro\/#organization\"},\"potentialAction\":[{\"@type\":\"SearchAction\",\"target\":{\"@type\":\"EntryPoint\",\"urlTemplate\":\"https:\/\/jecza.ro\/?s={search_term_string}\"},\"query-input\":{\"@type\":\"PropertyValueSpecification\",\"valueRequired\":true,\"valueName\":\"search_term_string\"}}],\"inLanguage\":\"en-US\"},{\"@type\":\"Organization\",\"@id\":\"https:\/\/jecza.ro\/#organization\",\"name\":\"Jecza Museum\",\"url\":\"https:\/\/jecza.ro\/\",\"logo\":{\"@type\":\"ImageObject\",\"inLanguage\":\"en-US\",\"@id\":\"https:\/\/jecza.ro\/#\/schema\/logo\/image\/\",\"url\":\"https:\/\/jecza.ro\/wp-content\/uploads\/2024\/11\/cropped-Jecza-museum-logo-white.png\",\"contentUrl\":\"https:\/\/jecza.ro\/wp-content\/uploads\/2024\/11\/cropped-Jecza-museum-logo-white.png\",\"width\":512,\"height\":512,\"caption\":\"Jecza Museum\"},\"image\":{\"@id\":\"https:\/\/jecza.ro\/#\/schema\/logo\/image\/\"}}]}<\/script>\n<!-- \/ Yoast SEO plugin. -->","yoast_head_json":{"title":"2009\u200b - Jecza Museum","robots":{"index":"index","follow":"follow","max-snippet":"max-snippet:-1","max-image-preview":"max-image-preview:large","max-video-preview":"max-video-preview:-1"},"canonical":"https:\/\/jecza.ro\/index.php\/2009-2\/","og_locale":"en_US","og_type":"article","og_title":"2009\u200b - Jecza Museum","og_description":"2009 \u00cen anul 2009, Visul lui Peter Jecza s-a fr\u00e2nt. \u00cen noaptea de 23 martie sculptorul s-a stins. De atunci, doar sculpturile r\u0103mase \u00een urma lui \u00ee\u0219i tot spun povestea Perioade 1939-1946 1946-1953 1953-1957 1957-1963\u200b 1963-1968\u200b 1968-1972\u200b 1972-1978\u200b 1978-1982 1982-1986\u200b 1987-2000 2000-2009 2009\u200b","og_url":"https:\/\/jecza.ro\/index.php\/2009-2\/","og_site_name":"Jecza Museum","article_modified_time":"2025-02-09T21:43:21+00:00","og_image":[{"width":767,"height":700,"url":"https:\/\/jecza.ro\/wp-content\/uploads\/2025\/02\/2009.jpg","type":"image\/jpeg"}],"twitter_card":"summary_large_image","twitter_misc":{"Est. reading time":"1 minute"},"schema":{"@context":"https:\/\/schema.org","@graph":[{"@type":"WebPage","@id":"https:\/\/jecza.ro\/index.php\/2009-2\/","url":"https:\/\/jecza.ro\/index.php\/2009-2\/","name":"2009\u200b - Jecza Museum","isPartOf":{"@id":"https:\/\/jecza.ro\/#website"},"primaryImageOfPage":{"@id":"https:\/\/jecza.ro\/index.php\/2009-2\/#primaryimage"},"image":{"@id":"https:\/\/jecza.ro\/index.php\/2009-2\/#primaryimage"},"thumbnailUrl":"https:\/\/jecza.ro\/wp-content\/uploads\/2025\/02\/2009.jpg","datePublished":"2025-02-09T20:05:45+00:00","dateModified":"2025-02-09T21:43:21+00:00","breadcrumb":{"@id":"https:\/\/jecza.ro\/index.php\/2009-2\/#breadcrumb"},"inLanguage":"en-US","potentialAction":[{"@type":"ReadAction","target":["https:\/\/jecza.ro\/index.php\/2009-2\/"]}]},{"@type":"ImageObject","inLanguage":"en-US","@id":"https:\/\/jecza.ro\/index.php\/2009-2\/#primaryimage","url":"https:\/\/jecza.ro\/wp-content\/uploads\/2025\/02\/2009.jpg","contentUrl":"https:\/\/jecza.ro\/wp-content\/uploads\/2025\/02\/2009.jpg","width":767,"height":700},{"@type":"BreadcrumbList","@id":"https:\/\/jecza.ro\/index.php\/2009-2\/#breadcrumb","itemListElement":[{"@type":"ListItem","position":1,"name":"Home","item":"https:\/\/jecza.ro\/"},{"@type":"ListItem","position":2,"name":"2009\u200b"}]},{"@type":"WebSite","@id":"https:\/\/jecza.ro\/#website","url":"https:\/\/jecza.ro\/","name":"Jecza Museum","description":"","publisher":{"@id":"https:\/\/jecza.ro\/#organization"},"potentialAction":[{"@type":"SearchAction","target":{"@type":"EntryPoint","urlTemplate":"https:\/\/jecza.ro\/?s={search_term_string}"},"query-input":{"@type":"PropertyValueSpecification","valueRequired":true,"valueName":"search_term_string"}}],"inLanguage":"en-US"},{"@type":"Organization","@id":"https:\/\/jecza.ro\/#organization","name":"Jecza Museum","url":"https:\/\/jecza.ro\/","logo":{"@type":"ImageObject","inLanguage":"en-US","@id":"https:\/\/jecza.ro\/#\/schema\/logo\/image\/","url":"https:\/\/jecza.ro\/wp-content\/uploads\/2024\/11\/cropped-Jecza-museum-logo-white.png","contentUrl":"https:\/\/jecza.ro\/wp-content\/uploads\/2024\/11\/cropped-Jecza-museum-logo-white.png","width":512,"height":512,"caption":"Jecza Museum"},"image":{"@id":"https:\/\/jecza.ro\/#\/schema\/logo\/image\/"}}]}},"campaignId":"","_links":{"self":[{"href":"https:\/\/jecza.ro\/index.php\/wp-json\/wp\/v2\/pages\/7178","targetHints":{"allow":["GET"]}}],"collection":[{"href":"https:\/\/jecza.ro\/index.php\/wp-json\/wp\/v2\/pages"}],"about":[{"href":"https:\/\/jecza.ro\/index.php\/wp-json\/wp\/v2\/types\/page"}],"author":[{"embeddable":true,"href":"https:\/\/jecza.ro\/index.php\/wp-json\/wp\/v2\/users\/2"}],"replies":[{"embeddable":true,"href":"https:\/\/jecza.ro\/index.php\/wp-json\/wp\/v2\/comments?post=7178"}],"version-history":[{"count":7,"href":"https:\/\/jecza.ro\/index.php\/wp-json\/wp\/v2\/pages\/7178\/revisions"}],"predecessor-version":[{"id":7343,"href":"https:\/\/jecza.ro\/index.php\/wp-json\/wp\/v2\/pages\/7178\/revisions\/7343"}],"wp:attachment":[{"href":"https:\/\/jecza.ro\/index.php\/wp-json\/wp\/v2\/media?parent=7178"}],"curies":[{"name":"wp","href":"https:\/\/api.w.org\/{rel}","templated":true}]}}