{"id":6858,"date":"2025-02-03T14:02:44","date_gmt":"2025-02-03T14:02:44","guid":{"rendered":"https:\/\/dev.cm.upt.ro\/jecza\/?page_id=6858"},"modified":"2025-02-09T20:18:55","modified_gmt":"2025-02-09T20:18:55","slug":"1946-1953","status":"publish","type":"page","link":"https:\/\/jecza.ro\/index.php\/1946-1953\/","title":{"rendered":"1946-1953"},"content":{"rendered":"\t\t<div data-elementor-type=\"wp-page\" data-elementor-id=\"6858\" class=\"elementor elementor-6858\">\n\t\t\t\t\t\t<section class=\"elementor-section elementor-top-section elementor-element elementor-element-9310eef elementor-section-boxed elementor-section-height-default elementor-section-height-default\" data-id=\"9310eef\" data-element_type=\"section\">\n\t\t\t\t\t\t<div class=\"elementor-container elementor-column-gap-default\">\n\t\t\t\t\t<div class=\"elementor-column elementor-col-66 elementor-top-column elementor-element elementor-element-1d29ff6\" data-id=\"1d29ff6\" data-element_type=\"column\">\n\t\t\t<div class=\"elementor-widget-wrap elementor-element-populated\">\n\t\t\t\t\t\t<section class=\"elementor-section elementor-inner-section elementor-element elementor-element-cb19368 elementor-section-boxed elementor-section-height-default elementor-section-height-default\" data-id=\"cb19368\" data-element_type=\"section\">\n\t\t\t\t\t\t<div class=\"elementor-container elementor-column-gap-default\">\n\t\t\t\t\t<div class=\"elementor-column elementor-col-50 elementor-inner-column elementor-element elementor-element-5729d70\" data-id=\"5729d70\" data-element_type=\"column\">\n\t\t\t<div class=\"elementor-widget-wrap elementor-element-populated\">\n\t\t\t\t\t\t<div class=\"elementor-element elementor-element-709ae1d elementor-widget elementor-widget-image\" data-id=\"709ae1d\" data-element_type=\"widget\" data-widget_type=\"image.default\">\n\t\t\t\t<div class=\"elementor-widget-container\">\n\t\t\t\t\t\t\t\t\t\t\t\t\t\t\t<img fetchpriority=\"high\" decoding=\"async\" width=\"767\" height=\"700\" src=\"https:\/\/jecza.ro\/wp-content\/uploads\/2025\/02\/1946-1953.jpg\" class=\"attachment-full size-full wp-image-7205\" alt=\"\" srcset=\"https:\/\/jecza.ro\/wp-content\/uploads\/2025\/02\/1946-1953.jpg 767w, https:\/\/jecza.ro\/wp-content\/uploads\/2025\/02\/1946-1953-300x274.jpg 300w, https:\/\/jecza.ro\/wp-content\/uploads\/2025\/02\/1946-1953-600x548.jpg 600w\" sizes=\"(max-width: 767px) 100vw, 767px\" \/>\t\t\t\t\t\t\t\t\t\t\t\t\t\t\t<\/div>\n\t\t\t\t<\/div>\n\t\t\t\t\t<\/div>\n\t\t<\/div>\n\t\t\t\t<div class=\"elementor-column elementor-col-50 elementor-inner-column elementor-element elementor-element-a29e450\" data-id=\"a29e450\" data-element_type=\"column\">\n\t\t\t<div class=\"elementor-widget-wrap elementor-element-populated\">\n\t\t\t\t\t\t<div class=\"elementor-element elementor-element-63b9156 elementor-widget elementor-widget-text-editor\" data-id=\"63b9156\" data-element_type=\"widget\" data-widget_type=\"text-editor.default\">\n\t\t\t\t<div class=\"elementor-widget-container\">\n\t\t\t\t\t\t\t\t\t<p style=\"text-align: justify;\">Sincopele timpului se reflectau \u00een toate: am \u00eenceput <strong>\u015fcoala catolic\u0103<\/strong>, dar, pe la mijlocul clasei a IV-a, odat\u0103 cu reforma \u00eenv\u0103\u0163\u0103m\u00e2ntului, \u015fcoala a devenit \u201ede stat\u201c. Maicile \u015fi-au schimbat uniforma, a fost scoas\u0103 slujba mic\u0103, manualele au fost puse deoparte.\u00a0<\/p><p style=\"text-align: justify;\">Noi \u00eens\u0103, av\u00e2nd a\u015fa-numita \u201eorigine s\u0103n\u0103toas\u0103\u201c, am beneficiat de <strong>mici privilegii<\/strong>: <em>stimula\u0163i s\u0103 juc\u0103m tenis, am primit rachete de la club, am fost \u00eenscri\u015fi la \u201eConservator\u201c \u2013 un fel de \u015fcoal\u0103 popular\u0103 de art\u0103 unde \u00eenv\u0103\u0163am vioar\u0103<\/em>&#8230;<\/p>\t\t\t\t\t\t\t\t<\/div>\n\t\t\t\t<\/div>\n\t\t\t\t\t<\/div>\n\t\t<\/div>\n\t\t\t\t\t<\/div>\n\t\t<\/section>\n\t\t\t\t\t<\/div>\n\t\t<\/div>\n\t\t\t\t<div class=\"elementor-column elementor-col-33 elementor-top-column elementor-element elementor-element-ebcd925\" data-id=\"ebcd925\" data-element_type=\"column\">\n\t\t\t<div class=\"elementor-widget-wrap elementor-element-populated\">\n\t\t\t\t\t\t<div class=\"elementor-element elementor-element-e72d86d elementor-widget elementor-widget-heading\" data-id=\"e72d86d\" data-element_type=\"widget\" data-widget_type=\"heading.default\">\n\t\t\t\t<div class=\"elementor-widget-container\">\n\t\t\t\t\t<h4 class=\"elementor-heading-title elementor-size-default\">Perioade<\/h4>\t\t\t\t<\/div>\n\t\t\t\t<\/div>\n\t\t\t\t<div class=\"elementor-element elementor-element-fb6675e elementor-widget elementor-widget-ova_menu_page\" data-id=\"fb6675e\" data-element_type=\"widget\" data-widget_type=\"ova_menu_page.default\">\n\t\t\t\t<div class=\"elementor-widget-container\">\n\t\t\t\t\t\t\t<div class=\"ova_menu_page\">\n\t\t\t<ul id=\"menu-meniu-biografie\" class=\"menu\"><li id=\"menu-item-6936\" class=\"menu-item menu-item-type-post_type menu-item-object-page menu-item-6936 dropdown\"><a href=\"https:\/\/jecza.ro\/index.php\/1939-1946\/\" class=\"col_heading\">1939-1946<\/a><\/li><li id=\"menu-item-7196\" class=\"menu-item menu-item-type-post_type menu-item-object-page menu-item-7196 dropdown\"><a href=\"https:\/\/jecza.ro\/index.php\/1946-1953\/\" class=\"col_heading\">1946-1953<\/a><\/li><li id=\"menu-item-7197\" class=\"menu-item menu-item-type-post_type menu-item-object-page menu-item-7197 dropdown\"><a href=\"https:\/\/jecza.ro\/index.php\/1953-1957\/\" class=\"col_heading\">1953-1957<\/a><\/li><li id=\"menu-item-7195\" class=\"menu-item menu-item-type-post_type menu-item-object-page menu-item-7195 dropdown\"><a href=\"https:\/\/jecza.ro\/index.php\/1957-1963\/\" class=\"col_heading\">1957-1963\u200b<\/a><\/li><li id=\"menu-item-7194\" class=\"menu-item menu-item-type-post_type menu-item-object-page menu-item-7194 dropdown\"><a href=\"https:\/\/jecza.ro\/index.php\/1963-1968\/\" class=\"col_heading\">1963-1968\u200b<\/a><\/li><li id=\"menu-item-7193\" class=\"menu-item menu-item-type-post_type menu-item-object-page menu-item-7193 dropdown\"><a href=\"https:\/\/jecza.ro\/index.php\/1968-1972\/\" class=\"col_heading\">1968-1972\u200b<\/a><\/li><li id=\"menu-item-7192\" class=\"menu-item menu-item-type-post_type menu-item-object-page menu-item-7192 dropdown\"><a href=\"https:\/\/jecza.ro\/index.php\/1972-1978\/\" class=\"col_heading\">1972-1978\u200b<\/a><\/li><li id=\"menu-item-7191\" class=\"menu-item menu-item-type-post_type menu-item-object-page menu-item-7191 dropdown\"><a href=\"https:\/\/jecza.ro\/index.php\/1978-1982\/\" class=\"col_heading\">1978-1982<\/a><\/li><li id=\"menu-item-7190\" class=\"menu-item menu-item-type-post_type menu-item-object-page menu-item-7190 dropdown\"><a href=\"https:\/\/jecza.ro\/index.php\/1982-1986\/\" class=\"col_heading\">1982-1986\u200b<\/a><\/li><li id=\"menu-item-7189\" class=\"menu-item menu-item-type-post_type menu-item-object-page menu-item-7189 dropdown\"><a href=\"https:\/\/jecza.ro\/index.php\/1987-2000\/\" class=\"col_heading\">1987-2000<\/a><\/li><li id=\"menu-item-7188\" class=\"menu-item menu-item-type-post_type menu-item-object-page menu-item-7188 dropdown\"><a href=\"https:\/\/jecza.ro\/index.php\/2000-2009\/\" class=\"col_heading\">2000-2009<\/a><\/li><li id=\"menu-item-7187\" class=\"menu-item menu-item-type-post_type menu-item-object-page menu-item-7187 dropdown\"><a href=\"https:\/\/jecza.ro\/index.php\/2009-2\/\" class=\"col_heading\">2009\u200b<\/a><\/li><\/ul>\t\t<\/div>\n\t\t\t\t\t\t<\/div>\n\t\t\t\t<\/div>\n\t\t\t\t\t<\/div>\n\t\t<\/div>\n\t\t\t\t\t<\/div>\n\t\t<\/section>\n\t\t\t\t<section class=\"elementor-section elementor-top-section elementor-element elementor-element-7088b0f elementor-section-boxed elementor-section-height-default elementor-section-height-default\" data-id=\"7088b0f\" data-element_type=\"section\">\n\t\t\t\t\t\t<div class=\"elementor-container elementor-column-gap-default\">\n\t\t\t\t\t<div class=\"elementor-column elementor-col-100 elementor-top-column elementor-element elementor-element-86c6463\" data-id=\"86c6463\" data-element_type=\"column\">\n\t\t\t<div class=\"elementor-widget-wrap elementor-element-populated\">\n\t\t\t\t\t\t<div class=\"elementor-element elementor-element-cc5c227 elementor-widget elementor-widget-text-editor\" data-id=\"cc5c227\" data-element_type=\"widget\" data-widget_type=\"text-editor.default\">\n\t\t\t\t<div class=\"elementor-widget-container\">\n\t\t\t\t\t\t\t\t\t<p style=\"text-align: justify;\">Abia adolescent, prin clasa a VII-a, am realizat condi\u0163ia familiei mele: p\u0103rin\u0163ii munceau \u00een trei schimburi, ca s\u0103 ne poat\u0103 supraveghea pe cei trei b\u0103ie\u0163i, tata economisea laptele primit la fabric\u0103 pentru toxicitate, ca s\u0103 ni-l aduc\u0103 acas\u0103, nou\u0103, copiilor, sau st\u0103tea la coad\u0103 de la ora 4 diminea\u0163a ca s\u0103 putem m\u00e2nca sup\u0103 de vit\u0103. \u015ei asta doar duminica, pentru c\u0103, \u00een rest, mama s-a perfec\u0163ionat \u00een diverse \u201emeniuri\u201c cu carne de iepure.<br \/>Din perioada copil\u0103riei, \u0163in minte c\u00e2teva figuri. Prezen\u0163a lor m-a marcat, pentru c\u0103 aducea un fel de \u201eblazon\u201c \u00een orizontul vie\u0163ii noastre.<br \/>Prima gazd\u0103 a p\u0103rin\u0163ilor mei a fost familia J\u00e1nosi. R\u0103mas v\u0103duv, J\u00e1nosi b\u00e1csi a venit s\u0103 m\u0103n\u00e2nce cu noi. La \u00eenceput, zilnic, apoi doar duminica. J\u00e1nosi b\u00e1csi era consilier la prim\u0103rie, un domn cu bibliotec\u0103 \u015fi colec\u0163ie de timbre. Avea cel pu\u0163in 20 de clasoare. De la el am auzit de \u0163\u0103ri cu nume exotice \u2013 Venezuela, Panama, Vatican&#8230; Seri \u00eentregi ne povestea despre timbre. Primul clasor de la el l-am avut, dar timbre nu ne d\u0103dea. Zg\u00e2rcenie. Atunci a\u015fa mi s-a p\u0103rut. Acum \u015ftiu c\u0103 era mai mult \u2013 pasiune de colec\u0163ionar. De ne\u00eemp\u0103r\u0163it.<br \/>Walther b\u00e1csi a venit \u00een curtea noastr\u0103 de la Bra\u015fov. P\u0103rin\u0163ii lui porniser\u0103 de jos, ca brutari. Aveau brut\u0103rie \u00een Bra\u015fov. Lucrau toat\u0103 noaptea, ca diminea\u0163a v\u00e2nz\u0103torii ambulan\u0163i s\u0103 poat\u0103 duce brio\u015fele \u015fi cornurile calde. Din covrigi \u015fi din franzele, Walther a ajuns s\u0103 fac\u0103 \u015fcoal\u0103 \u00een Germania. S-a \u00eentors la Bra\u015fov func\u0163ionar de banc\u0103. A ajuns apoi director, \u015fi-a construit cas\u0103 cu patru nivele. Copiii lui aveau primele motociclete din ora\u015f. Copii \u015fcoli\u0163i \u2013 unul doctor, altul arhitect. Vacan\u0163e \u00een Italia, Fran\u0163a, imortalizate \u00een fotografii str\u00e2nse \u00een albume.<\/p>\t\t\t\t\t\t\t\t<\/div>\n\t\t\t\t<\/div>\n\t\t\t\t<div class=\"elementor-element elementor-element-47046a1 elementor-widget elementor-widget-text-editor\" data-id=\"47046a1\" data-element_type=\"widget\" data-widget_type=\"text-editor.default\">\n\t\t\t\t<div class=\"elementor-widget-container\">\n\t\t\t\t\t\t\t\t\t<p style=\"text-align: justify;\">Schimbarea regimului l-a declarat exploatator. Dat afar\u0103 din ora\u015f. \u00centr-un camion au fost nevoi\u0163i s\u0103-\u015fi \u00eencarce ce lucruri au putut. \u015ei cum cel mai apropiat ora\u015f de Bra\u015fov a fost Sf\u00e2ntu-Gheorghe, acolo s-au oprit, la Kis \u00c1rpadne, gazda noastr\u0103 de-a doua, dup\u0103 J\u00e1nosi b\u00e1csi. Kis \u00c1rpad avusese b\u0103c\u0103nie. I-au r\u0103mas casele, patru, cu curte mare la mijloc, cu depozite din piatr\u0103. (\u00cen Sf. Gheorghe epur\u0103rile nu au fost a\u015fa dure \u2013 doar lui Fogolyan Doktor-ur i-au luat sanatoriul cu tot ce avea). Cu Walther b\u00e1csi \u00een curte, ne-am trezit \u015fi noi ni\u015fte \u201edomni\u201c. Casa noastr\u0103, ce avea dou\u0103 camere, s-a umplut cu mobilier: fotolii mari, din piele, un birou enorm, cioplit din lemn de nuc. Dulapurile, biblioteca, c\u0103r\u0163ile, lexicoanele frumos legate, albumele de art\u0103, l\u0103zile au ajuns \u00een podul casei. Zon\u0103 prohibit\u0103 pentru noi, copiii. Doar Walther b\u00e1csi avea acolo acces. Odat\u0103, l-am v\u0103zut cobor\u00e2nd cu o cutie plin\u0103 cu ceasuri \u015fi cu un potir. Mai vindea c\u00e2te ceva. Alt venit nu avea.<br \/>Walther b\u00e1csi a adus o Europ\u0103 cosmopolit\u0103 \u00een curtea casei. Fotografii cu femei elegante, automobile luxoase, vacan\u0163e. Domni \u00een costume de tenis sau schi. De la Walther b\u00e1csi am primit primele schiuri cu canturi metalice. Tenisul \u00eens\u0103 a venit mai mult pe linia vecin\u0103t\u0103\u0163ii cu terenujl de tenis \u015fi a \u201epropagandei\u201c, care voia s\u0103 \u201eridice\u201c copiii de muncitori. La \u00eenceput, copil de mingi la Clubul sportiv \u201eTextila\u201c, am \u00eenceput apoi s\u0103 joc \u015fi cu copii mai buni: cu b\u0103iatul doctorului Fekete, cu fiii radiologului Olteanu. Ilie, mai ales, era foarte bun. Cu Gheorghe, fratele s\u0103u mai mic, m-am reg\u0103sit, nu de mult, la Heidelberg. Aflase c\u0103 am o expozi\u0163ie acolo \u015fi m-a sunat. El tr\u0103ie\u015fte \u00een Baden-Baden, unde are o clinic\u0103. <br \/>\u00cen\u0163elepciunea, demnitatea, cultura acestor oameni c\u0103zu\u0163i din statutul lor anterior s-au grefat perfect pe omenia \u015fi bunul-sim\u0163 al oamenilor care i-au primit \u015fi ocrotit. De aceea, noi, copiii, nu am sim\u0163it anormalitatea amalgam\u0103rii. O singur\u0103 femeie m-a f\u0103cut s\u0103 intuiesc nefirescul. Era l\u0103pt\u0103reasa noastr\u0103. Venea diminea\u0163a la poarta casei, cu o platform\u0103 cu cal \u015fi aducea lapte. Aerul ei, \u00eembr\u0103c\u0103mintea \u2013 \u00eenc\u0103 foarte bun\u0103 -, \u0163inuta, privirea, nu \u015ftiu ce m\u0103 f\u0103cea s\u0103-mi fie ru\u015fine c\u0103 ne aduce laptele. T\u00e2rziu, am aflat c\u0103 era descendenta unor grofi, nobili locali, cu cas\u0103 mare de piatr\u0103 pe deal, care mai e \u015fi ast\u0103zi.<\/p>\t\t\t\t\t\t\t\t<\/div>\n\t\t\t\t<\/div>\n\t\t\t\t\t<\/div>\n\t\t<\/div>\n\t\t\t\t\t<\/div>\n\t\t<\/section>\n\t\t\t\t<section class=\"elementor-section elementor-top-section elementor-element elementor-element-22927f2 elementor-section-boxed elementor-section-height-default elementor-section-height-default\" data-id=\"22927f2\" data-element_type=\"section\">\n\t\t\t\t\t\t<div class=\"elementor-container elementor-column-gap-default\">\n\t\t\t\t\t<div class=\"elementor-column elementor-col-50 elementor-top-column elementor-element elementor-element-67cefa4\" data-id=\"67cefa4\" data-element_type=\"column\">\n\t\t\t<div class=\"elementor-widget-wrap elementor-element-populated\">\n\t\t\t\t\t\t<div class=\"elementor-element elementor-element-d8143d3 elementor-widget elementor-widget-image\" data-id=\"d8143d3\" data-element_type=\"widget\" data-widget_type=\"image.default\">\n\t\t\t\t<div class=\"elementor-widget-container\">\n\t\t\t\t\t\t\t\t\t\t\t\t\t\t\t<img decoding=\"async\" width=\"1024\" height=\"656\" src=\"https:\/\/jecza.ro\/wp-content\/uploads\/2025\/02\/06_Intre-copii-la-Clubul-Textila_1951-52-1024x656.jpg\" class=\"attachment-large size-large wp-image-7206\" alt=\"\" srcset=\"https:\/\/jecza.ro\/wp-content\/uploads\/2025\/02\/06_Intre-copii-la-Clubul-Textila_1951-52-1024x656.jpg 1024w, https:\/\/jecza.ro\/wp-content\/uploads\/2025\/02\/06_Intre-copii-la-Clubul-Textila_1951-52-300x192.jpg 300w, https:\/\/jecza.ro\/wp-content\/uploads\/2025\/02\/06_Intre-copii-la-Clubul-Textila_1951-52-768x492.jpg 768w, https:\/\/jecza.ro\/wp-content\/uploads\/2025\/02\/06_Intre-copii-la-Clubul-Textila_1951-52-600x384.jpg 600w, https:\/\/jecza.ro\/wp-content\/uploads\/2025\/02\/06_Intre-copii-la-Clubul-Textila_1951-52.jpg 1500w\" sizes=\"(max-width: 1024px) 100vw, 1024px\" \/>\t\t\t\t\t\t\t\t\t\t\t\t\t\t\t<\/div>\n\t\t\t\t<\/div>\n\t\t\t\t\t<\/div>\n\t\t<\/div>\n\t\t\t\t<div class=\"elementor-column elementor-col-50 elementor-top-column elementor-element elementor-element-c3ff14f\" data-id=\"c3ff14f\" data-element_type=\"column\">\n\t\t\t<div class=\"elementor-widget-wrap elementor-element-populated\">\n\t\t\t\t\t\t<div class=\"elementor-element elementor-element-fe4b11c elementor-widget elementor-widget-image\" data-id=\"fe4b11c\" data-element_type=\"widget\" data-widget_type=\"image.default\">\n\t\t\t\t<div class=\"elementor-widget-container\">\n\t\t\t\t\t\t\t\t\t\t\t\t\t\t\t<img decoding=\"async\" width=\"1024\" height=\"645\" src=\"https:\/\/jecza.ro\/wp-content\/uploads\/2025\/02\/07_Liceul-unde-a-urmat-primele-clase-1024x645.jpg\" class=\"attachment-large size-large wp-image-7207\" alt=\"\" srcset=\"https:\/\/jecza.ro\/wp-content\/uploads\/2025\/02\/07_Liceul-unde-a-urmat-primele-clase-1024x645.jpg 1024w, https:\/\/jecza.ro\/wp-content\/uploads\/2025\/02\/07_Liceul-unde-a-urmat-primele-clase-300x189.jpg 300w, https:\/\/jecza.ro\/wp-content\/uploads\/2025\/02\/07_Liceul-unde-a-urmat-primele-clase-768x484.jpg 768w, https:\/\/jecza.ro\/wp-content\/uploads\/2025\/02\/07_Liceul-unde-a-urmat-primele-clase-600x378.jpg 600w, https:\/\/jecza.ro\/wp-content\/uploads\/2025\/02\/07_Liceul-unde-a-urmat-primele-clase.jpg 1500w\" sizes=\"(max-width: 1024px) 100vw, 1024px\" \/>\t\t\t\t\t\t\t\t\t\t\t\t\t\t\t<\/div>\n\t\t\t\t<\/div>\n\t\t\t\t\t<\/div>\n\t\t<\/div>\n\t\t\t\t\t<\/div>\n\t\t<\/section>\n\t\t\t\t<\/div>\n\t\t","protected":false},"excerpt":{"rendered":"<p>Sincopele timpului se reflectau \u00een toate: am \u00eenceput \u015fcoala catolic\u0103, dar, pe la mijlocul clasei a IV-a, odat\u0103 cu reforma \u00eenv\u0103\u0163\u0103m\u00e2ntului, \u015fcoala a devenit \u201ede stat\u201c. Maicile \u015fi-au schimbat uniforma, a fost scoas\u0103 slujba mic\u0103, manualele au fost puse deoparte.\u00a0 Noi \u00eens\u0103, av\u00e2nd a\u015fa-numita \u201eorigine s\u0103n\u0103toas\u0103\u201c, am beneficiat de mici privilegii: stimula\u0163i s\u0103 juc\u0103m tenis, [&hellip;]<\/p>\n","protected":false},"author":2,"featured_media":0,"parent":0,"menu_order":0,"comment_status":"closed","ping_status":"closed","template":"","meta":{"_acf_changed":false,"give_campaign_id":0,"footnotes":""},"class_list":["post-6858","page","type-page","status-publish","hentry"],"acf":[],"yoast_head":"<!-- This site is optimized with the Yoast SEO plugin v25.3.1 - https:\/\/yoast.com\/wordpress\/plugins\/seo\/ -->\n<title>1946-1953 - Jecza Museum<\/title>\n<meta name=\"robots\" content=\"index, follow, max-snippet:-1, max-image-preview:large, max-video-preview:-1\" \/>\n<link rel=\"canonical\" href=\"https:\/\/jecza.ro\/index.php\/1946-1953\/\" \/>\n<meta property=\"og:locale\" content=\"en_US\" \/>\n<meta property=\"og:type\" content=\"article\" \/>\n<meta property=\"og:title\" content=\"1946-1953 - Jecza Museum\" \/>\n<meta property=\"og:description\" content=\"Sincopele timpului se reflectau \u00een toate: am \u00eenceput \u015fcoala catolic\u0103, dar, pe la mijlocul clasei a IV-a, odat\u0103 cu reforma \u00eenv\u0103\u0163\u0103m\u00e2ntului, \u015fcoala a devenit \u201ede stat\u201c. Maicile \u015fi-au schimbat uniforma, a fost scoas\u0103 slujba mic\u0103, manualele au fost puse deoparte.\u00a0 Noi \u00eens\u0103, av\u00e2nd a\u015fa-numita \u201eorigine s\u0103n\u0103toas\u0103\u201c, am beneficiat de mici privilegii: stimula\u0163i s\u0103 juc\u0103m tenis, [&hellip;]\" \/>\n<meta property=\"og:url\" content=\"https:\/\/jecza.ro\/index.php\/1946-1953\/\" \/>\n<meta property=\"og:site_name\" content=\"Jecza Museum\" \/>\n<meta property=\"article:modified_time\" content=\"2025-02-09T20:18:55+00:00\" \/>\n<meta property=\"og:image\" content=\"https:\/\/jecza.ro\/wp-content\/uploads\/2025\/02\/1946-1953.jpg\" \/>\n\t<meta property=\"og:image:width\" content=\"767\" \/>\n\t<meta property=\"og:image:height\" content=\"700\" \/>\n\t<meta property=\"og:image:type\" content=\"image\/jpeg\" \/>\n<meta name=\"twitter:card\" content=\"summary_large_image\" \/>\n<meta name=\"twitter:label1\" content=\"Est. reading time\" \/>\n\t<meta name=\"twitter:data1\" content=\"4 minutes\" \/>\n<script type=\"application\/ld+json\" class=\"yoast-schema-graph\">{\"@context\":\"https:\/\/schema.org\",\"@graph\":[{\"@type\":\"WebPage\",\"@id\":\"https:\/\/jecza.ro\/index.php\/1946-1953\/\",\"url\":\"https:\/\/jecza.ro\/index.php\/1946-1953\/\",\"name\":\"1946-1953 - Jecza Museum\",\"isPartOf\":{\"@id\":\"https:\/\/jecza.ro\/#website\"},\"primaryImageOfPage\":{\"@id\":\"https:\/\/jecza.ro\/index.php\/1946-1953\/#primaryimage\"},\"image\":{\"@id\":\"https:\/\/jecza.ro\/index.php\/1946-1953\/#primaryimage\"},\"thumbnailUrl\":\"https:\/\/jecza.ro\/wp-content\/uploads\/2025\/02\/1946-1953.jpg\",\"datePublished\":\"2025-02-03T14:02:44+00:00\",\"dateModified\":\"2025-02-09T20:18:55+00:00\",\"breadcrumb\":{\"@id\":\"https:\/\/jecza.ro\/index.php\/1946-1953\/#breadcrumb\"},\"inLanguage\":\"en-US\",\"potentialAction\":[{\"@type\":\"ReadAction\",\"target\":[\"https:\/\/jecza.ro\/index.php\/1946-1953\/\"]}]},{\"@type\":\"ImageObject\",\"inLanguage\":\"en-US\",\"@id\":\"https:\/\/jecza.ro\/index.php\/1946-1953\/#primaryimage\",\"url\":\"https:\/\/jecza.ro\/wp-content\/uploads\/2025\/02\/1946-1953.jpg\",\"contentUrl\":\"https:\/\/jecza.ro\/wp-content\/uploads\/2025\/02\/1946-1953.jpg\",\"width\":767,\"height\":700},{\"@type\":\"BreadcrumbList\",\"@id\":\"https:\/\/jecza.ro\/index.php\/1946-1953\/#breadcrumb\",\"itemListElement\":[{\"@type\":\"ListItem\",\"position\":1,\"name\":\"Home\",\"item\":\"https:\/\/jecza.ro\/\"},{\"@type\":\"ListItem\",\"position\":2,\"name\":\"1946-1953\"}]},{\"@type\":\"WebSite\",\"@id\":\"https:\/\/jecza.ro\/#website\",\"url\":\"https:\/\/jecza.ro\/\",\"name\":\"Jecza Museum\",\"description\":\"\",\"publisher\":{\"@id\":\"https:\/\/jecza.ro\/#organization\"},\"potentialAction\":[{\"@type\":\"SearchAction\",\"target\":{\"@type\":\"EntryPoint\",\"urlTemplate\":\"https:\/\/jecza.ro\/?s={search_term_string}\"},\"query-input\":{\"@type\":\"PropertyValueSpecification\",\"valueRequired\":true,\"valueName\":\"search_term_string\"}}],\"inLanguage\":\"en-US\"},{\"@type\":\"Organization\",\"@id\":\"https:\/\/jecza.ro\/#organization\",\"name\":\"Jecza Museum\",\"url\":\"https:\/\/jecza.ro\/\",\"logo\":{\"@type\":\"ImageObject\",\"inLanguage\":\"en-US\",\"@id\":\"https:\/\/jecza.ro\/#\/schema\/logo\/image\/\",\"url\":\"https:\/\/jecza.ro\/wp-content\/uploads\/2024\/11\/cropped-Jecza-museum-logo-white.png\",\"contentUrl\":\"https:\/\/jecza.ro\/wp-content\/uploads\/2024\/11\/cropped-Jecza-museum-logo-white.png\",\"width\":512,\"height\":512,\"caption\":\"Jecza Museum\"},\"image\":{\"@id\":\"https:\/\/jecza.ro\/#\/schema\/logo\/image\/\"}}]}<\/script>\n<!-- \/ Yoast SEO plugin. -->","yoast_head_json":{"title":"1946-1953 - Jecza Museum","robots":{"index":"index","follow":"follow","max-snippet":"max-snippet:-1","max-image-preview":"max-image-preview:large","max-video-preview":"max-video-preview:-1"},"canonical":"https:\/\/jecza.ro\/index.php\/1946-1953\/","og_locale":"en_US","og_type":"article","og_title":"1946-1953 - Jecza Museum","og_description":"Sincopele timpului se reflectau \u00een toate: am \u00eenceput \u015fcoala catolic\u0103, dar, pe la mijlocul clasei a IV-a, odat\u0103 cu reforma \u00eenv\u0103\u0163\u0103m\u00e2ntului, \u015fcoala a devenit \u201ede stat\u201c. Maicile \u015fi-au schimbat uniforma, a fost scoas\u0103 slujba mic\u0103, manualele au fost puse deoparte.\u00a0 Noi \u00eens\u0103, av\u00e2nd a\u015fa-numita \u201eorigine s\u0103n\u0103toas\u0103\u201c, am beneficiat de mici privilegii: stimula\u0163i s\u0103 juc\u0103m tenis, [&hellip;]","og_url":"https:\/\/jecza.ro\/index.php\/1946-1953\/","og_site_name":"Jecza Museum","article_modified_time":"2025-02-09T20:18:55+00:00","og_image":[{"width":767,"height":700,"url":"https:\/\/jecza.ro\/wp-content\/uploads\/2025\/02\/1946-1953.jpg","type":"image\/jpeg"}],"twitter_card":"summary_large_image","twitter_misc":{"Est. reading time":"4 minutes"},"schema":{"@context":"https:\/\/schema.org","@graph":[{"@type":"WebPage","@id":"https:\/\/jecza.ro\/index.php\/1946-1953\/","url":"https:\/\/jecza.ro\/index.php\/1946-1953\/","name":"1946-1953 - Jecza Museum","isPartOf":{"@id":"https:\/\/jecza.ro\/#website"},"primaryImageOfPage":{"@id":"https:\/\/jecza.ro\/index.php\/1946-1953\/#primaryimage"},"image":{"@id":"https:\/\/jecza.ro\/index.php\/1946-1953\/#primaryimage"},"thumbnailUrl":"https:\/\/jecza.ro\/wp-content\/uploads\/2025\/02\/1946-1953.jpg","datePublished":"2025-02-03T14:02:44+00:00","dateModified":"2025-02-09T20:18:55+00:00","breadcrumb":{"@id":"https:\/\/jecza.ro\/index.php\/1946-1953\/#breadcrumb"},"inLanguage":"en-US","potentialAction":[{"@type":"ReadAction","target":["https:\/\/jecza.ro\/index.php\/1946-1953\/"]}]},{"@type":"ImageObject","inLanguage":"en-US","@id":"https:\/\/jecza.ro\/index.php\/1946-1953\/#primaryimage","url":"https:\/\/jecza.ro\/wp-content\/uploads\/2025\/02\/1946-1953.jpg","contentUrl":"https:\/\/jecza.ro\/wp-content\/uploads\/2025\/02\/1946-1953.jpg","width":767,"height":700},{"@type":"BreadcrumbList","@id":"https:\/\/jecza.ro\/index.php\/1946-1953\/#breadcrumb","itemListElement":[{"@type":"ListItem","position":1,"name":"Home","item":"https:\/\/jecza.ro\/"},{"@type":"ListItem","position":2,"name":"1946-1953"}]},{"@type":"WebSite","@id":"https:\/\/jecza.ro\/#website","url":"https:\/\/jecza.ro\/","name":"Jecza Museum","description":"","publisher":{"@id":"https:\/\/jecza.ro\/#organization"},"potentialAction":[{"@type":"SearchAction","target":{"@type":"EntryPoint","urlTemplate":"https:\/\/jecza.ro\/?s={search_term_string}"},"query-input":{"@type":"PropertyValueSpecification","valueRequired":true,"valueName":"search_term_string"}}],"inLanguage":"en-US"},{"@type":"Organization","@id":"https:\/\/jecza.ro\/#organization","name":"Jecza Museum","url":"https:\/\/jecza.ro\/","logo":{"@type":"ImageObject","inLanguage":"en-US","@id":"https:\/\/jecza.ro\/#\/schema\/logo\/image\/","url":"https:\/\/jecza.ro\/wp-content\/uploads\/2024\/11\/cropped-Jecza-museum-logo-white.png","contentUrl":"https:\/\/jecza.ro\/wp-content\/uploads\/2024\/11\/cropped-Jecza-museum-logo-white.png","width":512,"height":512,"caption":"Jecza Museum"},"image":{"@id":"https:\/\/jecza.ro\/#\/schema\/logo\/image\/"}}]}},"campaignId":"","_links":{"self":[{"href":"https:\/\/jecza.ro\/index.php\/wp-json\/wp\/v2\/pages\/6858","targetHints":{"allow":["GET"]}}],"collection":[{"href":"https:\/\/jecza.ro\/index.php\/wp-json\/wp\/v2\/pages"}],"about":[{"href":"https:\/\/jecza.ro\/index.php\/wp-json\/wp\/v2\/types\/page"}],"author":[{"embeddable":true,"href":"https:\/\/jecza.ro\/index.php\/wp-json\/wp\/v2\/users\/2"}],"replies":[{"embeddable":true,"href":"https:\/\/jecza.ro\/index.php\/wp-json\/wp\/v2\/comments?post=6858"}],"version-history":[{"count":7,"href":"https:\/\/jecza.ro\/index.php\/wp-json\/wp\/v2\/pages\/6858\/revisions"}],"predecessor-version":[{"id":7210,"href":"https:\/\/jecza.ro\/index.php\/wp-json\/wp\/v2\/pages\/6858\/revisions\/7210"}],"wp:attachment":[{"href":"https:\/\/jecza.ro\/index.php\/wp-json\/wp\/v2\/media?parent=6858"}],"curies":[{"name":"wp","href":"https:\/\/api.w.org\/{rel}","templated":true}]}}