{"id":6759,"date":"2025-02-03T04:05:18","date_gmt":"2025-02-03T04:05:18","guid":{"rendered":"https:\/\/dev.cm.upt.ro\/jecza\/?page_id=6759"},"modified":"2025-02-09T20:14:52","modified_gmt":"2025-02-09T20:14:52","slug":"1939-1946","status":"publish","type":"page","link":"https:\/\/jecza.ro\/index.php\/1939-1946\/","title":{"rendered":"1939-1946"},"content":{"rendered":"\t\t<div data-elementor-type=\"wp-page\" data-elementor-id=\"6759\" class=\"elementor elementor-6759\">\n\t\t\t\t\t\t<section class=\"elementor-section elementor-top-section elementor-element elementor-element-210c44d elementor-section-boxed elementor-section-height-default elementor-section-height-default\" data-id=\"210c44d\" data-element_type=\"section\">\n\t\t\t\t\t\t<div class=\"elementor-container elementor-column-gap-default\">\n\t\t\t\t\t<div class=\"elementor-column elementor-col-66 elementor-top-column elementor-element elementor-element-eb3684f\" data-id=\"eb3684f\" data-element_type=\"column\">\n\t\t\t<div class=\"elementor-widget-wrap elementor-element-populated\">\n\t\t\t\t\t\t<section class=\"elementor-section elementor-inner-section elementor-element elementor-element-0a9eef8 elementor-section-boxed elementor-section-height-default elementor-section-height-default\" data-id=\"0a9eef8\" data-element_type=\"section\">\n\t\t\t\t\t\t<div class=\"elementor-container elementor-column-gap-default\">\n\t\t\t\t\t<div class=\"elementor-column elementor-col-50 elementor-inner-column elementor-element elementor-element-5354c56\" data-id=\"5354c56\" data-element_type=\"column\">\n\t\t\t<div class=\"elementor-widget-wrap elementor-element-populated\">\n\t\t\t\t\t\t<div class=\"elementor-element elementor-element-8e734fa elementor-widget__width-initial elementor-widget elementor-widget-image\" data-id=\"8e734fa\" data-element_type=\"widget\" data-widget_type=\"image.default\">\n\t\t\t\t<div class=\"elementor-widget-container\">\n\t\t\t\t\t\t\t\t\t\t\t\t\t\t\t<img fetchpriority=\"high\" decoding=\"async\" width=\"767\" height=\"700\" src=\"https:\/\/jecza.ro\/wp-content\/uploads\/2025\/02\/1939-1946.jpg\" class=\"attachment-full size-full wp-image-7198\" alt=\"\" srcset=\"https:\/\/jecza.ro\/wp-content\/uploads\/2025\/02\/1939-1946.jpg 767w, https:\/\/jecza.ro\/wp-content\/uploads\/2025\/02\/1939-1946-300x274.jpg 300w, https:\/\/jecza.ro\/wp-content\/uploads\/2025\/02\/1939-1946-600x548.jpg 600w\" sizes=\"(max-width: 767px) 100vw, 767px\" \/>\t\t\t\t\t\t\t\t\t\t\t\t\t\t\t<\/div>\n\t\t\t\t<\/div>\n\t\t\t\t\t<\/div>\n\t\t<\/div>\n\t\t\t\t<div class=\"elementor-column elementor-col-50 elementor-inner-column elementor-element elementor-element-fd5bc44\" data-id=\"fd5bc44\" data-element_type=\"column\">\n\t\t\t<div class=\"elementor-widget-wrap elementor-element-populated\">\n\t\t\t\t\t\t<div class=\"elementor-element elementor-element-45c1b26 elementor-widget elementor-widget-text-editor\" data-id=\"45c1b26\" data-element_type=\"widget\" data-widget_type=\"text-editor.default\">\n\t\t\t\t<div class=\"elementor-widget-container\">\n\t\t\t\t\t\t\t\t\t<p style=\"text-align: justify;\">Anii copil\u0103riei mi-au fost marca\u0163i de toate tulbur\u0103rile vremii: r\u0103zboiul, o lume care se destr\u0103ma, o alta care \u00eencerca s\u0103-\u015fi \u201efabrice\u201c un chip. <br \/>Proteja\u0163i de c\u0103ldura casei, aceste lucruri nu r\u0103zb\u0103teau spre noi, copiii, sau ajungeau ca v\u0103tuite. Cel mai dureros am resim\u0163it absen\u0163a tatei care era pe front. Mama a trebuit s\u0103 dr\u0103muiasc\u0103 f\u0103ina \u015fi zah\u0103rul \u2013 eram doar trei copii. Mi-aduc aminte ce s\u0103rb\u0103toare a fost c\u00e2nd, de ziua cuiva, Gizi neni a f\u0103cut ni\u015fte pi\u015fcoturi.<\/p>\t\t\t\t\t\t\t\t<\/div>\n\t\t\t\t<\/div>\n\t\t\t\t\t<\/div>\n\t\t<\/div>\n\t\t\t\t\t<\/div>\n\t\t<\/section>\n\t\t\t\t\t<\/div>\n\t\t<\/div>\n\t\t\t\t<div class=\"elementor-column elementor-col-33 elementor-top-column elementor-element elementor-element-86a7607\" data-id=\"86a7607\" data-element_type=\"column\">\n\t\t\t<div class=\"elementor-widget-wrap elementor-element-populated\">\n\t\t\t\t\t\t<div class=\"elementor-element elementor-element-7c2db57 elementor-widget elementor-widget-heading\" data-id=\"7c2db57\" data-element_type=\"widget\" data-widget_type=\"heading.default\">\n\t\t\t\t<div class=\"elementor-widget-container\">\n\t\t\t\t\t<h4 class=\"elementor-heading-title elementor-size-default\">Perioade<\/h4>\t\t\t\t<\/div>\n\t\t\t\t<\/div>\n\t\t\t\t<div class=\"elementor-element elementor-element-ef3c842 elementor-widget elementor-widget-ova_menu_page\" data-id=\"ef3c842\" data-element_type=\"widget\" data-widget_type=\"ova_menu_page.default\">\n\t\t\t\t<div class=\"elementor-widget-container\">\n\t\t\t\t\t\t\t<div class=\"ova_menu_page\">\n\t\t\t<ul id=\"menu-meniu-biografie\" class=\"menu\"><li id=\"menu-item-6936\" class=\"menu-item menu-item-type-post_type menu-item-object-page menu-item-6936 dropdown\"><a href=\"https:\/\/jecza.ro\/index.php\/1939-1946\/\" class=\"col_heading\">1939-1946<\/a><\/li><li id=\"menu-item-7196\" class=\"menu-item menu-item-type-post_type menu-item-object-page menu-item-7196 dropdown\"><a href=\"https:\/\/jecza.ro\/index.php\/1946-1953\/\" class=\"col_heading\">1946-1953<\/a><\/li><li id=\"menu-item-7197\" class=\"menu-item menu-item-type-post_type menu-item-object-page menu-item-7197 dropdown\"><a href=\"https:\/\/jecza.ro\/index.php\/1953-1957\/\" class=\"col_heading\">1953-1957<\/a><\/li><li id=\"menu-item-7195\" class=\"menu-item menu-item-type-post_type menu-item-object-page menu-item-7195 dropdown\"><a href=\"https:\/\/jecza.ro\/index.php\/1957-1963\/\" class=\"col_heading\">1957-1963\u200b<\/a><\/li><li id=\"menu-item-7194\" class=\"menu-item menu-item-type-post_type menu-item-object-page menu-item-7194 dropdown\"><a href=\"https:\/\/jecza.ro\/index.php\/1963-1968\/\" class=\"col_heading\">1963-1968\u200b<\/a><\/li><li id=\"menu-item-7193\" class=\"menu-item menu-item-type-post_type menu-item-object-page menu-item-7193 dropdown\"><a href=\"https:\/\/jecza.ro\/index.php\/1968-1972\/\" class=\"col_heading\">1968-1972\u200b<\/a><\/li><li id=\"menu-item-7192\" class=\"menu-item menu-item-type-post_type menu-item-object-page menu-item-7192 dropdown\"><a href=\"https:\/\/jecza.ro\/index.php\/1972-1978\/\" class=\"col_heading\">1972-1978\u200b<\/a><\/li><li id=\"menu-item-7191\" class=\"menu-item menu-item-type-post_type menu-item-object-page menu-item-7191 dropdown\"><a href=\"https:\/\/jecza.ro\/index.php\/1978-1982\/\" class=\"col_heading\">1978-1982<\/a><\/li><li id=\"menu-item-7190\" class=\"menu-item menu-item-type-post_type menu-item-object-page menu-item-7190 dropdown\"><a href=\"https:\/\/jecza.ro\/index.php\/1982-1986\/\" class=\"col_heading\">1982-1986\u200b<\/a><\/li><li id=\"menu-item-7189\" class=\"menu-item menu-item-type-post_type menu-item-object-page menu-item-7189 dropdown\"><a href=\"https:\/\/jecza.ro\/index.php\/1987-2000\/\" class=\"col_heading\">1987-2000<\/a><\/li><li id=\"menu-item-7188\" class=\"menu-item menu-item-type-post_type menu-item-object-page menu-item-7188 dropdown\"><a href=\"https:\/\/jecza.ro\/index.php\/2000-2009\/\" class=\"col_heading\">2000-2009<\/a><\/li><li id=\"menu-item-7187\" class=\"menu-item menu-item-type-post_type menu-item-object-page menu-item-7187 dropdown\"><a href=\"https:\/\/jecza.ro\/index.php\/2009-2\/\" class=\"col_heading\">2009\u200b<\/a><\/li><\/ul>\t\t<\/div>\n\t\t\t\t\t\t<\/div>\n\t\t\t\t<\/div>\n\t\t\t\t\t<\/div>\n\t\t<\/div>\n\t\t\t\t\t<\/div>\n\t\t<\/section>\n\t\t\t\t<section class=\"elementor-section elementor-top-section elementor-element elementor-element-8f1576a elementor-section-boxed elementor-section-height-default elementor-section-height-default\" data-id=\"8f1576a\" data-element_type=\"section\">\n\t\t\t\t\t\t<div class=\"elementor-container elementor-column-gap-default\">\n\t\t\t\t\t<div class=\"elementor-column elementor-col-100 elementor-top-column elementor-element elementor-element-5ef113c\" data-id=\"5ef113c\" data-element_type=\"column\">\n\t\t\t<div class=\"elementor-widget-wrap elementor-element-populated\">\n\t\t\t\t\t\t<div class=\"elementor-element elementor-element-07fa29a elementor-widget elementor-widget-text-editor\" data-id=\"07fa29a\" data-element_type=\"widget\" data-widget_type=\"text-editor.default\">\n\t\t\t\t<div class=\"elementor-widget-container\">\n\t\t\t\t\t\t\t\t\t<p style=\"text-align: justify;\">M\u00e2ncam \u015fi ne minunam: \u201eUite ce pi\u015fcoturi bune a f\u0103cut Gizi neni\u201c. Primele mele \u015focuri au fost la bombardarea Bra\u015fovului. Mama \u015fi femeile au s\u0103pat singure ad\u0103posturi \u00een gr\u0103din\u0103. Eu aveam cinci ani \u015fi, \u00een timpul unui bombardament, au strigat to\u0163i la mine s\u0103 m\u0103 arunc pe burt\u0103. C\u00e2nd au venit ru\u015fii, Manczi cu Emma neni au stat la noi. Eram o mul\u0163ime de femei \u015fi copii. Au venit odat\u0103 doi ru\u015fi cu pu\u015fca pe um\u0103r. Mama le-a dat s\u0103 m\u0103n\u00e2nce din m\u00e2ncarea noastr\u0103, chiftele. Un rus a furat lanterna \u015fi ceasul lui tata, iar la plecare, din gre\u015feal\u0103, a spart cu pu\u015fca lui mare de pe um\u0103r, un geam. Speriat, a m\u00e2ng\u00e2iat geamul pe care l-a spart.<\/p><p style=\"text-align: justify;\">La noi, curtea era mare, cu grajd, spa\u0163ii de depozit. Zeci de ru\u015fi au \u00eenc\u0103put s\u0103 doarm\u0103 \u00een curte. Primul cuv\u00e2nt pe care l-am \u00eenv\u0103\u0163at ruse\u015fte de la el a fost \u201ebarijnia\u201c \u2013 femeie.<\/p>\t\t\t\t\t\t\t\t<\/div>\n\t\t\t\t<\/div>\n\t\t\t\t<div class=\"elementor-element elementor-element-154a0c9 elementor-widget elementor-widget-text-editor\" data-id=\"154a0c9\" data-element_type=\"widget\" data-widget_type=\"text-editor.default\">\n\t\t\t\t<div class=\"elementor-widget-container\">\n\t\t\t\t\t\t\t\t\t<p style=\"text-align: justify;\">M\u00e2ncam \u015fi ne minunam: \u201eUite ce pi\u015fcoturi bune a f\u0103cut Gizi neni\u201c. Primele mele \u015focuri au fost la bombardarea Bra\u015fovului. Mama \u015fi femeile au s\u0103pat singure ad\u0103posturi \u00een gr\u0103din\u0103. Eu aveam cinci ani \u015fi, \u00een timpul unui bombardament, au strigat to\u0163i la mine s\u0103 m\u0103 arunc pe burt\u0103. C\u00e2nd au venit ru\u015fii, Manczi cu Emma neni au stat la noi. Eram o mul\u0163ime de femei \u015fi copii. Au venit odat\u0103 doi ru\u015fi cu pu\u015fca pe um\u0103r. Mama le-a dat s\u0103 m\u0103n\u00e2nce din m\u00e2ncarea noastr\u0103, chiftele. Un rus a furat lanterna \u015fi ceasul lui tata, iar la plecare, din gre\u015feal\u0103, a spart cu pu\u015fca lui mare de pe um\u0103r, un geam. Speriat, a m\u00e2ng\u00e2iat geamul pe care l-a spart.<\/p><p style=\"text-align: justify;\">La noi, curtea era mare, cu grajd, spa\u0163ii de depozit. Zeci de ru\u015fi au \u00eenc\u0103put s\u0103 doarm\u0103 \u00een curte. Primul cuv\u00e2nt pe care l-am \u00eenv\u0103\u0163at ruse\u015fte de la el a fost \u201ebarijnia\u201c \u2013 femeie.<\/p>\t\t\t\t\t\t\t\t<\/div>\n\t\t\t\t<\/div>\n\t\t\t\t\t<\/div>\n\t\t<\/div>\n\t\t\t\t\t<\/div>\n\t\t<\/section>\n\t\t\t\t<\/div>\n\t\t","protected":false},"excerpt":{"rendered":"<p>Anii copil\u0103riei mi-au fost marca\u0163i de toate tulbur\u0103rile vremii: r\u0103zboiul, o lume care se destr\u0103ma, o alta care \u00eencerca s\u0103-\u015fi \u201efabrice\u201c un chip. Proteja\u0163i de c\u0103ldura casei, aceste lucruri nu r\u0103zb\u0103teau spre noi, copiii, sau ajungeau ca v\u0103tuite. Cel mai dureros am resim\u0163it absen\u0163a tatei care era pe front. Mama a trebuit s\u0103 dr\u0103muiasc\u0103 f\u0103ina [&hellip;]<\/p>\n","protected":false},"author":2,"featured_media":0,"parent":0,"menu_order":0,"comment_status":"closed","ping_status":"closed","template":"","meta":{"_acf_changed":false,"give_campaign_id":0,"footnotes":""},"class_list":["post-6759","page","type-page","status-publish","hentry"],"acf":[],"yoast_head":"<!-- This site is optimized with the Yoast SEO plugin v25.3.1 - https:\/\/yoast.com\/wordpress\/plugins\/seo\/ -->\n<title>1939-1946 - Jecza Museum<\/title>\n<meta name=\"robots\" content=\"index, follow, max-snippet:-1, max-image-preview:large, max-video-preview:-1\" \/>\n<link rel=\"canonical\" href=\"https:\/\/jecza.ro\/index.php\/1939-1946\/\" \/>\n<meta property=\"og:locale\" content=\"en_US\" \/>\n<meta property=\"og:type\" content=\"article\" \/>\n<meta property=\"og:title\" content=\"1939-1946 - Jecza Museum\" \/>\n<meta property=\"og:description\" content=\"Anii copil\u0103riei mi-au fost marca\u0163i de toate tulbur\u0103rile vremii: r\u0103zboiul, o lume care se destr\u0103ma, o alta care \u00eencerca s\u0103-\u015fi \u201efabrice\u201c un chip. Proteja\u0163i de c\u0103ldura casei, aceste lucruri nu r\u0103zb\u0103teau spre noi, copiii, sau ajungeau ca v\u0103tuite. Cel mai dureros am resim\u0163it absen\u0163a tatei care era pe front. Mama a trebuit s\u0103 dr\u0103muiasc\u0103 f\u0103ina [&hellip;]\" \/>\n<meta property=\"og:url\" content=\"https:\/\/jecza.ro\/index.php\/1939-1946\/\" \/>\n<meta property=\"og:site_name\" content=\"Jecza Museum\" \/>\n<meta property=\"article:modified_time\" content=\"2025-02-09T20:14:52+00:00\" \/>\n<meta property=\"og:image\" content=\"https:\/\/jecza.ro\/wp-content\/uploads\/2025\/02\/1939-1946.jpg\" \/>\n\t<meta property=\"og:image:width\" content=\"767\" \/>\n\t<meta property=\"og:image:height\" content=\"700\" \/>\n\t<meta property=\"og:image:type\" content=\"image\/jpeg\" \/>\n<meta name=\"twitter:card\" content=\"summary_large_image\" \/>\n<meta name=\"twitter:label1\" content=\"Est. reading time\" \/>\n\t<meta name=\"twitter:data1\" content=\"2 minutes\" \/>\n<script type=\"application\/ld+json\" class=\"yoast-schema-graph\">{\"@context\":\"https:\/\/schema.org\",\"@graph\":[{\"@type\":\"WebPage\",\"@id\":\"https:\/\/jecza.ro\/index.php\/1939-1946\/\",\"url\":\"https:\/\/jecza.ro\/index.php\/1939-1946\/\",\"name\":\"1939-1946 - Jecza Museum\",\"isPartOf\":{\"@id\":\"https:\/\/jecza.ro\/#website\"},\"primaryImageOfPage\":{\"@id\":\"https:\/\/jecza.ro\/index.php\/1939-1946\/#primaryimage\"},\"image\":{\"@id\":\"https:\/\/jecza.ro\/index.php\/1939-1946\/#primaryimage\"},\"thumbnailUrl\":\"https:\/\/jecza.ro\/wp-content\/uploads\/2025\/02\/1939-1946.jpg\",\"datePublished\":\"2025-02-03T04:05:18+00:00\",\"dateModified\":\"2025-02-09T20:14:52+00:00\",\"breadcrumb\":{\"@id\":\"https:\/\/jecza.ro\/index.php\/1939-1946\/#breadcrumb\"},\"inLanguage\":\"en-US\",\"potentialAction\":[{\"@type\":\"ReadAction\",\"target\":[\"https:\/\/jecza.ro\/index.php\/1939-1946\/\"]}]},{\"@type\":\"ImageObject\",\"inLanguage\":\"en-US\",\"@id\":\"https:\/\/jecza.ro\/index.php\/1939-1946\/#primaryimage\",\"url\":\"https:\/\/jecza.ro\/wp-content\/uploads\/2025\/02\/1939-1946.jpg\",\"contentUrl\":\"https:\/\/jecza.ro\/wp-content\/uploads\/2025\/02\/1939-1946.jpg\",\"width\":767,\"height\":700},{\"@type\":\"BreadcrumbList\",\"@id\":\"https:\/\/jecza.ro\/index.php\/1939-1946\/#breadcrumb\",\"itemListElement\":[{\"@type\":\"ListItem\",\"position\":1,\"name\":\"Home\",\"item\":\"https:\/\/jecza.ro\/\"},{\"@type\":\"ListItem\",\"position\":2,\"name\":\"1939-1946\"}]},{\"@type\":\"WebSite\",\"@id\":\"https:\/\/jecza.ro\/#website\",\"url\":\"https:\/\/jecza.ro\/\",\"name\":\"Jecza Museum\",\"description\":\"\",\"publisher\":{\"@id\":\"https:\/\/jecza.ro\/#organization\"},\"potentialAction\":[{\"@type\":\"SearchAction\",\"target\":{\"@type\":\"EntryPoint\",\"urlTemplate\":\"https:\/\/jecza.ro\/?s={search_term_string}\"},\"query-input\":{\"@type\":\"PropertyValueSpecification\",\"valueRequired\":true,\"valueName\":\"search_term_string\"}}],\"inLanguage\":\"en-US\"},{\"@type\":\"Organization\",\"@id\":\"https:\/\/jecza.ro\/#organization\",\"name\":\"Jecza Museum\",\"url\":\"https:\/\/jecza.ro\/\",\"logo\":{\"@type\":\"ImageObject\",\"inLanguage\":\"en-US\",\"@id\":\"https:\/\/jecza.ro\/#\/schema\/logo\/image\/\",\"url\":\"https:\/\/jecza.ro\/wp-content\/uploads\/2024\/11\/cropped-Jecza-museum-logo-white.png\",\"contentUrl\":\"https:\/\/jecza.ro\/wp-content\/uploads\/2024\/11\/cropped-Jecza-museum-logo-white.png\",\"width\":512,\"height\":512,\"caption\":\"Jecza Museum\"},\"image\":{\"@id\":\"https:\/\/jecza.ro\/#\/schema\/logo\/image\/\"}}]}<\/script>\n<!-- \/ Yoast SEO plugin. -->","yoast_head_json":{"title":"1939-1946 - Jecza Museum","robots":{"index":"index","follow":"follow","max-snippet":"max-snippet:-1","max-image-preview":"max-image-preview:large","max-video-preview":"max-video-preview:-1"},"canonical":"https:\/\/jecza.ro\/index.php\/1939-1946\/","og_locale":"en_US","og_type":"article","og_title":"1939-1946 - Jecza Museum","og_description":"Anii copil\u0103riei mi-au fost marca\u0163i de toate tulbur\u0103rile vremii: r\u0103zboiul, o lume care se destr\u0103ma, o alta care \u00eencerca s\u0103-\u015fi \u201efabrice\u201c un chip. Proteja\u0163i de c\u0103ldura casei, aceste lucruri nu r\u0103zb\u0103teau spre noi, copiii, sau ajungeau ca v\u0103tuite. Cel mai dureros am resim\u0163it absen\u0163a tatei care era pe front. Mama a trebuit s\u0103 dr\u0103muiasc\u0103 f\u0103ina [&hellip;]","og_url":"https:\/\/jecza.ro\/index.php\/1939-1946\/","og_site_name":"Jecza Museum","article_modified_time":"2025-02-09T20:14:52+00:00","og_image":[{"width":767,"height":700,"url":"https:\/\/jecza.ro\/wp-content\/uploads\/2025\/02\/1939-1946.jpg","type":"image\/jpeg"}],"twitter_card":"summary_large_image","twitter_misc":{"Est. reading time":"2 minutes"},"schema":{"@context":"https:\/\/schema.org","@graph":[{"@type":"WebPage","@id":"https:\/\/jecza.ro\/index.php\/1939-1946\/","url":"https:\/\/jecza.ro\/index.php\/1939-1946\/","name":"1939-1946 - Jecza Museum","isPartOf":{"@id":"https:\/\/jecza.ro\/#website"},"primaryImageOfPage":{"@id":"https:\/\/jecza.ro\/index.php\/1939-1946\/#primaryimage"},"image":{"@id":"https:\/\/jecza.ro\/index.php\/1939-1946\/#primaryimage"},"thumbnailUrl":"https:\/\/jecza.ro\/wp-content\/uploads\/2025\/02\/1939-1946.jpg","datePublished":"2025-02-03T04:05:18+00:00","dateModified":"2025-02-09T20:14:52+00:00","breadcrumb":{"@id":"https:\/\/jecza.ro\/index.php\/1939-1946\/#breadcrumb"},"inLanguage":"en-US","potentialAction":[{"@type":"ReadAction","target":["https:\/\/jecza.ro\/index.php\/1939-1946\/"]}]},{"@type":"ImageObject","inLanguage":"en-US","@id":"https:\/\/jecza.ro\/index.php\/1939-1946\/#primaryimage","url":"https:\/\/jecza.ro\/wp-content\/uploads\/2025\/02\/1939-1946.jpg","contentUrl":"https:\/\/jecza.ro\/wp-content\/uploads\/2025\/02\/1939-1946.jpg","width":767,"height":700},{"@type":"BreadcrumbList","@id":"https:\/\/jecza.ro\/index.php\/1939-1946\/#breadcrumb","itemListElement":[{"@type":"ListItem","position":1,"name":"Home","item":"https:\/\/jecza.ro\/"},{"@type":"ListItem","position":2,"name":"1939-1946"}]},{"@type":"WebSite","@id":"https:\/\/jecza.ro\/#website","url":"https:\/\/jecza.ro\/","name":"Jecza Museum","description":"","publisher":{"@id":"https:\/\/jecza.ro\/#organization"},"potentialAction":[{"@type":"SearchAction","target":{"@type":"EntryPoint","urlTemplate":"https:\/\/jecza.ro\/?s={search_term_string}"},"query-input":{"@type":"PropertyValueSpecification","valueRequired":true,"valueName":"search_term_string"}}],"inLanguage":"en-US"},{"@type":"Organization","@id":"https:\/\/jecza.ro\/#organization","name":"Jecza Museum","url":"https:\/\/jecza.ro\/","logo":{"@type":"ImageObject","inLanguage":"en-US","@id":"https:\/\/jecza.ro\/#\/schema\/logo\/image\/","url":"https:\/\/jecza.ro\/wp-content\/uploads\/2024\/11\/cropped-Jecza-museum-logo-white.png","contentUrl":"https:\/\/jecza.ro\/wp-content\/uploads\/2024\/11\/cropped-Jecza-museum-logo-white.png","width":512,"height":512,"caption":"Jecza Museum"},"image":{"@id":"https:\/\/jecza.ro\/#\/schema\/logo\/image\/"}}]}},"campaignId":"","_links":{"self":[{"href":"https:\/\/jecza.ro\/index.php\/wp-json\/wp\/v2\/pages\/6759","targetHints":{"allow":["GET"]}}],"collection":[{"href":"https:\/\/jecza.ro\/index.php\/wp-json\/wp\/v2\/pages"}],"about":[{"href":"https:\/\/jecza.ro\/index.php\/wp-json\/wp\/v2\/types\/page"}],"author":[{"embeddable":true,"href":"https:\/\/jecza.ro\/index.php\/wp-json\/wp\/v2\/users\/2"}],"replies":[{"embeddable":true,"href":"https:\/\/jecza.ro\/index.php\/wp-json\/wp\/v2\/comments?post=6759"}],"version-history":[{"count":22,"href":"https:\/\/jecza.ro\/index.php\/wp-json\/wp\/v2\/pages\/6759\/revisions"}],"predecessor-version":[{"id":7204,"href":"https:\/\/jecza.ro\/index.php\/wp-json\/wp\/v2\/pages\/6759\/revisions\/7204"}],"wp:attachment":[{"href":"https:\/\/jecza.ro\/index.php\/wp-json\/wp\/v2\/media?parent=6759"}],"curies":[{"name":"wp","href":"https:\/\/api.w.org\/{rel}","templated":true}]}}