{"id":6693,"date":"2025-02-03T03:24:39","date_gmt":"2025-02-03T03:24:39","guid":{"rendered":"https:\/\/dev.cm.upt.ro\/jecza\/?page_id=6693"},"modified":"2025-02-03T03:47:58","modified_gmt":"2025-02-03T03:47:58","slug":"2017-muzeul-de-arta-jean-mihail-craiova","status":"publish","type":"page","link":"https:\/\/jecza.ro\/index.php\/2017-muzeul-de-arta-jean-mihail-craiova\/","title":{"rendered":"2017. Muzeul de Art\u0103 Jean Mihail Craiova"},"content":{"rendered":"\t\t<div data-elementor-type=\"wp-page\" data-elementor-id=\"6693\" class=\"elementor elementor-6693\">\n\t\t\t\t<div class=\"elementor-element elementor-element-3720343 e-flex e-con-boxed e-con e-parent\" data-id=\"3720343\" data-element_type=\"container\">\n\t\t\t\t\t<div class=\"e-con-inner\">\n\t\t\t\t<div class=\"elementor-element elementor-element-b0abcd1 elementor-widget elementor-widget-spacer\" data-id=\"b0abcd1\" data-element_type=\"widget\" data-widget_type=\"spacer.default\">\n\t\t\t\t<div class=\"elementor-widget-container\">\n\t\t\t\t\t\t\t<div class=\"elementor-spacer\">\n\t\t\t<div class=\"elementor-spacer-inner\"><\/div>\n\t\t<\/div>\n\t\t\t\t\t\t<\/div>\n\t\t\t\t<\/div>\n\t\t\t\t\t<\/div>\n\t\t\t\t<\/div>\n\t\t<div class=\"elementor-element elementor-element-55548f4 e-flex e-con-boxed e-con e-parent\" data-id=\"55548f4\" data-element_type=\"container\">\n\t\t\t\t\t<div class=\"e-con-inner\">\n\t\t\t\t<div class=\"elementor-element elementor-element-e72ddc8 elementor-widget elementor-widget-heading\" data-id=\"e72ddc8\" data-element_type=\"widget\" data-widget_type=\"heading.default\">\n\t\t\t\t<div class=\"elementor-widget-container\">\n\t\t\t\t\t<h3 class=\"elementor-heading-title elementor-size-default\">Peter Jecza: Lec\u021bie despre imperfec\u021biune<\/h3>\t\t\t\t<\/div>\n\t\t\t\t<\/div>\n\t\t\t\t\t<\/div>\n\t\t\t\t<\/div>\n\t\t<div class=\"elementor-element elementor-element-1b8ee95 e-flex e-con-boxed e-con e-parent\" data-id=\"1b8ee95\" data-element_type=\"container\">\n\t\t\t\t\t<div class=\"e-con-inner\">\n\t\t\t\t<div class=\"elementor-element elementor-element-f670fc1 elementor-widget elementor-widget-text-editor\" data-id=\"f670fc1\" data-element_type=\"widget\" data-widget_type=\"text-editor.default\">\n\t\t\t\t<div class=\"elementor-widget-container\">\n\t\t\t\t\t\t\t\t\t<p>21 iulie\u00a0 \u2013 18 septembrie 2017<\/p>\t\t\t\t\t\t\t\t<\/div>\n\t\t\t\t<\/div>\n\t\t\t\t\t<\/div>\n\t\t\t\t<\/div>\n\t\t<div class=\"elementor-element elementor-element-7159093 e-flex e-con-boxed e-con e-parent\" data-id=\"7159093\" data-element_type=\"container\">\n\t\t\t\t\t<div class=\"e-con-inner\">\n\t\t\t\t<div class=\"elementor-element elementor-element-5ba2e3b elementor-widget elementor-widget-text-editor\" data-id=\"5ba2e3b\" data-element_type=\"widget\" data-widget_type=\"text-editor.default\">\n\t\t\t\t<div class=\"elementor-widget-container\">\n\t\t\t\t\t\t\t\t\t<p><b>Organizator<\/b>: Muzeul de Art\u0103 Jean Mihail Craiova, \u00een parteneriat cu Funda\u021bia TRIADE, cu sprijinul Galeriei Jecza<\/p>\t\t\t\t\t\t\t\t<\/div>\n\t\t\t\t<\/div>\n\t\t\t\t\t<\/div>\n\t\t\t\t<\/div>\n\t\t<div class=\"elementor-element elementor-element-5d47a6e e-flex e-con-boxed e-con e-parent\" data-id=\"5d47a6e\" data-element_type=\"container\">\n\t\t\t\t\t<div class=\"e-con-inner\">\n\t\t\t\t<div class=\"elementor-element elementor-element-0ee3721 elementor-widget elementor-widget-text-editor\" data-id=\"0ee3721\" data-element_type=\"widget\" data-widget_type=\"text-editor.default\">\n\t\t\t\t<div class=\"elementor-widget-container\">\n\t\t\t\t\t\t\t\t\t<p><strong>Curator<\/strong>: Sorina Ianovici.\u00a0 \u00a0 \u00a0 \u00a0<\/p>\t\t\t\t\t\t\t\t<\/div>\n\t\t\t\t<\/div>\n\t\t\t\t\t<\/div>\n\t\t\t\t<\/div>\n\t\t<div class=\"elementor-element elementor-element-a07cf5e e-flex e-con-boxed e-con e-parent\" data-id=\"a07cf5e\" data-element_type=\"container\">\n\t\t\t\t\t<div class=\"e-con-inner\">\n\t\t\t\t<div class=\"elementor-element elementor-element-c4e9d6d elementor-widget elementor-widget-text-editor\" data-id=\"c4e9d6d\" data-element_type=\"widget\" data-widget_type=\"text-editor.default\">\n\t\t\t\t<div class=\"elementor-widget-container\">\n\t\t\t\t\t\t\t\t\t<p>Expozi\u021bia <b>Peter Jecza: Lec\u021bie despre imperfec\u021biune<\/b> \u00ee\u0219i propune s\u0103 aduc\u0103 \u00een sfera dezbaterii critice semnifica\u021biile muta\u021biilor pe care cercet\u0103rile artistului din anii 80 le-au adus practicilor sculpturii. Ea examineaz\u0103 modul de dep\u0103\u0219ire a mimesis-ului, prin <i>trans-figurare<\/i> (\u201da da form\u0103 material\u0103 imaterialit\u0103\u021bii\u201d, dup\u0103 expresia artistului),\u00a0 figurarea echilibrului dintre orizontalitatea mineralit\u0103\u0163ii \u0219i verticalitatea ascensional\u0103 a spiritului &#8211; chiar a elanului sacral -, raportul limbajului sculpturii cu celelalte forme de limbaj, dimensiunea \u201dmuzical\u0103\u201d a acestuia, \u00een sensul desf\u0103\u0219ur\u0103rii sale \u00een timp, apropierea de poezie.<\/p>\t\t\t\t\t\t\t\t<\/div>\n\t\t\t\t<\/div>\n\t\t\t\t\t<\/div>\n\t\t\t\t<\/div>\n\t\t<div class=\"elementor-element elementor-element-f6a7f72 e-flex e-con-boxed e-con e-parent\" data-id=\"f6a7f72\" data-element_type=\"container\">\n\t\t\t\t\t<div class=\"e-con-inner\">\n\t\t\t\t<div class=\"elementor-element elementor-element-66895ca elementor-widget elementor-widget-image-gallery\" data-id=\"66895ca\" data-element_type=\"widget\" data-widget_type=\"image-gallery.default\">\n\t\t\t\t<div class=\"elementor-widget-container\">\n\t\t\t\t\t\t\t<div class=\"elementor-image-gallery\">\n\t\t\t\n\t\t<style type=\"text\/css\">\n\t\t\t#gallery-1 {\n\t\t\t\tmargin: auto;\n\t\t\t}\n\t\t\t#gallery-1 .gallery-item {\n\t\t\t\tfloat: left;\n\t\t\t\tmargin-top: 10px;\n\t\t\t\ttext-align: center;\n\t\t\t\twidth: 33%;\n\t\t\t}\n\t\t\t#gallery-1 img {\n\t\t\t\tborder: 2px solid #cfcfcf;\n\t\t\t}\n\t\t\t#gallery-1 .gallery-caption {\n\t\t\t\tmargin-left: 0;\n\t\t\t}\n\t\t\t\/* see gallery_shortcode() in wp-includes\/media.php *\/\n\t\t<\/style>\n\t\t<div id='gallery-1' class='gallery galleryid-6693 gallery-columns-3 gallery-size-medium'><dl class='gallery-item'>\n\t\t\t<dt class='gallery-icon landscape'>\n\t\t\t\t<a data-elementor-open-lightbox=\"yes\" data-elementor-lightbox-slideshow=\"66895ca\" data-elementor-lightbox-title=\"ASPECT-DIN-EXPOZITIE-2\" data-e-action-hash=\"#elementor-action%3Aaction%3Dlightbox%26settings%3DeyJpZCI6NjcwMiwidXJsIjoiaHR0cHM6XC9cL2plY3phLnJvXC93cC1jb250ZW50XC91cGxvYWRzXC8yMDI1XC8wMlwvQVNQRUNULURJTi1FWFBPWklUSUUtMi5qcGciLCJzbGlkZXNob3ciOiI2Njg5NWNhIn0%3D\" href='https:\/\/jecza.ro\/wp-content\/uploads\/2025\/02\/ASPECT-DIN-EXPOZITIE-2.jpg'><img fetchpriority=\"high\" decoding=\"async\" width=\"300\" height=\"200\" src=\"https:\/\/jecza.ro\/wp-content\/uploads\/2025\/02\/ASPECT-DIN-EXPOZITIE-2-300x200.jpg\" class=\"attachment-medium size-medium\" alt=\"\" srcset=\"https:\/\/jecza.ro\/wp-content\/uploads\/2025\/02\/ASPECT-DIN-EXPOZITIE-2-300x200.jpg 300w, https:\/\/jecza.ro\/wp-content\/uploads\/2025\/02\/ASPECT-DIN-EXPOZITIE-2-1024x684.jpg 1024w, https:\/\/jecza.ro\/wp-content\/uploads\/2025\/02\/ASPECT-DIN-EXPOZITIE-2-768x513.jpg 768w, https:\/\/jecza.ro\/wp-content\/uploads\/2025\/02\/ASPECT-DIN-EXPOZITIE-2-600x401.jpg 600w, https:\/\/jecza.ro\/wp-content\/uploads\/2025\/02\/ASPECT-DIN-EXPOZITIE-2.jpg 1080w\" sizes=\"(max-width: 300px) 100vw, 300px\" \/><\/a>\n\t\t\t<\/dt><\/dl><dl class='gallery-item'>\n\t\t\t<dt class='gallery-icon landscape'>\n\t\t\t\t<a data-elementor-open-lightbox=\"yes\" data-elementor-lightbox-slideshow=\"66895ca\" data-elementor-lightbox-title=\"ASPECT-DIN-EXPOZITIE-3\" data-e-action-hash=\"#elementor-action%3Aaction%3Dlightbox%26settings%3DeyJpZCI6NjcwNCwidXJsIjoiaHR0cHM6XC9cL2plY3phLnJvXC93cC1jb250ZW50XC91cGxvYWRzXC8yMDI1XC8wMlwvQVNQRUNULURJTi1FWFBPWklUSUUtMy5qcGciLCJzbGlkZXNob3ciOiI2Njg5NWNhIn0%3D\" href='https:\/\/jecza.ro\/wp-content\/uploads\/2025\/02\/ASPECT-DIN-EXPOZITIE-3.jpg'><img decoding=\"async\" width=\"300\" height=\"200\" src=\"https:\/\/jecza.ro\/wp-content\/uploads\/2025\/02\/ASPECT-DIN-EXPOZITIE-3-300x200.jpg\" class=\"attachment-medium size-medium\" alt=\"\" srcset=\"https:\/\/jecza.ro\/wp-content\/uploads\/2025\/02\/ASPECT-DIN-EXPOZITIE-3-300x200.jpg 300w, https:\/\/jecza.ro\/wp-content\/uploads\/2025\/02\/ASPECT-DIN-EXPOZITIE-3-1024x684.jpg 1024w, https:\/\/jecza.ro\/wp-content\/uploads\/2025\/02\/ASPECT-DIN-EXPOZITIE-3-768x513.jpg 768w, https:\/\/jecza.ro\/wp-content\/uploads\/2025\/02\/ASPECT-DIN-EXPOZITIE-3-600x401.jpg 600w, https:\/\/jecza.ro\/wp-content\/uploads\/2025\/02\/ASPECT-DIN-EXPOZITIE-3.jpg 1080w\" sizes=\"(max-width: 300px) 100vw, 300px\" \/><\/a>\n\t\t\t<\/dt><\/dl><dl class='gallery-item'>\n\t\t\t<dt class='gallery-icon landscape'>\n\t\t\t\t<a data-elementor-open-lightbox=\"yes\" data-elementor-lightbox-slideshow=\"66895ca\" data-elementor-lightbox-title=\"ASPECT-DIN-EXPOZITIE-3-1\" data-e-action-hash=\"#elementor-action%3Aaction%3Dlightbox%26settings%3DeyJpZCI6NjcwMywidXJsIjoiaHR0cHM6XC9cL2plY3phLnJvXC93cC1jb250ZW50XC91cGxvYWRzXC8yMDI1XC8wMlwvQVNQRUNULURJTi1FWFBPWklUSUUtMy0xLmpwZyIsInNsaWRlc2hvdyI6IjY2ODk1Y2EifQ%3D%3D\" href='https:\/\/jecza.ro\/wp-content\/uploads\/2025\/02\/ASPECT-DIN-EXPOZITIE-3-1.jpg'><img decoding=\"async\" width=\"300\" height=\"225\" src=\"https:\/\/jecza.ro\/wp-content\/uploads\/2025\/02\/ASPECT-DIN-EXPOZITIE-3-1-300x225.jpg\" class=\"attachment-medium size-medium\" alt=\"\" srcset=\"https:\/\/jecza.ro\/wp-content\/uploads\/2025\/02\/ASPECT-DIN-EXPOZITIE-3-1-300x225.jpg 300w, https:\/\/jecza.ro\/wp-content\/uploads\/2025\/02\/ASPECT-DIN-EXPOZITIE-3-1-1024x768.jpg 1024w, https:\/\/jecza.ro\/wp-content\/uploads\/2025\/02\/ASPECT-DIN-EXPOZITIE-3-1-768x576.jpg 768w, https:\/\/jecza.ro\/wp-content\/uploads\/2025\/02\/ASPECT-DIN-EXPOZITIE-3-1-600x450.jpg 600w, https:\/\/jecza.ro\/wp-content\/uploads\/2025\/02\/ASPECT-DIN-EXPOZITIE-3-1.jpg 1080w\" sizes=\"(max-width: 300px) 100vw, 300px\" \/><\/a>\n\t\t\t<\/dt><\/dl><br style=\"clear: both\" \/><dl class='gallery-item'>\n\t\t\t<dt class='gallery-icon landscape'>\n\t\t\t\t<a data-elementor-open-lightbox=\"yes\" data-elementor-lightbox-slideshow=\"66895ca\" data-elementor-lightbox-title=\"ASPECT-DIN-EXPOZITIE\" data-e-action-hash=\"#elementor-action%3Aaction%3Dlightbox%26settings%3DeyJpZCI6NjcwMSwidXJsIjoiaHR0cHM6XC9cL2plY3phLnJvXC93cC1jb250ZW50XC91cGxvYWRzXC8yMDI1XC8wMlwvQVNQRUNULURJTi1FWFBPWklUSUUuanBnIiwic2xpZGVzaG93IjoiNjY4OTVjYSJ9\" href='https:\/\/jecza.ro\/wp-content\/uploads\/2025\/02\/ASPECT-DIN-EXPOZITIE.jpg'><img loading=\"lazy\" decoding=\"async\" width=\"300\" height=\"200\" src=\"https:\/\/jecza.ro\/wp-content\/uploads\/2025\/02\/ASPECT-DIN-EXPOZITIE-300x200.jpg\" class=\"attachment-medium size-medium\" alt=\"\" srcset=\"https:\/\/jecza.ro\/wp-content\/uploads\/2025\/02\/ASPECT-DIN-EXPOZITIE-300x200.jpg 300w, https:\/\/jecza.ro\/wp-content\/uploads\/2025\/02\/ASPECT-DIN-EXPOZITIE-1024x684.jpg 1024w, https:\/\/jecza.ro\/wp-content\/uploads\/2025\/02\/ASPECT-DIN-EXPOZITIE-768x513.jpg 768w, https:\/\/jecza.ro\/wp-content\/uploads\/2025\/02\/ASPECT-DIN-EXPOZITIE-600x401.jpg 600w, https:\/\/jecza.ro\/wp-content\/uploads\/2025\/02\/ASPECT-DIN-EXPOZITIE.jpg 1080w\" sizes=\"(max-width: 300px) 100vw, 300px\" \/><\/a>\n\t\t\t<\/dt><\/dl><dl class='gallery-item'>\n\t\t\t<dt class='gallery-icon landscape'>\n\t\t\t\t<a data-elementor-open-lightbox=\"yes\" data-elementor-lightbox-slideshow=\"66895ca\" data-elementor-lightbox-title=\"GEOLOGIE\" data-e-action-hash=\"#elementor-action%3Aaction%3Dlightbox%26settings%3DeyJpZCI6NjcwMCwidXJsIjoiaHR0cHM6XC9cL2plY3phLnJvXC93cC1jb250ZW50XC91cGxvYWRzXC8yMDI1XC8wMlwvR0VPTE9HSUUuanBnIiwic2xpZGVzaG93IjoiNjY4OTVjYSJ9\" href='https:\/\/jecza.ro\/wp-content\/uploads\/2025\/02\/GEOLOGIE.jpg'><img loading=\"lazy\" decoding=\"async\" width=\"300\" height=\"200\" src=\"https:\/\/jecza.ro\/wp-content\/uploads\/2025\/02\/GEOLOGIE-300x200.jpg\" class=\"attachment-medium size-medium\" alt=\"\" srcset=\"https:\/\/jecza.ro\/wp-content\/uploads\/2025\/02\/GEOLOGIE-300x200.jpg 300w, https:\/\/jecza.ro\/wp-content\/uploads\/2025\/02\/GEOLOGIE-1024x684.jpg 1024w, https:\/\/jecza.ro\/wp-content\/uploads\/2025\/02\/GEOLOGIE-768x513.jpg 768w, https:\/\/jecza.ro\/wp-content\/uploads\/2025\/02\/GEOLOGIE-600x401.jpg 600w, https:\/\/jecza.ro\/wp-content\/uploads\/2025\/02\/GEOLOGIE.jpg 1080w\" sizes=\"(max-width: 300px) 100vw, 300px\" \/><\/a>\n\t\t\t<\/dt><\/dl><dl class='gallery-item'>\n\t\t\t<dt class='gallery-icon landscape'>\n\t\t\t\t<a data-elementor-open-lightbox=\"yes\" data-elementor-lightbox-slideshow=\"66895ca\" data-elementor-lightbox-title=\"OGLINZI-OARBE-2\" data-e-action-hash=\"#elementor-action%3Aaction%3Dlightbox%26settings%3DeyJpZCI6NjY5OSwidXJsIjoiaHR0cHM6XC9cL2plY3phLnJvXC93cC1jb250ZW50XC91cGxvYWRzXC8yMDI1XC8wMlwvT0dMSU5aSS1PQVJCRS0yLmpwZyIsInNsaWRlc2hvdyI6IjY2ODk1Y2EifQ%3D%3D\" href='https:\/\/jecza.ro\/wp-content\/uploads\/2025\/02\/OGLINZI-OARBE-2.jpg'><img loading=\"lazy\" decoding=\"async\" width=\"300\" height=\"200\" src=\"https:\/\/jecza.ro\/wp-content\/uploads\/2025\/02\/OGLINZI-OARBE-2-300x200.jpg\" class=\"attachment-medium size-medium\" alt=\"\" srcset=\"https:\/\/jecza.ro\/wp-content\/uploads\/2025\/02\/OGLINZI-OARBE-2-300x200.jpg 300w, https:\/\/jecza.ro\/wp-content\/uploads\/2025\/02\/OGLINZI-OARBE-2-1024x684.jpg 1024w, https:\/\/jecza.ro\/wp-content\/uploads\/2025\/02\/OGLINZI-OARBE-2-768x513.jpg 768w, https:\/\/jecza.ro\/wp-content\/uploads\/2025\/02\/OGLINZI-OARBE-2-600x401.jpg 600w, https:\/\/jecza.ro\/wp-content\/uploads\/2025\/02\/OGLINZI-OARBE-2.jpg 1080w\" sizes=\"(max-width: 300px) 100vw, 300px\" \/><\/a>\n\t\t\t<\/dt><\/dl><br style=\"clear: both\" \/><dl class='gallery-item'>\n\t\t\t<dt class='gallery-icon portrait'>\n\t\t\t\t<a data-elementor-open-lightbox=\"yes\" data-elementor-lightbox-slideshow=\"66895ca\" data-elementor-lightbox-title=\"BANNER\" data-e-action-hash=\"#elementor-action%3Aaction%3Dlightbox%26settings%3DeyJpZCI6NjY5OCwidXJsIjoiaHR0cHM6XC9cL2plY3phLnJvXC93cC1jb250ZW50XC91cGxvYWRzXC8yMDI1XC8wMlwvQkFOTkVSLmpwZyIsInNsaWRlc2hvdyI6IjY2ODk1Y2EifQ%3D%3D\" href='https:\/\/jecza.ro\/wp-content\/uploads\/2025\/02\/BANNER.jpg'><img loading=\"lazy\" decoding=\"async\" width=\"169\" height=\"300\" src=\"https:\/\/jecza.ro\/wp-content\/uploads\/2025\/02\/BANNER-169x300.jpg\" class=\"attachment-medium size-medium\" alt=\"\" srcset=\"https:\/\/jecza.ro\/wp-content\/uploads\/2025\/02\/BANNER-169x300.jpg 169w, https:\/\/jecza.ro\/wp-content\/uploads\/2025\/02\/BANNER-576x1024.jpg 576w, https:\/\/jecza.ro\/wp-content\/uploads\/2025\/02\/BANNER-600x1068.jpg 600w, https:\/\/jecza.ro\/wp-content\/uploads\/2025\/02\/BANNER.jpg 607w\" sizes=\"(max-width: 169px) 100vw, 169px\" \/><\/a>\n\t\t\t<\/dt><\/dl>\n\t\t\t<br style='clear: both' \/>\n\t\t<\/div>\n\t\t<\/div>\n\t\t\t\t\t\t<\/div>\n\t\t\t\t<\/div>\n\t\t\t\t\t<\/div>\n\t\t\t\t<\/div>\n\t\t\t\t<\/div>\n\t\t","protected":false},"excerpt":{"rendered":"<p>Peter Jecza: Lec\u021bie despre imperfec\u021biune 21 iulie\u00a0 \u2013 18 septembrie 2017 Organizator: Muzeul de Art\u0103 Jean Mihail Craiova, \u00een parteneriat cu Funda\u021bia TRIADE, cu sprijinul Galeriei Jecza Curator: Sorina Ianovici.\u00a0 \u00a0 \u00a0 \u00a0 Expozi\u021bia Peter Jecza: Lec\u021bie despre imperfec\u021biune \u00ee\u0219i propune s\u0103 aduc\u0103 \u00een sfera dezbaterii critice semnifica\u021biile muta\u021biilor pe care cercet\u0103rile artistului din anii [&hellip;]<\/p>\n","protected":false},"author":2,"featured_media":0,"parent":0,"menu_order":0,"comment_status":"closed","ping_status":"closed","template":"","meta":{"_acf_changed":false,"give_campaign_id":0,"footnotes":""},"class_list":["post-6693","page","type-page","status-publish","hentry"],"acf":[],"yoast_head":"<!-- This site is optimized with the Yoast SEO plugin v25.3.1 - https:\/\/yoast.com\/wordpress\/plugins\/seo\/ -->\n<title>2017. Muzeul de Art\u0103 Jean Mihail Craiova - Jecza Museum<\/title>\n<meta name=\"robots\" content=\"index, follow, max-snippet:-1, max-image-preview:large, max-video-preview:-1\" \/>\n<link rel=\"canonical\" href=\"https:\/\/jecza.ro\/index.php\/2017-muzeul-de-arta-jean-mihail-craiova\/\" \/>\n<meta property=\"og:locale\" content=\"en_US\" \/>\n<meta property=\"og:type\" content=\"article\" \/>\n<meta property=\"og:title\" content=\"2017. Muzeul de Art\u0103 Jean Mihail Craiova - Jecza Museum\" \/>\n<meta property=\"og:description\" content=\"Peter Jecza: Lec\u021bie despre imperfec\u021biune 21 iulie\u00a0 \u2013 18 septembrie 2017 Organizator: Muzeul de Art\u0103 Jean Mihail Craiova, \u00een parteneriat cu Funda\u021bia TRIADE, cu sprijinul Galeriei Jecza Curator: Sorina Ianovici.\u00a0 \u00a0 \u00a0 \u00a0 Expozi\u021bia Peter Jecza: Lec\u021bie despre imperfec\u021biune \u00ee\u0219i propune s\u0103 aduc\u0103 \u00een sfera dezbaterii critice semnifica\u021biile muta\u021biilor pe care cercet\u0103rile artistului din anii [&hellip;]\" \/>\n<meta property=\"og:url\" content=\"https:\/\/jecza.ro\/index.php\/2017-muzeul-de-arta-jean-mihail-craiova\/\" \/>\n<meta property=\"og:site_name\" content=\"Jecza Museum\" \/>\n<meta property=\"article:modified_time\" content=\"2025-02-03T03:47:58+00:00\" \/>\n<meta property=\"og:image\" content=\"https:\/\/jecza.ro\/wp-content\/uploads\/2025\/02\/ASPECT-DIN-EXPOZITIE-2-300x200.jpg\" \/>\n<meta name=\"twitter:card\" content=\"summary_large_image\" \/>\n<meta name=\"twitter:label1\" content=\"Est. reading time\" \/>\n\t<meta name=\"twitter:data1\" content=\"2 minutes\" \/>\n<script type=\"application\/ld+json\" class=\"yoast-schema-graph\">{\"@context\":\"https:\/\/schema.org\",\"@graph\":[{\"@type\":\"WebPage\",\"@id\":\"https:\/\/jecza.ro\/index.php\/2017-muzeul-de-arta-jean-mihail-craiova\/\",\"url\":\"https:\/\/jecza.ro\/index.php\/2017-muzeul-de-arta-jean-mihail-craiova\/\",\"name\":\"2017. Muzeul de Art\u0103 Jean Mihail Craiova - Jecza Museum\",\"isPartOf\":{\"@id\":\"https:\/\/jecza.ro\/#website\"},\"primaryImageOfPage\":{\"@id\":\"https:\/\/jecza.ro\/index.php\/2017-muzeul-de-arta-jean-mihail-craiova\/#primaryimage\"},\"image\":{\"@id\":\"https:\/\/jecza.ro\/index.php\/2017-muzeul-de-arta-jean-mihail-craiova\/#primaryimage\"},\"thumbnailUrl\":\"https:\/\/jecza.ro\/wp-content\/uploads\/2025\/02\/ASPECT-DIN-EXPOZITIE-2-300x200.jpg\",\"datePublished\":\"2025-02-03T03:24:39+00:00\",\"dateModified\":\"2025-02-03T03:47:58+00:00\",\"breadcrumb\":{\"@id\":\"https:\/\/jecza.ro\/index.php\/2017-muzeul-de-arta-jean-mihail-craiova\/#breadcrumb\"},\"inLanguage\":\"en-US\",\"potentialAction\":[{\"@type\":\"ReadAction\",\"target\":[\"https:\/\/jecza.ro\/index.php\/2017-muzeul-de-arta-jean-mihail-craiova\/\"]}]},{\"@type\":\"ImageObject\",\"inLanguage\":\"en-US\",\"@id\":\"https:\/\/jecza.ro\/index.php\/2017-muzeul-de-arta-jean-mihail-craiova\/#primaryimage\",\"url\":\"https:\/\/jecza.ro\/wp-content\/uploads\/2025\/02\/ASPECT-DIN-EXPOZITIE-2.jpg\",\"contentUrl\":\"https:\/\/jecza.ro\/wp-content\/uploads\/2025\/02\/ASPECT-DIN-EXPOZITIE-2.jpg\",\"width\":1080,\"height\":721},{\"@type\":\"BreadcrumbList\",\"@id\":\"https:\/\/jecza.ro\/index.php\/2017-muzeul-de-arta-jean-mihail-craiova\/#breadcrumb\",\"itemListElement\":[{\"@type\":\"ListItem\",\"position\":1,\"name\":\"Home\",\"item\":\"https:\/\/jecza.ro\/\"},{\"@type\":\"ListItem\",\"position\":2,\"name\":\"2017. Muzeul de Art\u0103 Jean Mihail Craiova\"}]},{\"@type\":\"WebSite\",\"@id\":\"https:\/\/jecza.ro\/#website\",\"url\":\"https:\/\/jecza.ro\/\",\"name\":\"Jecza Museum\",\"description\":\"\",\"publisher\":{\"@id\":\"https:\/\/jecza.ro\/#organization\"},\"potentialAction\":[{\"@type\":\"SearchAction\",\"target\":{\"@type\":\"EntryPoint\",\"urlTemplate\":\"https:\/\/jecza.ro\/?s={search_term_string}\"},\"query-input\":{\"@type\":\"PropertyValueSpecification\",\"valueRequired\":true,\"valueName\":\"search_term_string\"}}],\"inLanguage\":\"en-US\"},{\"@type\":\"Organization\",\"@id\":\"https:\/\/jecza.ro\/#organization\",\"name\":\"Jecza Museum\",\"url\":\"https:\/\/jecza.ro\/\",\"logo\":{\"@type\":\"ImageObject\",\"inLanguage\":\"en-US\",\"@id\":\"https:\/\/jecza.ro\/#\/schema\/logo\/image\/\",\"url\":\"https:\/\/jecza.ro\/wp-content\/uploads\/2024\/11\/cropped-Jecza-museum-logo-white.png\",\"contentUrl\":\"https:\/\/jecza.ro\/wp-content\/uploads\/2024\/11\/cropped-Jecza-museum-logo-white.png\",\"width\":512,\"height\":512,\"caption\":\"Jecza Museum\"},\"image\":{\"@id\":\"https:\/\/jecza.ro\/#\/schema\/logo\/image\/\"}}]}<\/script>\n<!-- \/ Yoast SEO plugin. -->","yoast_head_json":{"title":"2017. Muzeul de Art\u0103 Jean Mihail Craiova - Jecza Museum","robots":{"index":"index","follow":"follow","max-snippet":"max-snippet:-1","max-image-preview":"max-image-preview:large","max-video-preview":"max-video-preview:-1"},"canonical":"https:\/\/jecza.ro\/index.php\/2017-muzeul-de-arta-jean-mihail-craiova\/","og_locale":"en_US","og_type":"article","og_title":"2017. Muzeul de Art\u0103 Jean Mihail Craiova - Jecza Museum","og_description":"Peter Jecza: Lec\u021bie despre imperfec\u021biune 21 iulie\u00a0 \u2013 18 septembrie 2017 Organizator: Muzeul de Art\u0103 Jean Mihail Craiova, \u00een parteneriat cu Funda\u021bia TRIADE, cu sprijinul Galeriei Jecza Curator: Sorina Ianovici.\u00a0 \u00a0 \u00a0 \u00a0 Expozi\u021bia Peter Jecza: Lec\u021bie despre imperfec\u021biune \u00ee\u0219i propune s\u0103 aduc\u0103 \u00een sfera dezbaterii critice semnifica\u021biile muta\u021biilor pe care cercet\u0103rile artistului din anii [&hellip;]","og_url":"https:\/\/jecza.ro\/index.php\/2017-muzeul-de-arta-jean-mihail-craiova\/","og_site_name":"Jecza Museum","article_modified_time":"2025-02-03T03:47:58+00:00","og_image":[{"url":"https:\/\/jecza.ro\/wp-content\/uploads\/2025\/02\/ASPECT-DIN-EXPOZITIE-2-300x200.jpg","type":"","width":"","height":""}],"twitter_card":"summary_large_image","twitter_misc":{"Est. reading time":"2 minutes"},"schema":{"@context":"https:\/\/schema.org","@graph":[{"@type":"WebPage","@id":"https:\/\/jecza.ro\/index.php\/2017-muzeul-de-arta-jean-mihail-craiova\/","url":"https:\/\/jecza.ro\/index.php\/2017-muzeul-de-arta-jean-mihail-craiova\/","name":"2017. Muzeul de Art\u0103 Jean Mihail Craiova - Jecza Museum","isPartOf":{"@id":"https:\/\/jecza.ro\/#website"},"primaryImageOfPage":{"@id":"https:\/\/jecza.ro\/index.php\/2017-muzeul-de-arta-jean-mihail-craiova\/#primaryimage"},"image":{"@id":"https:\/\/jecza.ro\/index.php\/2017-muzeul-de-arta-jean-mihail-craiova\/#primaryimage"},"thumbnailUrl":"https:\/\/jecza.ro\/wp-content\/uploads\/2025\/02\/ASPECT-DIN-EXPOZITIE-2-300x200.jpg","datePublished":"2025-02-03T03:24:39+00:00","dateModified":"2025-02-03T03:47:58+00:00","breadcrumb":{"@id":"https:\/\/jecza.ro\/index.php\/2017-muzeul-de-arta-jean-mihail-craiova\/#breadcrumb"},"inLanguage":"en-US","potentialAction":[{"@type":"ReadAction","target":["https:\/\/jecza.ro\/index.php\/2017-muzeul-de-arta-jean-mihail-craiova\/"]}]},{"@type":"ImageObject","inLanguage":"en-US","@id":"https:\/\/jecza.ro\/index.php\/2017-muzeul-de-arta-jean-mihail-craiova\/#primaryimage","url":"https:\/\/jecza.ro\/wp-content\/uploads\/2025\/02\/ASPECT-DIN-EXPOZITIE-2.jpg","contentUrl":"https:\/\/jecza.ro\/wp-content\/uploads\/2025\/02\/ASPECT-DIN-EXPOZITIE-2.jpg","width":1080,"height":721},{"@type":"BreadcrumbList","@id":"https:\/\/jecza.ro\/index.php\/2017-muzeul-de-arta-jean-mihail-craiova\/#breadcrumb","itemListElement":[{"@type":"ListItem","position":1,"name":"Home","item":"https:\/\/jecza.ro\/"},{"@type":"ListItem","position":2,"name":"2017. Muzeul de Art\u0103 Jean Mihail Craiova"}]},{"@type":"WebSite","@id":"https:\/\/jecza.ro\/#website","url":"https:\/\/jecza.ro\/","name":"Jecza Museum","description":"","publisher":{"@id":"https:\/\/jecza.ro\/#organization"},"potentialAction":[{"@type":"SearchAction","target":{"@type":"EntryPoint","urlTemplate":"https:\/\/jecza.ro\/?s={search_term_string}"},"query-input":{"@type":"PropertyValueSpecification","valueRequired":true,"valueName":"search_term_string"}}],"inLanguage":"en-US"},{"@type":"Organization","@id":"https:\/\/jecza.ro\/#organization","name":"Jecza Museum","url":"https:\/\/jecza.ro\/","logo":{"@type":"ImageObject","inLanguage":"en-US","@id":"https:\/\/jecza.ro\/#\/schema\/logo\/image\/","url":"https:\/\/jecza.ro\/wp-content\/uploads\/2024\/11\/cropped-Jecza-museum-logo-white.png","contentUrl":"https:\/\/jecza.ro\/wp-content\/uploads\/2024\/11\/cropped-Jecza-museum-logo-white.png","width":512,"height":512,"caption":"Jecza Museum"},"image":{"@id":"https:\/\/jecza.ro\/#\/schema\/logo\/image\/"}}]}},"campaignId":"","_links":{"self":[{"href":"https:\/\/jecza.ro\/index.php\/wp-json\/wp\/v2\/pages\/6693","targetHints":{"allow":["GET"]}}],"collection":[{"href":"https:\/\/jecza.ro\/index.php\/wp-json\/wp\/v2\/pages"}],"about":[{"href":"https:\/\/jecza.ro\/index.php\/wp-json\/wp\/v2\/types\/page"}],"author":[{"embeddable":true,"href":"https:\/\/jecza.ro\/index.php\/wp-json\/wp\/v2\/users\/2"}],"replies":[{"embeddable":true,"href":"https:\/\/jecza.ro\/index.php\/wp-json\/wp\/v2\/comments?post=6693"}],"version-history":[{"count":23,"href":"https:\/\/jecza.ro\/index.php\/wp-json\/wp\/v2\/pages\/6693\/revisions"}],"predecessor-version":[{"id":6756,"href":"https:\/\/jecza.ro\/index.php\/wp-json\/wp\/v2\/pages\/6693\/revisions\/6756"}],"wp:attachment":[{"href":"https:\/\/jecza.ro\/index.php\/wp-json\/wp\/v2\/media?parent=6693"}],"curies":[{"name":"wp","href":"https:\/\/api.w.org\/{rel}","templated":true}]}}