{"id":6666,"date":"2025-02-03T03:15:38","date_gmt":"2025-02-03T03:15:38","guid":{"rendered":"https:\/\/dev.cm.upt.ro\/jecza\/?page_id=6666"},"modified":"2025-02-03T03:43:20","modified_gmt":"2025-02-03T03:43:20","slug":"2013-atelier-grognard-rueuil-malmaison-franta","status":"publish","type":"page","link":"https:\/\/jecza.ro\/index.php\/2013-atelier-grognard-rueuil-malmaison-franta\/","title":{"rendered":"2013. Grognard Rueuil Malmaison Fran\u021ba"},"content":{"rendered":"\t\t<div data-elementor-type=\"wp-page\" data-elementor-id=\"6666\" class=\"elementor elementor-6666\">\n\t\t\t\t<div class=\"elementor-element elementor-element-b82c6bb e-flex e-con-boxed e-con e-parent\" data-id=\"b82c6bb\" data-element_type=\"container\">\n\t\t\t\t\t<div class=\"e-con-inner\">\n\t\t\t\t<div class=\"elementor-element elementor-element-5a53044 elementor-widget elementor-widget-spacer\" data-id=\"5a53044\" data-element_type=\"widget\" data-widget_type=\"spacer.default\">\n\t\t\t\t<div class=\"elementor-widget-container\">\n\t\t\t\t\t\t\t<div class=\"elementor-spacer\">\n\t\t\t<div class=\"elementor-spacer-inner\"><\/div>\n\t\t<\/div>\n\t\t\t\t\t\t<\/div>\n\t\t\t\t<\/div>\n\t\t\t\t\t<\/div>\n\t\t\t\t<\/div>\n\t\t<div class=\"elementor-element elementor-element-936e93a e-flex e-con-boxed e-con e-parent\" data-id=\"936e93a\" data-element_type=\"container\">\n\t\t\t\t\t<div class=\"e-con-inner\">\n\t\t\t\t<div class=\"elementor-element elementor-element-1496b4e elementor-widget elementor-widget-heading\" data-id=\"1496b4e\" data-element_type=\"widget\" data-widget_type=\"heading.default\">\n\t\t\t\t<div class=\"elementor-widget-container\">\n\t\t\t\t\t<h3 class=\"elementor-heading-title elementor-size-default\">RECONSTRUCTION\n\nSculptur\u0103 contemporan\u0103 timi\u0219orean\u0103<\/h3>\t\t\t\t<\/div>\n\t\t\t\t<\/div>\n\t\t\t\t\t<\/div>\n\t\t\t\t<\/div>\n\t\t<div class=\"elementor-element elementor-element-e1dd4a9 e-flex e-con-boxed e-con e-parent\" data-id=\"e1dd4a9\" data-element_type=\"container\">\n\t\t\t\t\t<div class=\"e-con-inner\">\n\t\t\t\t<div class=\"elementor-element elementor-element-4754551 elementor-widget elementor-widget-text-editor\" data-id=\"4754551\" data-element_type=\"widget\" data-widget_type=\"text-editor.default\">\n\t\t\t\t<div class=\"elementor-widget-container\">\n\t\t\t\t\t\t\t\t\t<p>20 septembrie &#8211; 25 noiembrie 2013<\/p>\t\t\t\t\t\t\t\t<\/div>\n\t\t\t\t<\/div>\n\t\t\t\t\t<\/div>\n\t\t\t\t<\/div>\n\t\t<div class=\"elementor-element elementor-element-aaa1f41 e-flex e-con-boxed e-con e-parent\" data-id=\"aaa1f41\" data-element_type=\"container\">\n\t\t\t\t\t<div class=\"e-con-inner\">\n\t\t\t\t<div class=\"elementor-element elementor-element-b95f26a elementor-widget elementor-widget-text-editor\" data-id=\"b95f26a\" data-element_type=\"widget\" data-widget_type=\"text-editor.default\">\n\t\t\t\t<div class=\"elementor-widget-container\">\n\t\t\t\t\t\t\t\t\t<p>Expozi\u021bia ofer\u0103 o selec\u021bie de lucr\u0103ri apar\u021bin\u00e2nd a 12 arti\u0219ti din genera\u021bii diferite, care pot schi\u021ba liniile de for\u021b\u0103 ce definesc \u0219i sus\u021bin sculptura rom\u00e2neasc\u0103 de ast\u0103zi &#8211; \u00eentre acestea, echilibrul dintre form\u0103 \u0219i material, ceea ce duce la exprimarea unui clasicism sui-generis, un clasicism modern, un fel de sintez\u0103.<\/p><p>Majoritatea arti\u0219tilor afirm\u0103, ca o figur\u0103 tutelar\u0103,\u00a0 voca\u021bia verticalit\u0103\u021bii, ceea ce poate duce la presupunerea c\u0103 opera lui Constantin Br\u00e2ncu\u0219i domin\u0103, ca model suveran, crea\u021bia contemporan\u0103 sau, altfel, la observa\u021bia c\u0103 verticalitatea \u00eens\u0103\u0219i exercit\u0103 o tutel\u0103 asupra viziunii rom\u00e2ne\u0219ti, Constantin Br\u00e2ncu\u0219i fiind doar artistul care a dus expresia verticalit\u0103\u021bii la perfec\u021biune.<\/p><p>\u00cen acest cadru generic, arta lui Peter Jecza este plasat\u0103 central. Sculptura sa aduce, \u00een marea expozi\u021bie european\u0103, voca\u021bia spiritualit\u0103\u021bii, adopt\u00e2nd structurile moderne ale limbajului plastic, \u00een cadrul c\u0103rora se angajeaz\u0103 s\u0103 inoveze \u0219i s\u0103 propun\u0103 solu\u021bii proprii.<\/p>\t\t\t\t\t\t\t\t<\/div>\n\t\t\t\t<\/div>\n\t\t\t\t\t<\/div>\n\t\t\t\t<\/div>\n\t\t<div class=\"elementor-element elementor-element-1412ee0 e-flex e-con-boxed e-con e-parent\" data-id=\"1412ee0\" data-element_type=\"container\">\n\t\t\t\t\t<div class=\"e-con-inner\">\n\t\t\t\t<div class=\"elementor-element elementor-element-edb1068 elementor-widget elementor-widget-image-gallery\" data-id=\"edb1068\" data-element_type=\"widget\" data-widget_type=\"image-gallery.default\">\n\t\t\t\t<div class=\"elementor-widget-container\">\n\t\t\t\t\t\t\t<div class=\"elementor-image-gallery\">\n\t\t\t\n\t\t<style type=\"text\/css\">\n\t\t\t#gallery-1 {\n\t\t\t\tmargin: auto;\n\t\t\t}\n\t\t\t#gallery-1 .gallery-item {\n\t\t\t\tfloat: left;\n\t\t\t\tmargin-top: 10px;\n\t\t\t\ttext-align: center;\n\t\t\t\twidth: 33%;\n\t\t\t}\n\t\t\t#gallery-1 img {\n\t\t\t\tborder: 2px solid #cfcfcf;\n\t\t\t}\n\t\t\t#gallery-1 .gallery-caption {\n\t\t\t\tmargin-left: 0;\n\t\t\t}\n\t\t\t\/* see gallery_shortcode() in wp-includes\/media.php *\/\n\t\t<\/style>\n\t\t<div id='gallery-1' class='gallery galleryid-6666 gallery-columns-3 gallery-size-medium'><dl class='gallery-item'>\n\t\t\t<dt class='gallery-icon landscape'>\n\t\t\t\t<a data-elementor-open-lightbox=\"yes\" data-elementor-lightbox-slideshow=\"edb1068\" data-elementor-lightbox-title=\"ANSAMBLU-3-JECZA\" data-e-action-hash=\"#elementor-action%3Aaction%3Dlightbox%26settings%3DeyJpZCI6NjY3NSwidXJsIjoiaHR0cHM6XC9cL2plY3phLnJvXC93cC1jb250ZW50XC91cGxvYWRzXC8yMDI1XC8wMlwvQU5TQU1CTFUtMy1KRUNaQS5qcGciLCJzbGlkZXNob3ciOiJlZGIxMDY4In0%3D\" href='https:\/\/jecza.ro\/wp-content\/uploads\/2025\/02\/ANSAMBLU-3-JECZA.jpg'><img fetchpriority=\"high\" decoding=\"async\" width=\"300\" height=\"225\" src=\"https:\/\/jecza.ro\/wp-content\/uploads\/2025\/02\/ANSAMBLU-3-JECZA-300x225.jpg\" class=\"attachment-medium size-medium\" alt=\"\" srcset=\"https:\/\/jecza.ro\/wp-content\/uploads\/2025\/02\/ANSAMBLU-3-JECZA-300x225.jpg 300w, https:\/\/jecza.ro\/wp-content\/uploads\/2025\/02\/ANSAMBLU-3-JECZA-1024x768.jpg 1024w, https:\/\/jecza.ro\/wp-content\/uploads\/2025\/02\/ANSAMBLU-3-JECZA-768x576.jpg 768w, https:\/\/jecza.ro\/wp-content\/uploads\/2025\/02\/ANSAMBLU-3-JECZA-600x450.jpg 600w, https:\/\/jecza.ro\/wp-content\/uploads\/2025\/02\/ANSAMBLU-3-JECZA.jpg 1080w\" sizes=\"(max-width: 300px) 100vw, 300px\" \/><\/a>\n\t\t\t<\/dt><\/dl><dl class='gallery-item'>\n\t\t\t<dt class='gallery-icon landscape'>\n\t\t\t\t<a data-elementor-open-lightbox=\"yes\" data-elementor-lightbox-slideshow=\"edb1068\" data-elementor-lightbox-title=\"ANSAMBLU-JECZA-ZBOR-IN-DOI-BUNAVESTIRE\" data-e-action-hash=\"#elementor-action%3Aaction%3Dlightbox%26settings%3DeyJpZCI6NjY3NCwidXJsIjoiaHR0cHM6XC9cL2plY3phLnJvXC93cC1jb250ZW50XC91cGxvYWRzXC8yMDI1XC8wMlwvQU5TQU1CTFUtSkVDWkEtWkJPUi1JTi1ET0ktQlVOQVZFU1RJUkUuanBnIiwic2xpZGVzaG93IjoiZWRiMTA2OCJ9\" href='https:\/\/jecza.ro\/wp-content\/uploads\/2025\/02\/ANSAMBLU-JECZA-ZBOR-IN-DOI-BUNAVESTIRE.jpg'><img decoding=\"async\" width=\"300\" height=\"225\" src=\"https:\/\/jecza.ro\/wp-content\/uploads\/2025\/02\/ANSAMBLU-JECZA-ZBOR-IN-DOI-BUNAVESTIRE-300x225.jpg\" class=\"attachment-medium size-medium\" alt=\"\" srcset=\"https:\/\/jecza.ro\/wp-content\/uploads\/2025\/02\/ANSAMBLU-JECZA-ZBOR-IN-DOI-BUNAVESTIRE-300x225.jpg 300w, https:\/\/jecza.ro\/wp-content\/uploads\/2025\/02\/ANSAMBLU-JECZA-ZBOR-IN-DOI-BUNAVESTIRE-1024x768.jpg 1024w, https:\/\/jecza.ro\/wp-content\/uploads\/2025\/02\/ANSAMBLU-JECZA-ZBOR-IN-DOI-BUNAVESTIRE-768x576.jpg 768w, https:\/\/jecza.ro\/wp-content\/uploads\/2025\/02\/ANSAMBLU-JECZA-ZBOR-IN-DOI-BUNAVESTIRE-600x450.jpg 600w, https:\/\/jecza.ro\/wp-content\/uploads\/2025\/02\/ANSAMBLU-JECZA-ZBOR-IN-DOI-BUNAVESTIRE.jpg 1080w\" sizes=\"(max-width: 300px) 100vw, 300px\" \/><\/a>\n\t\t\t<\/dt><\/dl><dl class='gallery-item'>\n\t\t\t<dt class='gallery-icon landscape'>\n\t\t\t\t<a data-elementor-open-lightbox=\"yes\" data-elementor-lightbox-slideshow=\"edb1068\" data-elementor-lightbox-title=\"JECZA-NIKE\" data-e-action-hash=\"#elementor-action%3Aaction%3Dlightbox%26settings%3DeyJpZCI6NjY3NiwidXJsIjoiaHR0cHM6XC9cL2plY3phLnJvXC93cC1jb250ZW50XC91cGxvYWRzXC8yMDI1XC8wMlwvSkVDWkEtTklLRS5qcGciLCJzbGlkZXNob3ciOiJlZGIxMDY4In0%3D\" href='https:\/\/jecza.ro\/wp-content\/uploads\/2025\/02\/JECZA-NIKE.jpg'><img decoding=\"async\" width=\"300\" height=\"225\" src=\"https:\/\/jecza.ro\/wp-content\/uploads\/2025\/02\/JECZA-NIKE-300x225.jpg\" class=\"attachment-medium size-medium\" alt=\"\" srcset=\"https:\/\/jecza.ro\/wp-content\/uploads\/2025\/02\/JECZA-NIKE-300x225.jpg 300w, https:\/\/jecza.ro\/wp-content\/uploads\/2025\/02\/JECZA-NIKE-1024x768.jpg 1024w, https:\/\/jecza.ro\/wp-content\/uploads\/2025\/02\/JECZA-NIKE-768x576.jpg 768w, https:\/\/jecza.ro\/wp-content\/uploads\/2025\/02\/JECZA-NIKE-600x450.jpg 600w, https:\/\/jecza.ro\/wp-content\/uploads\/2025\/02\/JECZA-NIKE.jpg 1080w\" sizes=\"(max-width: 300px) 100vw, 300px\" \/><\/a>\n\t\t\t<\/dt><\/dl><br style=\"clear: both\" \/><dl class='gallery-item'>\n\t\t\t<dt class='gallery-icon landscape'>\n\t\t\t\t<a data-elementor-open-lightbox=\"yes\" data-elementor-lightbox-slideshow=\"edb1068\" data-elementor-lightbox-title=\"JECZA-DISLOCAREA-SFEREI\" data-e-action-hash=\"#elementor-action%3Aaction%3Dlightbox%26settings%3DeyJpZCI6NjY3MywidXJsIjoiaHR0cHM6XC9cL2plY3phLnJvXC93cC1jb250ZW50XC91cGxvYWRzXC8yMDI1XC8wMlwvSkVDWkEtRElTTE9DQVJFQS1TRkVSRUkuanBnIiwic2xpZGVzaG93IjoiZWRiMTA2OCJ9\" href='https:\/\/jecza.ro\/wp-content\/uploads\/2025\/02\/JECZA-DISLOCAREA-SFEREI.jpg'><img loading=\"lazy\" decoding=\"async\" width=\"300\" height=\"225\" src=\"https:\/\/jecza.ro\/wp-content\/uploads\/2025\/02\/JECZA-DISLOCAREA-SFEREI-300x225.jpg\" class=\"attachment-medium size-medium\" alt=\"\" srcset=\"https:\/\/jecza.ro\/wp-content\/uploads\/2025\/02\/JECZA-DISLOCAREA-SFEREI-300x225.jpg 300w, https:\/\/jecza.ro\/wp-content\/uploads\/2025\/02\/JECZA-DISLOCAREA-SFEREI-1024x768.jpg 1024w, https:\/\/jecza.ro\/wp-content\/uploads\/2025\/02\/JECZA-DISLOCAREA-SFEREI-768x576.jpg 768w, https:\/\/jecza.ro\/wp-content\/uploads\/2025\/02\/JECZA-DISLOCAREA-SFEREI-600x450.jpg 600w, https:\/\/jecza.ro\/wp-content\/uploads\/2025\/02\/JECZA-DISLOCAREA-SFEREI.jpg 1080w\" sizes=\"(max-width: 300px) 100vw, 300px\" \/><\/a>\n\t\t\t<\/dt><\/dl><dl class='gallery-item'>\n\t\t\t<dt class='gallery-icon landscape'>\n\t\t\t\t<a data-elementor-open-lightbox=\"yes\" data-elementor-lightbox-slideshow=\"edb1068\" data-elementor-lightbox-title=\"VIZITATORI-JECZA-2\" data-e-action-hash=\"#elementor-action%3Aaction%3Dlightbox%26settings%3DeyJpZCI6NjY3MiwidXJsIjoiaHR0cHM6XC9cL2plY3phLnJvXC93cC1jb250ZW50XC91cGxvYWRzXC8yMDI1XC8wMlwvVklaSVRBVE9SSS1KRUNaQS0yLmpwZyIsInNsaWRlc2hvdyI6ImVkYjEwNjgifQ%3D%3D\" href='https:\/\/jecza.ro\/wp-content\/uploads\/2025\/02\/VIZITATORI-JECZA-2.jpg'><img loading=\"lazy\" decoding=\"async\" width=\"300\" height=\"225\" src=\"https:\/\/jecza.ro\/wp-content\/uploads\/2025\/02\/VIZITATORI-JECZA-2-300x225.jpg\" class=\"attachment-medium size-medium\" alt=\"\" srcset=\"https:\/\/jecza.ro\/wp-content\/uploads\/2025\/02\/VIZITATORI-JECZA-2-300x225.jpg 300w, https:\/\/jecza.ro\/wp-content\/uploads\/2025\/02\/VIZITATORI-JECZA-2-1024x768.jpg 1024w, https:\/\/jecza.ro\/wp-content\/uploads\/2025\/02\/VIZITATORI-JECZA-2-768x576.jpg 768w, https:\/\/jecza.ro\/wp-content\/uploads\/2025\/02\/VIZITATORI-JECZA-2-600x450.jpg 600w, https:\/\/jecza.ro\/wp-content\/uploads\/2025\/02\/VIZITATORI-JECZA-2.jpg 1080w\" sizes=\"(max-width: 300px) 100vw, 300px\" \/><\/a>\n\t\t\t<\/dt><\/dl><dl class='gallery-item'>\n\t\t\t<dt class='gallery-icon landscape'>\n\t\t\t\t<a data-elementor-open-lightbox=\"yes\" data-elementor-lightbox-slideshow=\"edb1068\" data-elementor-lightbox-title=\"VIZITATORI-JECZA-3\" data-e-action-hash=\"#elementor-action%3Aaction%3Dlightbox%26settings%3DeyJpZCI6NjY3MSwidXJsIjoiaHR0cHM6XC9cL2plY3phLnJvXC93cC1jb250ZW50XC91cGxvYWRzXC8yMDI1XC8wMlwvVklaSVRBVE9SSS1KRUNaQS0zLmpwZyIsInNsaWRlc2hvdyI6ImVkYjEwNjgifQ%3D%3D\" href='https:\/\/jecza.ro\/wp-content\/uploads\/2025\/02\/VIZITATORI-JECZA-3.jpg'><img loading=\"lazy\" decoding=\"async\" width=\"300\" height=\"225\" src=\"https:\/\/jecza.ro\/wp-content\/uploads\/2025\/02\/VIZITATORI-JECZA-3-300x225.jpg\" class=\"attachment-medium size-medium\" alt=\"\" srcset=\"https:\/\/jecza.ro\/wp-content\/uploads\/2025\/02\/VIZITATORI-JECZA-3-300x225.jpg 300w, https:\/\/jecza.ro\/wp-content\/uploads\/2025\/02\/VIZITATORI-JECZA-3-1024x768.jpg 1024w, https:\/\/jecza.ro\/wp-content\/uploads\/2025\/02\/VIZITATORI-JECZA-3-768x576.jpg 768w, https:\/\/jecza.ro\/wp-content\/uploads\/2025\/02\/VIZITATORI-JECZA-3-600x450.jpg 600w, https:\/\/jecza.ro\/wp-content\/uploads\/2025\/02\/VIZITATORI-JECZA-3.jpg 1080w\" sizes=\"(max-width: 300px) 100vw, 300px\" \/><\/a>\n\t\t\t<\/dt><\/dl><br style=\"clear: both\" \/>\n\t\t<\/div>\n\t\t<\/div>\n\t\t\t\t\t\t<\/div>\n\t\t\t\t<\/div>\n\t\t\t\t\t<\/div>\n\t\t\t\t<\/div>\n\t\t\t\t<\/div>\n\t\t","protected":false},"excerpt":{"rendered":"<p>RECONSTRUCTION Sculptur\u0103 contemporan\u0103 timi\u0219orean\u0103 20 septembrie &#8211; 25 noiembrie 2013 Expozi\u021bia ofer\u0103 o selec\u021bie de lucr\u0103ri apar\u021bin\u00e2nd a 12 arti\u0219ti din genera\u021bii diferite, care pot schi\u021ba liniile de for\u021b\u0103 ce definesc \u0219i sus\u021bin sculptura rom\u00e2neasc\u0103 de ast\u0103zi &#8211; \u00eentre acestea, echilibrul dintre form\u0103 \u0219i material, ceea ce duce la exprimarea unui clasicism sui-generis, un clasicism [&hellip;]<\/p>\n","protected":false},"author":2,"featured_media":0,"parent":0,"menu_order":0,"comment_status":"closed","ping_status":"closed","template":"","meta":{"_acf_changed":false,"give_campaign_id":0,"footnotes":""},"class_list":["post-6666","page","type-page","status-publish","hentry"],"acf":[],"yoast_head":"<!-- This site is optimized with the Yoast SEO plugin v25.3.1 - https:\/\/yoast.com\/wordpress\/plugins\/seo\/ -->\n<title>2013. Grognard Rueuil Malmaison Fran\u021ba - Jecza Museum<\/title>\n<meta name=\"robots\" content=\"index, follow, max-snippet:-1, max-image-preview:large, max-video-preview:-1\" \/>\n<link rel=\"canonical\" href=\"https:\/\/jecza.ro\/index.php\/2013-atelier-grognard-rueuil-malmaison-franta\/\" \/>\n<meta property=\"og:locale\" content=\"en_US\" \/>\n<meta property=\"og:type\" content=\"article\" \/>\n<meta property=\"og:title\" content=\"2013. Grognard Rueuil Malmaison Fran\u021ba - Jecza Museum\" \/>\n<meta property=\"og:description\" content=\"RECONSTRUCTION Sculptur\u0103 contemporan\u0103 timi\u0219orean\u0103 20 septembrie &#8211; 25 noiembrie 2013 Expozi\u021bia ofer\u0103 o selec\u021bie de lucr\u0103ri apar\u021bin\u00e2nd a 12 arti\u0219ti din genera\u021bii diferite, care pot schi\u021ba liniile de for\u021b\u0103 ce definesc \u0219i sus\u021bin sculptura rom\u00e2neasc\u0103 de ast\u0103zi &#8211; \u00eentre acestea, echilibrul dintre form\u0103 \u0219i material, ceea ce duce la exprimarea unui clasicism sui-generis, un clasicism [&hellip;]\" \/>\n<meta property=\"og:url\" content=\"https:\/\/jecza.ro\/index.php\/2013-atelier-grognard-rueuil-malmaison-franta\/\" \/>\n<meta property=\"og:site_name\" content=\"Jecza Museum\" \/>\n<meta property=\"article:modified_time\" content=\"2025-02-03T03:43:20+00:00\" \/>\n<meta property=\"og:image\" content=\"https:\/\/jecza.ro\/wp-content\/uploads\/2025\/02\/ANSAMBLU-3-JECZA-300x225.jpg\" \/>\n<meta name=\"twitter:card\" content=\"summary_large_image\" \/>\n<meta name=\"twitter:label1\" content=\"Est. reading time\" \/>\n\t<meta name=\"twitter:data1\" content=\"2 minutes\" \/>\n<script type=\"application\/ld+json\" class=\"yoast-schema-graph\">{\"@context\":\"https:\/\/schema.org\",\"@graph\":[{\"@type\":\"WebPage\",\"@id\":\"https:\/\/jecza.ro\/index.php\/2013-atelier-grognard-rueuil-malmaison-franta\/\",\"url\":\"https:\/\/jecza.ro\/index.php\/2013-atelier-grognard-rueuil-malmaison-franta\/\",\"name\":\"2013. Grognard Rueuil Malmaison Fran\u021ba - Jecza Museum\",\"isPartOf\":{\"@id\":\"https:\/\/jecza.ro\/#website\"},\"primaryImageOfPage\":{\"@id\":\"https:\/\/jecza.ro\/index.php\/2013-atelier-grognard-rueuil-malmaison-franta\/#primaryimage\"},\"image\":{\"@id\":\"https:\/\/jecza.ro\/index.php\/2013-atelier-grognard-rueuil-malmaison-franta\/#primaryimage\"},\"thumbnailUrl\":\"https:\/\/jecza.ro\/wp-content\/uploads\/2025\/02\/ANSAMBLU-3-JECZA-300x225.jpg\",\"datePublished\":\"2025-02-03T03:15:38+00:00\",\"dateModified\":\"2025-02-03T03:43:20+00:00\",\"breadcrumb\":{\"@id\":\"https:\/\/jecza.ro\/index.php\/2013-atelier-grognard-rueuil-malmaison-franta\/#breadcrumb\"},\"inLanguage\":\"en-US\",\"potentialAction\":[{\"@type\":\"ReadAction\",\"target\":[\"https:\/\/jecza.ro\/index.php\/2013-atelier-grognard-rueuil-malmaison-franta\/\"]}]},{\"@type\":\"ImageObject\",\"inLanguage\":\"en-US\",\"@id\":\"https:\/\/jecza.ro\/index.php\/2013-atelier-grognard-rueuil-malmaison-franta\/#primaryimage\",\"url\":\"https:\/\/jecza.ro\/wp-content\/uploads\/2025\/02\/ANSAMBLU-3-JECZA.jpg\",\"contentUrl\":\"https:\/\/jecza.ro\/wp-content\/uploads\/2025\/02\/ANSAMBLU-3-JECZA.jpg\",\"width\":1080,\"height\":810},{\"@type\":\"BreadcrumbList\",\"@id\":\"https:\/\/jecza.ro\/index.php\/2013-atelier-grognard-rueuil-malmaison-franta\/#breadcrumb\",\"itemListElement\":[{\"@type\":\"ListItem\",\"position\":1,\"name\":\"Home\",\"item\":\"https:\/\/jecza.ro\/\"},{\"@type\":\"ListItem\",\"position\":2,\"name\":\"2013. Grognard Rueuil Malmaison Fran\u021ba\"}]},{\"@type\":\"WebSite\",\"@id\":\"https:\/\/jecza.ro\/#website\",\"url\":\"https:\/\/jecza.ro\/\",\"name\":\"Jecza Museum\",\"description\":\"\",\"publisher\":{\"@id\":\"https:\/\/jecza.ro\/#organization\"},\"potentialAction\":[{\"@type\":\"SearchAction\",\"target\":{\"@type\":\"EntryPoint\",\"urlTemplate\":\"https:\/\/jecza.ro\/?s={search_term_string}\"},\"query-input\":{\"@type\":\"PropertyValueSpecification\",\"valueRequired\":true,\"valueName\":\"search_term_string\"}}],\"inLanguage\":\"en-US\"},{\"@type\":\"Organization\",\"@id\":\"https:\/\/jecza.ro\/#organization\",\"name\":\"Jecza Museum\",\"url\":\"https:\/\/jecza.ro\/\",\"logo\":{\"@type\":\"ImageObject\",\"inLanguage\":\"en-US\",\"@id\":\"https:\/\/jecza.ro\/#\/schema\/logo\/image\/\",\"url\":\"https:\/\/jecza.ro\/wp-content\/uploads\/2024\/11\/cropped-Jecza-museum-logo-white.png\",\"contentUrl\":\"https:\/\/jecza.ro\/wp-content\/uploads\/2024\/11\/cropped-Jecza-museum-logo-white.png\",\"width\":512,\"height\":512,\"caption\":\"Jecza Museum\"},\"image\":{\"@id\":\"https:\/\/jecza.ro\/#\/schema\/logo\/image\/\"}}]}<\/script>\n<!-- \/ Yoast SEO plugin. -->","yoast_head_json":{"title":"2013. Grognard Rueuil Malmaison Fran\u021ba - Jecza Museum","robots":{"index":"index","follow":"follow","max-snippet":"max-snippet:-1","max-image-preview":"max-image-preview:large","max-video-preview":"max-video-preview:-1"},"canonical":"https:\/\/jecza.ro\/index.php\/2013-atelier-grognard-rueuil-malmaison-franta\/","og_locale":"en_US","og_type":"article","og_title":"2013. Grognard Rueuil Malmaison Fran\u021ba - Jecza Museum","og_description":"RECONSTRUCTION Sculptur\u0103 contemporan\u0103 timi\u0219orean\u0103 20 septembrie &#8211; 25 noiembrie 2013 Expozi\u021bia ofer\u0103 o selec\u021bie de lucr\u0103ri apar\u021bin\u00e2nd a 12 arti\u0219ti din genera\u021bii diferite, care pot schi\u021ba liniile de for\u021b\u0103 ce definesc \u0219i sus\u021bin sculptura rom\u00e2neasc\u0103 de ast\u0103zi &#8211; \u00eentre acestea, echilibrul dintre form\u0103 \u0219i material, ceea ce duce la exprimarea unui clasicism sui-generis, un clasicism [&hellip;]","og_url":"https:\/\/jecza.ro\/index.php\/2013-atelier-grognard-rueuil-malmaison-franta\/","og_site_name":"Jecza Museum","article_modified_time":"2025-02-03T03:43:20+00:00","og_image":[{"url":"https:\/\/jecza.ro\/wp-content\/uploads\/2025\/02\/ANSAMBLU-3-JECZA-300x225.jpg","type":"","width":"","height":""}],"twitter_card":"summary_large_image","twitter_misc":{"Est. reading time":"2 minutes"},"schema":{"@context":"https:\/\/schema.org","@graph":[{"@type":"WebPage","@id":"https:\/\/jecza.ro\/index.php\/2013-atelier-grognard-rueuil-malmaison-franta\/","url":"https:\/\/jecza.ro\/index.php\/2013-atelier-grognard-rueuil-malmaison-franta\/","name":"2013. Grognard Rueuil Malmaison Fran\u021ba - Jecza Museum","isPartOf":{"@id":"https:\/\/jecza.ro\/#website"},"primaryImageOfPage":{"@id":"https:\/\/jecza.ro\/index.php\/2013-atelier-grognard-rueuil-malmaison-franta\/#primaryimage"},"image":{"@id":"https:\/\/jecza.ro\/index.php\/2013-atelier-grognard-rueuil-malmaison-franta\/#primaryimage"},"thumbnailUrl":"https:\/\/jecza.ro\/wp-content\/uploads\/2025\/02\/ANSAMBLU-3-JECZA-300x225.jpg","datePublished":"2025-02-03T03:15:38+00:00","dateModified":"2025-02-03T03:43:20+00:00","breadcrumb":{"@id":"https:\/\/jecza.ro\/index.php\/2013-atelier-grognard-rueuil-malmaison-franta\/#breadcrumb"},"inLanguage":"en-US","potentialAction":[{"@type":"ReadAction","target":["https:\/\/jecza.ro\/index.php\/2013-atelier-grognard-rueuil-malmaison-franta\/"]}]},{"@type":"ImageObject","inLanguage":"en-US","@id":"https:\/\/jecza.ro\/index.php\/2013-atelier-grognard-rueuil-malmaison-franta\/#primaryimage","url":"https:\/\/jecza.ro\/wp-content\/uploads\/2025\/02\/ANSAMBLU-3-JECZA.jpg","contentUrl":"https:\/\/jecza.ro\/wp-content\/uploads\/2025\/02\/ANSAMBLU-3-JECZA.jpg","width":1080,"height":810},{"@type":"BreadcrumbList","@id":"https:\/\/jecza.ro\/index.php\/2013-atelier-grognard-rueuil-malmaison-franta\/#breadcrumb","itemListElement":[{"@type":"ListItem","position":1,"name":"Home","item":"https:\/\/jecza.ro\/"},{"@type":"ListItem","position":2,"name":"2013. Grognard Rueuil Malmaison Fran\u021ba"}]},{"@type":"WebSite","@id":"https:\/\/jecza.ro\/#website","url":"https:\/\/jecza.ro\/","name":"Jecza Museum","description":"","publisher":{"@id":"https:\/\/jecza.ro\/#organization"},"potentialAction":[{"@type":"SearchAction","target":{"@type":"EntryPoint","urlTemplate":"https:\/\/jecza.ro\/?s={search_term_string}"},"query-input":{"@type":"PropertyValueSpecification","valueRequired":true,"valueName":"search_term_string"}}],"inLanguage":"en-US"},{"@type":"Organization","@id":"https:\/\/jecza.ro\/#organization","name":"Jecza Museum","url":"https:\/\/jecza.ro\/","logo":{"@type":"ImageObject","inLanguage":"en-US","@id":"https:\/\/jecza.ro\/#\/schema\/logo\/image\/","url":"https:\/\/jecza.ro\/wp-content\/uploads\/2024\/11\/cropped-Jecza-museum-logo-white.png","contentUrl":"https:\/\/jecza.ro\/wp-content\/uploads\/2024\/11\/cropped-Jecza-museum-logo-white.png","width":512,"height":512,"caption":"Jecza Museum"},"image":{"@id":"https:\/\/jecza.ro\/#\/schema\/logo\/image\/"}}]}},"campaignId":"","_links":{"self":[{"href":"https:\/\/jecza.ro\/index.php\/wp-json\/wp\/v2\/pages\/6666","targetHints":{"allow":["GET"]}}],"collection":[{"href":"https:\/\/jecza.ro\/index.php\/wp-json\/wp\/v2\/pages"}],"about":[{"href":"https:\/\/jecza.ro\/index.php\/wp-json\/wp\/v2\/types\/page"}],"author":[{"embeddable":true,"href":"https:\/\/jecza.ro\/index.php\/wp-json\/wp\/v2\/users\/2"}],"replies":[{"embeddable":true,"href":"https:\/\/jecza.ro\/index.php\/wp-json\/wp\/v2\/comments?post=6666"}],"version-history":[{"count":14,"href":"https:\/\/jecza.ro\/index.php\/wp-json\/wp\/v2\/pages\/6666\/revisions"}],"predecessor-version":[{"id":6746,"href":"https:\/\/jecza.ro\/index.php\/wp-json\/wp\/v2\/pages\/6666\/revisions\/6746"}],"wp:attachment":[{"href":"https:\/\/jecza.ro\/index.php\/wp-json\/wp\/v2\/media?parent=6666"}],"curies":[{"name":"wp","href":"https:\/\/api.w.org\/{rel}","templated":true}]}}