{"id":6599,"date":"2025-02-03T02:32:27","date_gmt":"2025-02-03T02:32:27","guid":{"rendered":"https:\/\/dev.cm.upt.ro\/jecza\/?page_id=6599"},"modified":"2025-02-03T02:45:24","modified_gmt":"2025-02-03T02:45:24","slug":"2009-galeria-zikkurat-budapesta","status":"publish","type":"page","link":"https:\/\/jecza.ro\/index.php\/2009-galeria-zikkurat-budapesta\/","title":{"rendered":"2009. Galeria Zikkurat Budapesta"},"content":{"rendered":"\t\t<div data-elementor-type=\"wp-page\" data-elementor-id=\"6599\" class=\"elementor elementor-6599\">\n\t\t\t\t<div class=\"elementor-element elementor-element-b1698e2 e-flex e-con-boxed e-con e-parent\" data-id=\"b1698e2\" data-element_type=\"container\">\n\t\t\t\t\t<div class=\"e-con-inner\">\n\t\t\t\t<div class=\"elementor-element elementor-element-a89ce0c elementor-widget elementor-widget-spacer\" data-id=\"a89ce0c\" data-element_type=\"widget\" data-widget_type=\"spacer.default\">\n\t\t\t\t<div class=\"elementor-widget-container\">\n\t\t\t\t\t\t\t<div class=\"elementor-spacer\">\n\t\t\t<div class=\"elementor-spacer-inner\"><\/div>\n\t\t<\/div>\n\t\t\t\t\t\t<\/div>\n\t\t\t\t<\/div>\n\t\t\t\t\t<\/div>\n\t\t\t\t<\/div>\n\t\t<div class=\"elementor-element elementor-element-a795e17 e-flex e-con-boxed e-con e-parent\" data-id=\"a795e17\" data-element_type=\"container\">\n\t\t\t\t\t<div class=\"e-con-inner\">\n\t\t\t\t<div class=\"elementor-element elementor-element-b2a49b7 elementor-widget elementor-widget-heading\" data-id=\"b2a49b7\" data-element_type=\"widget\" data-widget_type=\"heading.default\">\n\t\t\t\t<div class=\"elementor-widget-container\">\n\t\t\t\t\t<h3 class=\"elementor-heading-title elementor-size-default\">STR\u0102LUCIRI. In memoriam.<\/h3>\t\t\t\t<\/div>\n\t\t\t\t<\/div>\n\t\t\t\t\t<\/div>\n\t\t\t\t<\/div>\n\t\t<div class=\"elementor-element elementor-element-3aaa6fa e-flex e-con-boxed e-con e-parent\" data-id=\"3aaa6fa\" data-element_type=\"container\">\n\t\t\t\t\t<div class=\"e-con-inner\">\n\t\t\t\t<div class=\"elementor-element elementor-element-89eb398 elementor-widget elementor-widget-text-editor\" data-id=\"89eb398\" data-element_type=\"widget\" data-widget_type=\"text-editor.default\">\n\t\t\t\t<div class=\"elementor-widget-container\">\n\t\t\t\t\t\t\t\t\t<p>3 iunie &#8211; 30 septembrie 2009<\/p>\t\t\t\t\t\t\t\t<\/div>\n\t\t\t\t<\/div>\n\t\t\t\t\t<\/div>\n\t\t\t\t<\/div>\n\t\t<div class=\"elementor-element elementor-element-33d4390 e-flex e-con-boxed e-con e-parent\" data-id=\"33d4390\" data-element_type=\"container\">\n\t\t\t\t\t<div class=\"e-con-inner\">\n\t\t\t\t<div class=\"elementor-element elementor-element-cfe654e elementor-widget elementor-widget-image\" data-id=\"cfe654e\" data-element_type=\"widget\" data-widget_type=\"image.default\">\n\t\t\t\t<div class=\"elementor-widget-container\">\n\t\t\t\t\t\t\t\t\t\t\t\t\t\t\t<img decoding=\"async\" src=\"https:\/\/jecza.ro\/wp-content\/uploads\/2021\/01\/2009zigurat.jpg\" title=\"\" alt=\"\" loading=\"lazy\" \/>\t\t\t\t\t\t\t\t\t\t\t\t\t\t\t<\/div>\n\t\t\t\t<\/div>\n\t\t\t\t\t<\/div>\n\t\t\t\t<\/div>\n\t\t<div class=\"elementor-element elementor-element-58762ee e-flex e-con-boxed e-con e-parent\" data-id=\"58762ee\" data-element_type=\"container\">\n\t\t\t\t\t<div class=\"e-con-inner\">\n\t\t\t\t<div class=\"elementor-element elementor-element-dc3efae elementor-widget elementor-widget-text-editor\" data-id=\"dc3efae\" data-element_type=\"widget\" data-widget_type=\"text-editor.default\">\n\t\t\t\t<div class=\"elementor-widget-container\">\n\t\t\t\t\t\t\t\t\t<p>Curatori: Horv\u00e1th K\u00e1roly \u015fi Sorina Jecza<\/p>\t\t\t\t\t\t\t\t<\/div>\n\t\t\t\t<\/div>\n\t\t\t\t\t<\/div>\n\t\t\t\t<\/div>\n\t\t<div class=\"elementor-element elementor-element-19667d3 e-flex e-con-boxed e-con e-parent\" data-id=\"19667d3\" data-element_type=\"container\">\n\t\t\t\t\t<div class=\"e-con-inner\">\n\t\t\t\t<div class=\"elementor-element elementor-element-5755552 elementor-widget elementor-widget-text-editor\" data-id=\"5755552\" data-element_type=\"widget\" data-widget_type=\"text-editor.default\">\n\t\t\t\t<div class=\"elementor-widget-container\">\n\t\t\t\t\t\t\t\t\t<p>Cuv\u00e2ntul de deschidere: \u00a0Alf\u00f6ldi Robert, directorul Teatrului Na\u0163ional, ,\u00a0\u00a0Dr. Ernyey Gyula, critic de art\u0103, Br\u00e2ndu\u015fa Armanca, directoarea Institutului Cultural Rom\u00e2n din Budapesta, Sorina Jecza<\/p>\t\t\t\t\t\t\t\t<\/div>\n\t\t\t\t<\/div>\n\t\t\t\t\t<\/div>\n\t\t\t\t<\/div>\n\t\t<div class=\"elementor-element elementor-element-6d73ba4 e-flex e-con-boxed e-con e-parent\" data-id=\"6d73ba4\" data-element_type=\"container\">\n\t\t\t\t\t<div class=\"e-con-inner\">\n\t\t\t\t<div class=\"elementor-element elementor-element-7eda5a8 elementor-widget elementor-widget-text-editor\" data-id=\"7eda5a8\" data-element_type=\"widget\" data-widget_type=\"text-editor.default\">\n\t\t\t\t<div class=\"elementor-widget-container\">\n\t\t\t\t\t\t\t\t\t<p>Organizat\u0103\u00a0 \u00een anul \u00een care artistul ar fi implinit 70 de ani, expozi\u0163ia prezint\u0103 o selec\u0163ie de 50 de lucr\u0103ri din crea\u0163ia lui Peter Jecza, apte s\u0103 sus\u0163in\u0103 o perspectiv\u0103 sintetic\u0103 asupra operei sale. Pornind de la c\u00e2teva lucr\u0103ri mai vechi, considerate ca punct de referin\u0163\u0103 pentru crea\u0163ia ulterioar\u0103 &#8211; <i>Medita\u0163ie<\/i> 1970, <i>Univers dantesc<\/i> 1978, <i>Zidul <\/i>1988 &#8211; expozi\u0163ia construie\u015fte amplul discurs al ciclului <i>Monade, <\/i>\u00eenceput \u00een jurul anului 1980 \u015fi dezvoltat p\u00e2n\u0103 recent. Sunt incluse, \u00eentr-un parcurs logic, dezvolt\u0103rile colaterale acestui ciclu al monadelor, respectiv acelea ale <i>monadelor duble<\/i> sau al<i> triadelor<\/i>. O sal\u0103 aparte este dedicat\u0103 ciclului de <i>Oglinzi<\/i> (<i>Oglind\u0103 oarb\u0103\u00a0 I, IV, V, Oglind\u0103 v\u0103z\u0103toare, Oglind\u0103 spart\u0103<\/i>).\u00a0<\/p>\t\t\t\t\t\t\t\t<\/div>\n\t\t\t\t<\/div>\n\t\t\t\t\t<\/div>\n\t\t\t\t<\/div>\n\t\t<div class=\"elementor-element elementor-element-65877ee e-flex e-con-boxed e-con e-parent\" data-id=\"65877ee\" data-element_type=\"container\">\n\t\t\t\t\t<div class=\"e-con-inner\">\n\t\t\t\t<div class=\"elementor-element elementor-element-d3098d9 elementor-widget elementor-widget-image-gallery\" data-id=\"d3098d9\" data-element_type=\"widget\" data-widget_type=\"image-gallery.default\">\n\t\t\t\t<div class=\"elementor-widget-container\">\n\t\t\t\t\t\t\t<div class=\"elementor-image-gallery\">\n\t\t\t\n\t\t<style type=\"text\/css\">\n\t\t\t#gallery-1 {\n\t\t\t\tmargin: auto;\n\t\t\t}\n\t\t\t#gallery-1 .gallery-item {\n\t\t\t\tfloat: left;\n\t\t\t\tmargin-top: 10px;\n\t\t\t\ttext-align: center;\n\t\t\t\twidth: 33%;\n\t\t\t}\n\t\t\t#gallery-1 img {\n\t\t\t\tborder: 2px solid #cfcfcf;\n\t\t\t}\n\t\t\t#gallery-1 .gallery-caption {\n\t\t\t\tmargin-left: 0;\n\t\t\t}\n\t\t\t\/* see gallery_shortcode() in wp-includes\/media.php *\/\n\t\t<\/style>\n\t\t<div id='gallery-1' class='gallery galleryid-6599 gallery-columns-3 gallery-size-medium'><dl class='gallery-item'>\n\t\t\t<dt class='gallery-icon landscape'>\n\t\t\t\t<a data-elementor-open-lightbox=\"yes\" data-elementor-lightbox-slideshow=\"d3098d9\" data-elementor-lightbox-title=\"DSC_3687-1\" data-e-action-hash=\"#elementor-action%3Aaction%3Dlightbox%26settings%3DeyJpZCI6NjYwNiwidXJsIjoiaHR0cHM6XC9cL2plY3phLnJvXC93cC1jb250ZW50XC91cGxvYWRzXC8yMDI1XC8wMlwvRFNDXzM2ODctMS5qcGciLCJzbGlkZXNob3ciOiJkMzA5OGQ5In0%3D\" href='https:\/\/jecza.ro\/wp-content\/uploads\/2025\/02\/DSC_3687-1.jpg'><img fetchpriority=\"high\" decoding=\"async\" width=\"300\" height=\"199\" src=\"https:\/\/jecza.ro\/wp-content\/uploads\/2025\/02\/DSC_3687-1-300x199.jpg\" class=\"attachment-medium size-medium\" alt=\"\" srcset=\"https:\/\/jecza.ro\/wp-content\/uploads\/2025\/02\/DSC_3687-1-300x199.jpg 300w, https:\/\/jecza.ro\/wp-content\/uploads\/2025\/02\/DSC_3687-1-1024x681.jpg 1024w, https:\/\/jecza.ro\/wp-content\/uploads\/2025\/02\/DSC_3687-1-768x511.jpg 768w, https:\/\/jecza.ro\/wp-content\/uploads\/2025\/02\/DSC_3687-1-600x399.jpg 600w, https:\/\/jecza.ro\/wp-content\/uploads\/2025\/02\/DSC_3687-1.jpg 1080w\" sizes=\"(max-width: 300px) 100vw, 300px\" \/><\/a>\n\t\t\t<\/dt><\/dl><dl class='gallery-item'>\n\t\t\t<dt class='gallery-icon landscape'>\n\t\t\t\t<a data-elementor-open-lightbox=\"yes\" data-elementor-lightbox-slideshow=\"d3098d9\" data-elementor-lightbox-title=\"POARTA-FANTA-1\" data-e-action-hash=\"#elementor-action%3Aaction%3Dlightbox%26settings%3DeyJpZCI6NjYwNSwidXJsIjoiaHR0cHM6XC9cL2plY3phLnJvXC93cC1jb250ZW50XC91cGxvYWRzXC8yMDI1XC8wMlwvUE9BUlRBLUZBTlRBLTEuanBnIiwic2xpZGVzaG93IjoiZDMwOThkOSJ9\" href='https:\/\/jecza.ro\/wp-content\/uploads\/2025\/02\/POARTA-FANTA-1.jpg'><img decoding=\"async\" width=\"300\" height=\"199\" src=\"https:\/\/jecza.ro\/wp-content\/uploads\/2025\/02\/POARTA-FANTA-1-300x199.jpg\" class=\"attachment-medium size-medium\" alt=\"\" srcset=\"https:\/\/jecza.ro\/wp-content\/uploads\/2025\/02\/POARTA-FANTA-1-300x199.jpg 300w, https:\/\/jecza.ro\/wp-content\/uploads\/2025\/02\/POARTA-FANTA-1-1024x681.jpg 1024w, https:\/\/jecza.ro\/wp-content\/uploads\/2025\/02\/POARTA-FANTA-1-768x511.jpg 768w, https:\/\/jecza.ro\/wp-content\/uploads\/2025\/02\/POARTA-FANTA-1-600x399.jpg 600w, https:\/\/jecza.ro\/wp-content\/uploads\/2025\/02\/POARTA-FANTA-1.jpg 1080w\" sizes=\"(max-width: 300px) 100vw, 300px\" \/><\/a>\n\t\t\t<\/dt><\/dl><dl class='gallery-item'>\n\t\t\t<dt class='gallery-icon landscape'>\n\t\t\t\t<a data-elementor-open-lightbox=\"yes\" data-elementor-lightbox-slideshow=\"d3098d9\" data-elementor-lightbox-title=\"ZIGURAT-1\" data-e-action-hash=\"#elementor-action%3Aaction%3Dlightbox%26settings%3DeyJpZCI6NjYwNCwidXJsIjoiaHR0cHM6XC9cL2plY3phLnJvXC93cC1jb250ZW50XC91cGxvYWRzXC8yMDI1XC8wMlwvWklHVVJBVC0xLmpwZyIsInNsaWRlc2hvdyI6ImQzMDk4ZDkifQ%3D%3D\" href='https:\/\/jecza.ro\/wp-content\/uploads\/2025\/02\/ZIGURAT-1.jpg'><img decoding=\"async\" width=\"300\" height=\"199\" src=\"https:\/\/jecza.ro\/wp-content\/uploads\/2025\/02\/ZIGURAT-1-300x199.jpg\" class=\"attachment-medium size-medium\" alt=\"\" srcset=\"https:\/\/jecza.ro\/wp-content\/uploads\/2025\/02\/ZIGURAT-1-300x199.jpg 300w, https:\/\/jecza.ro\/wp-content\/uploads\/2025\/02\/ZIGURAT-1-1024x681.jpg 1024w, https:\/\/jecza.ro\/wp-content\/uploads\/2025\/02\/ZIGURAT-1-768x511.jpg 768w, https:\/\/jecza.ro\/wp-content\/uploads\/2025\/02\/ZIGURAT-1-600x399.jpg 600w, https:\/\/jecza.ro\/wp-content\/uploads\/2025\/02\/ZIGURAT-1.jpg 1080w\" sizes=\"(max-width: 300px) 100vw, 300px\" \/><\/a>\n\t\t\t<\/dt><\/dl><br style=\"clear: both\" \/>\n\t\t<\/div>\n\t\t<\/div>\n\t\t\t\t\t\t<\/div>\n\t\t\t\t<\/div>\n\t\t\t\t\t<\/div>\n\t\t\t\t<\/div>\n\t\t\t\t<\/div>\n\t\t","protected":false},"excerpt":{"rendered":"<p>STR\u0102LUCIRI. In memoriam. 3 iunie &#8211; 30 septembrie 2009 Curatori: Horv\u00e1th K\u00e1roly \u015fi Sorina Jecza Cuv\u00e2ntul de deschidere: \u00a0Alf\u00f6ldi Robert, directorul Teatrului Na\u0163ional, ,\u00a0\u00a0Dr. Ernyey Gyula, critic de art\u0103, Br\u00e2ndu\u015fa Armanca, directoarea Institutului Cultural Rom\u00e2n din Budapesta, Sorina Jecza Organizat\u0103\u00a0 \u00een anul \u00een care artistul ar fi implinit 70 de ani, expozi\u0163ia prezint\u0103 o selec\u0163ie [&hellip;]<\/p>\n","protected":false},"author":2,"featured_media":0,"parent":0,"menu_order":0,"comment_status":"closed","ping_status":"closed","template":"","meta":{"_acf_changed":false,"give_campaign_id":0,"footnotes":""},"class_list":["post-6599","page","type-page","status-publish","hentry"],"acf":[],"yoast_head":"<!-- This site is optimized with the Yoast SEO plugin v25.3.1 - https:\/\/yoast.com\/wordpress\/plugins\/seo\/ -->\n<title>2009. Galeria Zikkurat Budapesta - Jecza Museum<\/title>\n<meta name=\"robots\" content=\"index, follow, max-snippet:-1, max-image-preview:large, max-video-preview:-1\" \/>\n<link rel=\"canonical\" href=\"https:\/\/jecza.ro\/index.php\/2009-galeria-zikkurat-budapesta\/\" \/>\n<meta property=\"og:locale\" content=\"en_US\" \/>\n<meta property=\"og:type\" content=\"article\" \/>\n<meta property=\"og:title\" content=\"2009. Galeria Zikkurat Budapesta - Jecza Museum\" \/>\n<meta property=\"og:description\" content=\"STR\u0102LUCIRI. In memoriam. 3 iunie &#8211; 30 septembrie 2009 Curatori: Horv\u00e1th K\u00e1roly \u015fi Sorina Jecza Cuv\u00e2ntul de deschidere: \u00a0Alf\u00f6ldi Robert, directorul Teatrului Na\u0163ional, ,\u00a0\u00a0Dr. Ernyey Gyula, critic de art\u0103, Br\u00e2ndu\u015fa Armanca, directoarea Institutului Cultural Rom\u00e2n din Budapesta, Sorina Jecza Organizat\u0103\u00a0 \u00een anul \u00een care artistul ar fi implinit 70 de ani, expozi\u0163ia prezint\u0103 o selec\u0163ie [&hellip;]\" \/>\n<meta property=\"og:url\" content=\"https:\/\/jecza.ro\/index.php\/2009-galeria-zikkurat-budapesta\/\" \/>\n<meta property=\"og:site_name\" content=\"Jecza Museum\" \/>\n<meta property=\"article:modified_time\" content=\"2025-02-03T02:45:24+00:00\" \/>\n<meta property=\"og:image\" content=\"https:\/\/jecza.ro\/wp-content\/uploads\/2021\/01\/2009zigurat.jpg\" \/>\n<meta name=\"twitter:card\" content=\"summary_large_image\" \/>\n<meta name=\"twitter:label1\" content=\"Est. reading time\" \/>\n\t<meta name=\"twitter:data1\" content=\"2 minutes\" \/>\n<script type=\"application\/ld+json\" class=\"yoast-schema-graph\">{\"@context\":\"https:\/\/schema.org\",\"@graph\":[{\"@type\":\"WebPage\",\"@id\":\"https:\/\/jecza.ro\/index.php\/2009-galeria-zikkurat-budapesta\/\",\"url\":\"https:\/\/jecza.ro\/index.php\/2009-galeria-zikkurat-budapesta\/\",\"name\":\"2009. Galeria Zikkurat Budapesta - Jecza Museum\",\"isPartOf\":{\"@id\":\"https:\/\/jecza.ro\/#website\"},\"primaryImageOfPage\":{\"@id\":\"https:\/\/jecza.ro\/index.php\/2009-galeria-zikkurat-budapesta\/#primaryimage\"},\"image\":{\"@id\":\"https:\/\/jecza.ro\/index.php\/2009-galeria-zikkurat-budapesta\/#primaryimage\"},\"thumbnailUrl\":\"https:\/\/jecza.ro\/wp-content\/uploads\/2021\/01\/2009zigurat.jpg\",\"datePublished\":\"2025-02-03T02:32:27+00:00\",\"dateModified\":\"2025-02-03T02:45:24+00:00\",\"breadcrumb\":{\"@id\":\"https:\/\/jecza.ro\/index.php\/2009-galeria-zikkurat-budapesta\/#breadcrumb\"},\"inLanguage\":\"en-US\",\"potentialAction\":[{\"@type\":\"ReadAction\",\"target\":[\"https:\/\/jecza.ro\/index.php\/2009-galeria-zikkurat-budapesta\/\"]}]},{\"@type\":\"ImageObject\",\"inLanguage\":\"en-US\",\"@id\":\"https:\/\/jecza.ro\/index.php\/2009-galeria-zikkurat-budapesta\/#primaryimage\",\"url\":\"https:\/\/jecza.ro\/wp-content\/uploads\/2021\/01\/2009zigurat.jpg\",\"contentUrl\":\"https:\/\/jecza.ro\/wp-content\/uploads\/2021\/01\/2009zigurat.jpg\"},{\"@type\":\"BreadcrumbList\",\"@id\":\"https:\/\/jecza.ro\/index.php\/2009-galeria-zikkurat-budapesta\/#breadcrumb\",\"itemListElement\":[{\"@type\":\"ListItem\",\"position\":1,\"name\":\"Home\",\"item\":\"https:\/\/jecza.ro\/\"},{\"@type\":\"ListItem\",\"position\":2,\"name\":\"2009. Galeria Zikkurat Budapesta\"}]},{\"@type\":\"WebSite\",\"@id\":\"https:\/\/jecza.ro\/#website\",\"url\":\"https:\/\/jecza.ro\/\",\"name\":\"Jecza Museum\",\"description\":\"\",\"publisher\":{\"@id\":\"https:\/\/jecza.ro\/#organization\"},\"potentialAction\":[{\"@type\":\"SearchAction\",\"target\":{\"@type\":\"EntryPoint\",\"urlTemplate\":\"https:\/\/jecza.ro\/?s={search_term_string}\"},\"query-input\":{\"@type\":\"PropertyValueSpecification\",\"valueRequired\":true,\"valueName\":\"search_term_string\"}}],\"inLanguage\":\"en-US\"},{\"@type\":\"Organization\",\"@id\":\"https:\/\/jecza.ro\/#organization\",\"name\":\"Jecza Museum\",\"url\":\"https:\/\/jecza.ro\/\",\"logo\":{\"@type\":\"ImageObject\",\"inLanguage\":\"en-US\",\"@id\":\"https:\/\/jecza.ro\/#\/schema\/logo\/image\/\",\"url\":\"https:\/\/jecza.ro\/wp-content\/uploads\/2024\/11\/cropped-Jecza-museum-logo-white.png\",\"contentUrl\":\"https:\/\/jecza.ro\/wp-content\/uploads\/2024\/11\/cropped-Jecza-museum-logo-white.png\",\"width\":512,\"height\":512,\"caption\":\"Jecza Museum\"},\"image\":{\"@id\":\"https:\/\/jecza.ro\/#\/schema\/logo\/image\/\"}}]}<\/script>\n<!-- \/ Yoast SEO plugin. -->","yoast_head_json":{"title":"2009. Galeria Zikkurat Budapesta - Jecza Museum","robots":{"index":"index","follow":"follow","max-snippet":"max-snippet:-1","max-image-preview":"max-image-preview:large","max-video-preview":"max-video-preview:-1"},"canonical":"https:\/\/jecza.ro\/index.php\/2009-galeria-zikkurat-budapesta\/","og_locale":"en_US","og_type":"article","og_title":"2009. Galeria Zikkurat Budapesta - Jecza Museum","og_description":"STR\u0102LUCIRI. In memoriam. 3 iunie &#8211; 30 septembrie 2009 Curatori: Horv\u00e1th K\u00e1roly \u015fi Sorina Jecza Cuv\u00e2ntul de deschidere: \u00a0Alf\u00f6ldi Robert, directorul Teatrului Na\u0163ional, ,\u00a0\u00a0Dr. Ernyey Gyula, critic de art\u0103, Br\u00e2ndu\u015fa Armanca, directoarea Institutului Cultural Rom\u00e2n din Budapesta, Sorina Jecza Organizat\u0103\u00a0 \u00een anul \u00een care artistul ar fi implinit 70 de ani, expozi\u0163ia prezint\u0103 o selec\u0163ie [&hellip;]","og_url":"https:\/\/jecza.ro\/index.php\/2009-galeria-zikkurat-budapesta\/","og_site_name":"Jecza Museum","article_modified_time":"2025-02-03T02:45:24+00:00","og_image":[{"url":"https:\/\/jecza.ro\/wp-content\/uploads\/2021\/01\/2009zigurat.jpg","type":"","width":"","height":""}],"twitter_card":"summary_large_image","twitter_misc":{"Est. reading time":"2 minutes"},"schema":{"@context":"https:\/\/schema.org","@graph":[{"@type":"WebPage","@id":"https:\/\/jecza.ro\/index.php\/2009-galeria-zikkurat-budapesta\/","url":"https:\/\/jecza.ro\/index.php\/2009-galeria-zikkurat-budapesta\/","name":"2009. Galeria Zikkurat Budapesta - Jecza Museum","isPartOf":{"@id":"https:\/\/jecza.ro\/#website"},"primaryImageOfPage":{"@id":"https:\/\/jecza.ro\/index.php\/2009-galeria-zikkurat-budapesta\/#primaryimage"},"image":{"@id":"https:\/\/jecza.ro\/index.php\/2009-galeria-zikkurat-budapesta\/#primaryimage"},"thumbnailUrl":"https:\/\/jecza.ro\/wp-content\/uploads\/2021\/01\/2009zigurat.jpg","datePublished":"2025-02-03T02:32:27+00:00","dateModified":"2025-02-03T02:45:24+00:00","breadcrumb":{"@id":"https:\/\/jecza.ro\/index.php\/2009-galeria-zikkurat-budapesta\/#breadcrumb"},"inLanguage":"en-US","potentialAction":[{"@type":"ReadAction","target":["https:\/\/jecza.ro\/index.php\/2009-galeria-zikkurat-budapesta\/"]}]},{"@type":"ImageObject","inLanguage":"en-US","@id":"https:\/\/jecza.ro\/index.php\/2009-galeria-zikkurat-budapesta\/#primaryimage","url":"https:\/\/jecza.ro\/wp-content\/uploads\/2021\/01\/2009zigurat.jpg","contentUrl":"https:\/\/jecza.ro\/wp-content\/uploads\/2021\/01\/2009zigurat.jpg"},{"@type":"BreadcrumbList","@id":"https:\/\/jecza.ro\/index.php\/2009-galeria-zikkurat-budapesta\/#breadcrumb","itemListElement":[{"@type":"ListItem","position":1,"name":"Home","item":"https:\/\/jecza.ro\/"},{"@type":"ListItem","position":2,"name":"2009. Galeria Zikkurat Budapesta"}]},{"@type":"WebSite","@id":"https:\/\/jecza.ro\/#website","url":"https:\/\/jecza.ro\/","name":"Jecza Museum","description":"","publisher":{"@id":"https:\/\/jecza.ro\/#organization"},"potentialAction":[{"@type":"SearchAction","target":{"@type":"EntryPoint","urlTemplate":"https:\/\/jecza.ro\/?s={search_term_string}"},"query-input":{"@type":"PropertyValueSpecification","valueRequired":true,"valueName":"search_term_string"}}],"inLanguage":"en-US"},{"@type":"Organization","@id":"https:\/\/jecza.ro\/#organization","name":"Jecza Museum","url":"https:\/\/jecza.ro\/","logo":{"@type":"ImageObject","inLanguage":"en-US","@id":"https:\/\/jecza.ro\/#\/schema\/logo\/image\/","url":"https:\/\/jecza.ro\/wp-content\/uploads\/2024\/11\/cropped-Jecza-museum-logo-white.png","contentUrl":"https:\/\/jecza.ro\/wp-content\/uploads\/2024\/11\/cropped-Jecza-museum-logo-white.png","width":512,"height":512,"caption":"Jecza Museum"},"image":{"@id":"https:\/\/jecza.ro\/#\/schema\/logo\/image\/"}}]}},"campaignId":"","_links":{"self":[{"href":"https:\/\/jecza.ro\/index.php\/wp-json\/wp\/v2\/pages\/6599","targetHints":{"allow":["GET"]}}],"collection":[{"href":"https:\/\/jecza.ro\/index.php\/wp-json\/wp\/v2\/pages"}],"about":[{"href":"https:\/\/jecza.ro\/index.php\/wp-json\/wp\/v2\/types\/page"}],"author":[{"embeddable":true,"href":"https:\/\/jecza.ro\/index.php\/wp-json\/wp\/v2\/users\/2"}],"replies":[{"embeddable":true,"href":"https:\/\/jecza.ro\/index.php\/wp-json\/wp\/v2\/comments?post=6599"}],"version-history":[{"count":7,"href":"https:\/\/jecza.ro\/index.php\/wp-json\/wp\/v2\/pages\/6599\/revisions"}],"predecessor-version":[{"id":6621,"href":"https:\/\/jecza.ro\/index.php\/wp-json\/wp\/v2\/pages\/6599\/revisions\/6621"}],"wp:attachment":[{"href":"https:\/\/jecza.ro\/index.php\/wp-json\/wp\/v2\/media?parent=6599"}],"curies":[{"name":"wp","href":"https:\/\/api.w.org\/{rel}","templated":true}]}}