{"id":6469,"date":"2025-02-02T23:10:39","date_gmt":"2025-02-02T23:10:39","guid":{"rendered":"https:\/\/dev.cm.upt.ro\/jecza\/?page_id=6469"},"modified":"2025-02-02T23:12:03","modified_gmt":"2025-02-02T23:12:03","slug":"perioade-de-creatie","status":"publish","type":"page","link":"https:\/\/jecza.ro\/index.php\/perioade-de-creatie\/","title":{"rendered":"Perioade de crea\u021bie"},"content":{"rendered":"\t\t<div data-elementor-type=\"wp-page\" data-elementor-id=\"6469\" class=\"elementor elementor-6469\">\n\t\t\t\t<div class=\"elementor-element elementor-element-52804f0 e-flex e-con-boxed e-con e-parent\" data-id=\"52804f0\" data-element_type=\"container\">\n\t\t\t\t\t<div class=\"e-con-inner\">\n\t\t\t\t<div class=\"elementor-element elementor-element-64173c5 elementor-widget elementor-widget-text-editor\" data-id=\"64173c5\" data-element_type=\"widget\" data-widget_type=\"text-editor.default\">\n\t\t\t\t<div class=\"elementor-widget-container\">\n\t\t\t\t\t\t\t\t\t<p>Crea\u021bia lui Peter Jecza a fost structurat\u0103 temporal \u00een perioade cu o dominant\u0103 a preocup\u0103rilor, dar \u0219i cu recuren\u021be ale motivelor dezvoltate anterior.\u00a0<\/p><p>Prima perioad\u0103, <b>a \u00eenceputurilor<\/b>, este marcat\u0103 de terminarea studiilor \u00een anul 1<b>963 \u0219i anii 1968-1969<\/b>. Era o perioad\u0103 a \u201drevel\u0103rii lumii ca form\u0103\u201d, cum a numit-o critica de art\u0103. Era vremea desp\u0103r\u021birii de influen\u021bele \u0219colii \u0219i a taton\u0103rii limbajului propriu, de limpezire artistic\u0103.<\/p>\t\t\t\t\t\t\t\t<\/div>\n\t\t\t\t<\/div>\n\t\t\t\t\t<\/div>\n\t\t\t\t<\/div>\n\t\t<div class=\"elementor-element elementor-element-59ca54c e-flex e-con-boxed e-con e-parent\" data-id=\"59ca54c\" data-element_type=\"container\">\n\t\t\t\t\t<div class=\"e-con-inner\">\n\t\t<div class=\"elementor-element elementor-element-d1131ba e-con-full e-flex e-con e-child\" data-id=\"d1131ba\" data-element_type=\"container\">\n\t\t\t\t<div class=\"elementor-element elementor-element-dcd159f elementor-widget__width-initial elementor-widget elementor-widget-image\" data-id=\"dcd159f\" data-element_type=\"widget\" data-widget_type=\"image.default\">\n\t\t\t\t<div class=\"elementor-widget-container\">\n\t\t\t\t\t\t\t\t\t\t\t\t\t\t\t<img decoding=\"async\" src=\"https:\/\/jecza.ro\/wp-content\/uploads\/2021\/12\/ATELIERUL-ANII-70-1.jpg\" title=\"\" alt=\"\" loading=\"lazy\" \/>\t\t\t\t\t\t\t\t\t\t\t\t\t\t\t<\/div>\n\t\t\t\t<\/div>\n\t\t\t\t<\/div>\n\t\t<div class=\"elementor-element elementor-element-79975de e-con-full e-flex e-con e-child\" data-id=\"79975de\" data-element_type=\"container\">\n\t\t\t\t<div class=\"elementor-element elementor-element-5ad5c33 elementor-widget elementor-widget-text-editor\" data-id=\"5ad5c33\" data-element_type=\"widget\" data-widget_type=\"text-editor.default\">\n\t\t\t\t<div class=\"elementor-widget-container\">\n\t\t\t\t\t\t\t\t\t<p>Anii <b>1969-1979<\/b> se constituie \u00eentr-o perioad\u0103 fertil\u0103, marcat\u0103 de descoperirea bronzului, ca material apt s\u0103 preia g\u00e2ndul artistului. Crea\u021bii importante dateaz\u0103 din acest interval temporal. \u0219i va dura p\u00e2n\u0103 la revelarea formei monadice, atot\u00eenc\u0103p\u0103toare pentru artist.<\/p>\t\t\t\t\t\t\t\t<\/div>\n\t\t\t\t<\/div>\n\t\t\t\t<\/div>\n\t\t\t\t\t<\/div>\n\t\t\t\t<\/div>\n\t\t<div class=\"elementor-element elementor-element-5dc2b23 e-flex e-con-boxed e-con e-parent\" data-id=\"5dc2b23\" data-element_type=\"container\">\n\t\t\t\t\t<div class=\"e-con-inner\">\n\t\t<div class=\"elementor-element elementor-element-05db5bc e-con-full e-flex e-con e-child\" data-id=\"05db5bc\" data-element_type=\"container\">\n\t\t\t\t<div class=\"elementor-element elementor-element-853873b elementor-widget elementor-widget-image\" data-id=\"853873b\" data-element_type=\"widget\" data-widget_type=\"image.default\">\n\t\t\t\t<div class=\"elementor-widget-container\">\n\t\t\t\t\t\t\t\t\t\t\t\t\t\t\t<img decoding=\"async\" src=\"https:\/\/jecza.ro\/wp-content\/uploads\/2021\/12\/1979-1986-ATELIERUL-MONADE-2.jpg\" title=\"\" alt=\"\" loading=\"lazy\" \/>\t\t\t\t\t\t\t\t\t\t\t\t\t\t\t<\/div>\n\t\t\t\t<\/div>\n\t\t\t\t<\/div>\n\t\t<div class=\"elementor-element elementor-element-19005b3 e-con-full e-flex e-con e-child\" data-id=\"19005b3\" data-element_type=\"container\">\n\t\t\t\t<div class=\"elementor-element elementor-element-b000cc5 elementor-widget elementor-widget-text-editor\" data-id=\"b000cc5\" data-element_type=\"widget\" data-widget_type=\"text-editor.default\">\n\t\t\t\t<div class=\"elementor-widget-container\">\n\t\t\t\t\t\t\t\t\t<p>Critica de art\u0103 a luat drept interval referen\u021bial al operei acela al suprema\u021biei cubului, \u00eentre anii <b>1979-1989<\/b>, coinciz\u00e2nd cu\u00a0 descoperirea de c\u0103tre artist a formei apte s\u0103-l exprime<b>.<\/b><\/p>\t\t\t\t\t\t\t\t<\/div>\n\t\t\t\t<\/div>\n\t\t\t\t<\/div>\n\t\t\t\t\t<\/div>\n\t\t\t\t<\/div>\n\t\t<div class=\"elementor-element elementor-element-f2ceb72 e-flex e-con-boxed e-con e-parent\" data-id=\"f2ceb72\" data-element_type=\"container\">\n\t\t\t\t\t<div class=\"e-con-inner\">\n\t\t\t\t\t<\/div>\n\t\t\t\t<\/div>\n\t\t<div class=\"elementor-element elementor-element-61dfae7 e-flex e-con-boxed e-con e-parent\" data-id=\"61dfae7\" data-element_type=\"container\">\n\t\t\t\t\t<div class=\"e-con-inner\">\n\t\t<div class=\"elementor-element elementor-element-d168880 e-con-full e-flex e-con e-child\" data-id=\"d168880\" data-element_type=\"container\">\n\t\t\t\t<div class=\"elementor-element elementor-element-cccc56f elementor-widget elementor-widget-image\" data-id=\"cccc56f\" data-element_type=\"widget\" data-widget_type=\"image.default\">\n\t\t\t\t<div class=\"elementor-widget-container\">\n\t\t\t\t\t\t\t\t\t\t\t\t\t\t\t<img decoding=\"async\" src=\"https:\/\/jecza.ro\/wp-content\/uploads\/2021\/12\/Perioada-expozitionala-1.jpg\" title=\"\" alt=\"\" loading=\"lazy\" \/>\t\t\t\t\t\t\t\t\t\t\t\t\t\t\t<\/div>\n\t\t\t\t<\/div>\n\t\t\t\t<\/div>\n\t\t<div class=\"elementor-element elementor-element-fa7b4fc e-con-full e-flex e-con e-child\" data-id=\"fa7b4fc\" data-element_type=\"container\">\n\t\t\t\t<div class=\"elementor-element elementor-element-303ec80 elementor-widget elementor-widget-text-editor\" data-id=\"303ec80\" data-element_type=\"widget\" data-widget_type=\"text-editor.default\">\n\t\t\t\t<div class=\"elementor-widget-container\">\n\t\t\t\t\t\t\t\t\t<p style=\"text-align: justify;\">Dup\u0103 1989 \u0219i p\u00e2n\u0103 la cap\u0103t, a urmat o perioad\u0103 a multiplelor arborescen\u021be pe care tema monadelor\u00a0 le-a creat: leg\u0103turi de cuburi, diade, triade, sfere, alte forme primare. Tot perioadei acesteia, <b>1989-2009<\/b>, \u00eei sunt proprii reveniri la motivele anterioare, aprofund\u0103ri tematice. Artistul obi\u0219nuia s\u0103 spun\u0103 c\u0103 \u00eencearc\u0103 s\u0103-\u0219i \u201drotunjeasc\u0103 opera\u201d. \u00cen fapt, se a\u0219eza \u00eentr-o spiral\u0103, sub \u201deternei re\u00eentoarceri\u201d.<\/p>\t\t\t\t\t\t\t\t<\/div>\n\t\t\t\t<\/div>\n\t\t\t\t<\/div>\n\t\t\t\t\t<\/div>\n\t\t\t\t<\/div>\n\t\t\t\t<\/div>\n\t\t","protected":false},"excerpt":{"rendered":"<p>Crea\u021bia lui Peter Jecza a fost structurat\u0103 temporal \u00een perioade cu o dominant\u0103 a preocup\u0103rilor, dar \u0219i cu recuren\u021be ale motivelor dezvoltate anterior.\u00a0 Prima perioad\u0103, a \u00eenceputurilor, este marcat\u0103 de terminarea studiilor \u00een anul 1963 \u0219i anii 1968-1969. Era o perioad\u0103 a \u201drevel\u0103rii lumii ca form\u0103\u201d, cum a numit-o critica de art\u0103. Era vremea desp\u0103r\u021birii [&hellip;]<\/p>\n","protected":false},"author":2,"featured_media":0,"parent":0,"menu_order":0,"comment_status":"closed","ping_status":"closed","template":"","meta":{"_acf_changed":false,"give_campaign_id":0,"footnotes":""},"class_list":["post-6469","page","type-page","status-publish","hentry"],"acf":[],"yoast_head":"<!-- This site is optimized with the Yoast SEO plugin v25.3.1 - https:\/\/yoast.com\/wordpress\/plugins\/seo\/ -->\n<title>Perioade de crea\u021bie - Jecza Museum<\/title>\n<meta name=\"robots\" content=\"index, follow, max-snippet:-1, max-image-preview:large, max-video-preview:-1\" \/>\n<link rel=\"canonical\" href=\"https:\/\/jecza.ro\/index.php\/perioade-de-creatie\/\" \/>\n<meta property=\"og:locale\" content=\"en_US\" \/>\n<meta property=\"og:type\" content=\"article\" \/>\n<meta property=\"og:title\" content=\"Perioade de crea\u021bie - Jecza Museum\" \/>\n<meta property=\"og:description\" content=\"Crea\u021bia lui Peter Jecza a fost structurat\u0103 temporal \u00een perioade cu o dominant\u0103 a preocup\u0103rilor, dar \u0219i cu recuren\u021be ale motivelor dezvoltate anterior.\u00a0 Prima perioad\u0103, a \u00eenceputurilor, este marcat\u0103 de terminarea studiilor \u00een anul 1963 \u0219i anii 1968-1969. Era o perioad\u0103 a \u201drevel\u0103rii lumii ca form\u0103\u201d, cum a numit-o critica de art\u0103. Era vremea desp\u0103r\u021birii [&hellip;]\" \/>\n<meta property=\"og:url\" content=\"https:\/\/jecza.ro\/index.php\/perioade-de-creatie\/\" \/>\n<meta property=\"og:site_name\" content=\"Jecza Museum\" \/>\n<meta property=\"article:modified_time\" content=\"2025-02-02T23:12:03+00:00\" \/>\n<meta property=\"og:image\" content=\"https:\/\/jecza.ro\/wp-content\/uploads\/2021\/12\/ATELIERUL-ANII-70-1.jpg\" \/>\n<meta name=\"twitter:card\" content=\"summary_large_image\" \/>\n<meta name=\"twitter:label1\" content=\"Est. reading time\" \/>\n\t<meta name=\"twitter:data1\" content=\"2 minutes\" \/>\n<script type=\"application\/ld+json\" class=\"yoast-schema-graph\">{\"@context\":\"https:\/\/schema.org\",\"@graph\":[{\"@type\":\"WebPage\",\"@id\":\"https:\/\/jecza.ro\/index.php\/perioade-de-creatie\/\",\"url\":\"https:\/\/jecza.ro\/index.php\/perioade-de-creatie\/\",\"name\":\"Perioade de crea\u021bie - Jecza Museum\",\"isPartOf\":{\"@id\":\"https:\/\/jecza.ro\/#website\"},\"primaryImageOfPage\":{\"@id\":\"https:\/\/jecza.ro\/index.php\/perioade-de-creatie\/#primaryimage\"},\"image\":{\"@id\":\"https:\/\/jecza.ro\/index.php\/perioade-de-creatie\/#primaryimage\"},\"thumbnailUrl\":\"https:\/\/jecza.ro\/wp-content\/uploads\/2021\/12\/ATELIERUL-ANII-70-1.jpg\",\"datePublished\":\"2025-02-02T23:10:39+00:00\",\"dateModified\":\"2025-02-02T23:12:03+00:00\",\"breadcrumb\":{\"@id\":\"https:\/\/jecza.ro\/index.php\/perioade-de-creatie\/#breadcrumb\"},\"inLanguage\":\"en-US\",\"potentialAction\":[{\"@type\":\"ReadAction\",\"target\":[\"https:\/\/jecza.ro\/index.php\/perioade-de-creatie\/\"]}]},{\"@type\":\"ImageObject\",\"inLanguage\":\"en-US\",\"@id\":\"https:\/\/jecza.ro\/index.php\/perioade-de-creatie\/#primaryimage\",\"url\":\"https:\/\/jecza.ro\/wp-content\/uploads\/2021\/12\/ATELIERUL-ANII-70-1.jpg\",\"contentUrl\":\"https:\/\/jecza.ro\/wp-content\/uploads\/2021\/12\/ATELIERUL-ANII-70-1.jpg\"},{\"@type\":\"BreadcrumbList\",\"@id\":\"https:\/\/jecza.ro\/index.php\/perioade-de-creatie\/#breadcrumb\",\"itemListElement\":[{\"@type\":\"ListItem\",\"position\":1,\"name\":\"Home\",\"item\":\"https:\/\/jecza.ro\/\"},{\"@type\":\"ListItem\",\"position\":2,\"name\":\"Perioade de crea\u021bie\"}]},{\"@type\":\"WebSite\",\"@id\":\"https:\/\/jecza.ro\/#website\",\"url\":\"https:\/\/jecza.ro\/\",\"name\":\"Jecza Museum\",\"description\":\"\",\"publisher\":{\"@id\":\"https:\/\/jecza.ro\/#organization\"},\"potentialAction\":[{\"@type\":\"SearchAction\",\"target\":{\"@type\":\"EntryPoint\",\"urlTemplate\":\"https:\/\/jecza.ro\/?s={search_term_string}\"},\"query-input\":{\"@type\":\"PropertyValueSpecification\",\"valueRequired\":true,\"valueName\":\"search_term_string\"}}],\"inLanguage\":\"en-US\"},{\"@type\":\"Organization\",\"@id\":\"https:\/\/jecza.ro\/#organization\",\"name\":\"Jecza Museum\",\"url\":\"https:\/\/jecza.ro\/\",\"logo\":{\"@type\":\"ImageObject\",\"inLanguage\":\"en-US\",\"@id\":\"https:\/\/jecza.ro\/#\/schema\/logo\/image\/\",\"url\":\"https:\/\/jecza.ro\/wp-content\/uploads\/2024\/11\/cropped-Jecza-museum-logo-white.png\",\"contentUrl\":\"https:\/\/jecza.ro\/wp-content\/uploads\/2024\/11\/cropped-Jecza-museum-logo-white.png\",\"width\":512,\"height\":512,\"caption\":\"Jecza Museum\"},\"image\":{\"@id\":\"https:\/\/jecza.ro\/#\/schema\/logo\/image\/\"}}]}<\/script>\n<!-- \/ Yoast SEO plugin. -->","yoast_head_json":{"title":"Perioade de crea\u021bie - Jecza Museum","robots":{"index":"index","follow":"follow","max-snippet":"max-snippet:-1","max-image-preview":"max-image-preview:large","max-video-preview":"max-video-preview:-1"},"canonical":"https:\/\/jecza.ro\/index.php\/perioade-de-creatie\/","og_locale":"en_US","og_type":"article","og_title":"Perioade de crea\u021bie - Jecza Museum","og_description":"Crea\u021bia lui Peter Jecza a fost structurat\u0103 temporal \u00een perioade cu o dominant\u0103 a preocup\u0103rilor, dar \u0219i cu recuren\u021be ale motivelor dezvoltate anterior.\u00a0 Prima perioad\u0103, a \u00eenceputurilor, este marcat\u0103 de terminarea studiilor \u00een anul 1963 \u0219i anii 1968-1969. Era o perioad\u0103 a \u201drevel\u0103rii lumii ca form\u0103\u201d, cum a numit-o critica de art\u0103. Era vremea desp\u0103r\u021birii [&hellip;]","og_url":"https:\/\/jecza.ro\/index.php\/perioade-de-creatie\/","og_site_name":"Jecza Museum","article_modified_time":"2025-02-02T23:12:03+00:00","og_image":[{"url":"https:\/\/jecza.ro\/wp-content\/uploads\/2021\/12\/ATELIERUL-ANII-70-1.jpg","type":"","width":"","height":""}],"twitter_card":"summary_large_image","twitter_misc":{"Est. reading time":"2 minutes"},"schema":{"@context":"https:\/\/schema.org","@graph":[{"@type":"WebPage","@id":"https:\/\/jecza.ro\/index.php\/perioade-de-creatie\/","url":"https:\/\/jecza.ro\/index.php\/perioade-de-creatie\/","name":"Perioade de crea\u021bie - Jecza Museum","isPartOf":{"@id":"https:\/\/jecza.ro\/#website"},"primaryImageOfPage":{"@id":"https:\/\/jecza.ro\/index.php\/perioade-de-creatie\/#primaryimage"},"image":{"@id":"https:\/\/jecza.ro\/index.php\/perioade-de-creatie\/#primaryimage"},"thumbnailUrl":"https:\/\/jecza.ro\/wp-content\/uploads\/2021\/12\/ATELIERUL-ANII-70-1.jpg","datePublished":"2025-02-02T23:10:39+00:00","dateModified":"2025-02-02T23:12:03+00:00","breadcrumb":{"@id":"https:\/\/jecza.ro\/index.php\/perioade-de-creatie\/#breadcrumb"},"inLanguage":"en-US","potentialAction":[{"@type":"ReadAction","target":["https:\/\/jecza.ro\/index.php\/perioade-de-creatie\/"]}]},{"@type":"ImageObject","inLanguage":"en-US","@id":"https:\/\/jecza.ro\/index.php\/perioade-de-creatie\/#primaryimage","url":"https:\/\/jecza.ro\/wp-content\/uploads\/2021\/12\/ATELIERUL-ANII-70-1.jpg","contentUrl":"https:\/\/jecza.ro\/wp-content\/uploads\/2021\/12\/ATELIERUL-ANII-70-1.jpg"},{"@type":"BreadcrumbList","@id":"https:\/\/jecza.ro\/index.php\/perioade-de-creatie\/#breadcrumb","itemListElement":[{"@type":"ListItem","position":1,"name":"Home","item":"https:\/\/jecza.ro\/"},{"@type":"ListItem","position":2,"name":"Perioade de crea\u021bie"}]},{"@type":"WebSite","@id":"https:\/\/jecza.ro\/#website","url":"https:\/\/jecza.ro\/","name":"Jecza Museum","description":"","publisher":{"@id":"https:\/\/jecza.ro\/#organization"},"potentialAction":[{"@type":"SearchAction","target":{"@type":"EntryPoint","urlTemplate":"https:\/\/jecza.ro\/?s={search_term_string}"},"query-input":{"@type":"PropertyValueSpecification","valueRequired":true,"valueName":"search_term_string"}}],"inLanguage":"en-US"},{"@type":"Organization","@id":"https:\/\/jecza.ro\/#organization","name":"Jecza Museum","url":"https:\/\/jecza.ro\/","logo":{"@type":"ImageObject","inLanguage":"en-US","@id":"https:\/\/jecza.ro\/#\/schema\/logo\/image\/","url":"https:\/\/jecza.ro\/wp-content\/uploads\/2024\/11\/cropped-Jecza-museum-logo-white.png","contentUrl":"https:\/\/jecza.ro\/wp-content\/uploads\/2024\/11\/cropped-Jecza-museum-logo-white.png","width":512,"height":512,"caption":"Jecza Museum"},"image":{"@id":"https:\/\/jecza.ro\/#\/schema\/logo\/image\/"}}]}},"campaignId":"","_links":{"self":[{"href":"https:\/\/jecza.ro\/index.php\/wp-json\/wp\/v2\/pages\/6469","targetHints":{"allow":["GET"]}}],"collection":[{"href":"https:\/\/jecza.ro\/index.php\/wp-json\/wp\/v2\/pages"}],"about":[{"href":"https:\/\/jecza.ro\/index.php\/wp-json\/wp\/v2\/types\/page"}],"author":[{"embeddable":true,"href":"https:\/\/jecza.ro\/index.php\/wp-json\/wp\/v2\/users\/2"}],"replies":[{"embeddable":true,"href":"https:\/\/jecza.ro\/index.php\/wp-json\/wp\/v2\/comments?post=6469"}],"version-history":[{"count":4,"href":"https:\/\/jecza.ro\/index.php\/wp-json\/wp\/v2\/pages\/6469\/revisions"}],"predecessor-version":[{"id":6473,"href":"https:\/\/jecza.ro\/index.php\/wp-json\/wp\/v2\/pages\/6469\/revisions\/6473"}],"wp:attachment":[{"href":"https:\/\/jecza.ro\/index.php\/wp-json\/wp\/v2\/media?parent=6469"}],"curies":[{"name":"wp","href":"https:\/\/api.w.org\/{rel}","templated":true}]}}