{"id":6461,"date":"2025-02-02T23:00:09","date_gmt":"2025-02-02T23:00:09","guid":{"rendered":"https:\/\/dev.cm.upt.ro\/jecza\/?page_id=6461"},"modified":"2025-02-02T23:02:06","modified_gmt":"2025-02-02T23:02:06","slug":"teme","status":"publish","type":"page","link":"https:\/\/jecza.ro\/index.php\/teme\/","title":{"rendered":"Teme"},"content":{"rendered":"\t\t<div data-elementor-type=\"wp-page\" data-elementor-id=\"6461\" class=\"elementor elementor-6461\">\n\t\t\t\t<div class=\"elementor-element elementor-element-e2d3caf e-flex e-con-boxed e-con e-parent\" data-id=\"e2d3caf\" data-element_type=\"container\">\n\t\t\t\t\t<div class=\"e-con-inner\">\n\t\t\t\t<div class=\"elementor-element elementor-element-3bfa376 elementor-widget elementor-widget-text-editor\" data-id=\"3bfa376\" data-element_type=\"widget\" data-widget_type=\"text-editor.default\">\n\t\t\t\t<div class=\"elementor-widget-container\">\n\t\t\t\t\t\t\t\t\t<p><span style=\"letter-spacing: 0.2px;\">\u00cen esen\u0163a ei, sculptura lui Petru Jecza rezult\u0103 din dinamica a trei entit\u0103\u0163i: cubul, sfera \u015fi erup\u0163ia. Elanul, for\u0163a l\u0103untric\u0103, ce determin\u0103 \u00eentreaga mi\u015fcare a \u00een\u0163elesurilor \u015fi, implicit, \u00eentreaga pulsa\u0163ie a formelor \u015fi volumelor, a semnelor plastice, este dorin\u0163a celor dou\u0103 corpuri emblematice de a se contopi, de a realiza o sintez\u0103. Avem a face cu eterna aspira\u0163ie a eului reflexiv de a \u00eenf\u0103ptui contopirea celor dou\u0103 principii, masculin-feminin.<\/span><\/p><p>Din unghi estetic, confruntarea <em>cub \u2013 sfer\u0103<\/em> transcrie dialogul, nu o dat\u0103 tensionat, dintre arta clasic\u0103 \u015fi cea modern\u0103. Acest releu, acest conflict, plastic, dar \u015fi vizionar, cub \u2013 sfer\u0103, conduce la o larg\u0103 desf\u0103\u015furare de tensiuni \u015fi antinomii, artistice \u015fi meta-artistice, precum aceea dintre verticalitate \u015fi orizontalitate, clasicitate \u015fi modernitate, cea dintre natur\u0103 \u015fi cultur\u0103, dintre celest \u015fi teluric, dintre eteric \u015fi mineral.<\/p><p>\u00centre temele care deriv\u0103 din aceste principii se reg\u0103sesc:<\/p><ul><li>Monade<\/li><li>Triade<\/li><li>Forme primare<\/li><li>Oglinzi oarbe<\/li><li>Mul\u021bime anonim\u0103<\/li><li>Maternitate<\/li><li>Corpul feminin<\/li><li>Cuplu<\/li><li>Familie<\/li><li>Aspira\u021bie<\/li><li>Dialog \/ comunicare<\/li><li>Ascensiune<\/li><li>Zbor<\/li><\/ul>\t\t\t\t\t\t\t\t<\/div>\n\t\t\t\t<\/div>\n\t\t\t\t\t<\/div>\n\t\t\t\t<\/div>\n\t\t\t\t<\/div>\n\t\t","protected":false},"excerpt":{"rendered":"<p>\u00cen esen\u0163a ei, sculptura lui Petru Jecza rezult\u0103 din dinamica a trei entit\u0103\u0163i: cubul, sfera \u015fi erup\u0163ia. Elanul, for\u0163a l\u0103untric\u0103, ce determin\u0103 \u00eentreaga mi\u015fcare a \u00een\u0163elesurilor \u015fi, implicit, \u00eentreaga pulsa\u0163ie a formelor \u015fi volumelor, a semnelor plastice, este dorin\u0163a celor dou\u0103 corpuri emblematice de a se contopi, de a realiza o sintez\u0103. Avem a face [&hellip;]<\/p>\n","protected":false},"author":2,"featured_media":0,"parent":0,"menu_order":0,"comment_status":"closed","ping_status":"closed","template":"","meta":{"_acf_changed":false,"give_campaign_id":0,"footnotes":""},"class_list":["post-6461","page","type-page","status-publish","hentry"],"acf":[],"yoast_head":"<!-- This site is optimized with the Yoast SEO plugin v25.3.1 - https:\/\/yoast.com\/wordpress\/plugins\/seo\/ -->\n<title>Teme - Jecza Museum<\/title>\n<meta name=\"robots\" content=\"index, follow, max-snippet:-1, max-image-preview:large, max-video-preview:-1\" \/>\n<link rel=\"canonical\" href=\"https:\/\/jecza.ro\/index.php\/teme\/\" \/>\n<meta property=\"og:locale\" content=\"en_US\" \/>\n<meta property=\"og:type\" content=\"article\" \/>\n<meta property=\"og:title\" content=\"Teme - Jecza Museum\" \/>\n<meta property=\"og:description\" content=\"\u00cen esen\u0163a ei, sculptura lui Petru Jecza rezult\u0103 din dinamica a trei entit\u0103\u0163i: cubul, sfera \u015fi erup\u0163ia. Elanul, for\u0163a l\u0103untric\u0103, ce determin\u0103 \u00eentreaga mi\u015fcare a \u00een\u0163elesurilor \u015fi, implicit, \u00eentreaga pulsa\u0163ie a formelor \u015fi volumelor, a semnelor plastice, este dorin\u0163a celor dou\u0103 corpuri emblematice de a se contopi, de a realiza o sintez\u0103. Avem a face [&hellip;]\" \/>\n<meta property=\"og:url\" content=\"https:\/\/jecza.ro\/index.php\/teme\/\" \/>\n<meta property=\"og:site_name\" content=\"Jecza Museum\" \/>\n<meta property=\"article:modified_time\" content=\"2025-02-02T23:02:06+00:00\" \/>\n<meta name=\"twitter:card\" content=\"summary_large_image\" \/>\n<meta name=\"twitter:label1\" content=\"Est. reading time\" \/>\n\t<meta name=\"twitter:data1\" content=\"1 minute\" \/>\n<script type=\"application\/ld+json\" class=\"yoast-schema-graph\">{\"@context\":\"https:\/\/schema.org\",\"@graph\":[{\"@type\":\"WebPage\",\"@id\":\"https:\/\/jecza.ro\/index.php\/teme\/\",\"url\":\"https:\/\/jecza.ro\/index.php\/teme\/\",\"name\":\"Teme - Jecza Museum\",\"isPartOf\":{\"@id\":\"https:\/\/jecza.ro\/#website\"},\"datePublished\":\"2025-02-02T23:00:09+00:00\",\"dateModified\":\"2025-02-02T23:02:06+00:00\",\"breadcrumb\":{\"@id\":\"https:\/\/jecza.ro\/index.php\/teme\/#breadcrumb\"},\"inLanguage\":\"en-US\",\"potentialAction\":[{\"@type\":\"ReadAction\",\"target\":[\"https:\/\/jecza.ro\/index.php\/teme\/\"]}]},{\"@type\":\"BreadcrumbList\",\"@id\":\"https:\/\/jecza.ro\/index.php\/teme\/#breadcrumb\",\"itemListElement\":[{\"@type\":\"ListItem\",\"position\":1,\"name\":\"Home\",\"item\":\"https:\/\/jecza.ro\/\"},{\"@type\":\"ListItem\",\"position\":2,\"name\":\"Teme\"}]},{\"@type\":\"WebSite\",\"@id\":\"https:\/\/jecza.ro\/#website\",\"url\":\"https:\/\/jecza.ro\/\",\"name\":\"Jecza Museum\",\"description\":\"\",\"publisher\":{\"@id\":\"https:\/\/jecza.ro\/#organization\"},\"potentialAction\":[{\"@type\":\"SearchAction\",\"target\":{\"@type\":\"EntryPoint\",\"urlTemplate\":\"https:\/\/jecza.ro\/?s={search_term_string}\"},\"query-input\":{\"@type\":\"PropertyValueSpecification\",\"valueRequired\":true,\"valueName\":\"search_term_string\"}}],\"inLanguage\":\"en-US\"},{\"@type\":\"Organization\",\"@id\":\"https:\/\/jecza.ro\/#organization\",\"name\":\"Jecza Museum\",\"url\":\"https:\/\/jecza.ro\/\",\"logo\":{\"@type\":\"ImageObject\",\"inLanguage\":\"en-US\",\"@id\":\"https:\/\/jecza.ro\/#\/schema\/logo\/image\/\",\"url\":\"https:\/\/jecza.ro\/wp-content\/uploads\/2024\/11\/cropped-Jecza-museum-logo-white.png\",\"contentUrl\":\"https:\/\/jecza.ro\/wp-content\/uploads\/2024\/11\/cropped-Jecza-museum-logo-white.png\",\"width\":512,\"height\":512,\"caption\":\"Jecza Museum\"},\"image\":{\"@id\":\"https:\/\/jecza.ro\/#\/schema\/logo\/image\/\"}}]}<\/script>\n<!-- \/ Yoast SEO plugin. -->","yoast_head_json":{"title":"Teme - Jecza Museum","robots":{"index":"index","follow":"follow","max-snippet":"max-snippet:-1","max-image-preview":"max-image-preview:large","max-video-preview":"max-video-preview:-1"},"canonical":"https:\/\/jecza.ro\/index.php\/teme\/","og_locale":"en_US","og_type":"article","og_title":"Teme - Jecza Museum","og_description":"\u00cen esen\u0163a ei, sculptura lui Petru Jecza rezult\u0103 din dinamica a trei entit\u0103\u0163i: cubul, sfera \u015fi erup\u0163ia. Elanul, for\u0163a l\u0103untric\u0103, ce determin\u0103 \u00eentreaga mi\u015fcare a \u00een\u0163elesurilor \u015fi, implicit, \u00eentreaga pulsa\u0163ie a formelor \u015fi volumelor, a semnelor plastice, este dorin\u0163a celor dou\u0103 corpuri emblematice de a se contopi, de a realiza o sintez\u0103. Avem a face [&hellip;]","og_url":"https:\/\/jecza.ro\/index.php\/teme\/","og_site_name":"Jecza Museum","article_modified_time":"2025-02-02T23:02:06+00:00","twitter_card":"summary_large_image","twitter_misc":{"Est. reading time":"1 minute"},"schema":{"@context":"https:\/\/schema.org","@graph":[{"@type":"WebPage","@id":"https:\/\/jecza.ro\/index.php\/teme\/","url":"https:\/\/jecza.ro\/index.php\/teme\/","name":"Teme - Jecza Museum","isPartOf":{"@id":"https:\/\/jecza.ro\/#website"},"datePublished":"2025-02-02T23:00:09+00:00","dateModified":"2025-02-02T23:02:06+00:00","breadcrumb":{"@id":"https:\/\/jecza.ro\/index.php\/teme\/#breadcrumb"},"inLanguage":"en-US","potentialAction":[{"@type":"ReadAction","target":["https:\/\/jecza.ro\/index.php\/teme\/"]}]},{"@type":"BreadcrumbList","@id":"https:\/\/jecza.ro\/index.php\/teme\/#breadcrumb","itemListElement":[{"@type":"ListItem","position":1,"name":"Home","item":"https:\/\/jecza.ro\/"},{"@type":"ListItem","position":2,"name":"Teme"}]},{"@type":"WebSite","@id":"https:\/\/jecza.ro\/#website","url":"https:\/\/jecza.ro\/","name":"Jecza Museum","description":"","publisher":{"@id":"https:\/\/jecza.ro\/#organization"},"potentialAction":[{"@type":"SearchAction","target":{"@type":"EntryPoint","urlTemplate":"https:\/\/jecza.ro\/?s={search_term_string}"},"query-input":{"@type":"PropertyValueSpecification","valueRequired":true,"valueName":"search_term_string"}}],"inLanguage":"en-US"},{"@type":"Organization","@id":"https:\/\/jecza.ro\/#organization","name":"Jecza Museum","url":"https:\/\/jecza.ro\/","logo":{"@type":"ImageObject","inLanguage":"en-US","@id":"https:\/\/jecza.ro\/#\/schema\/logo\/image\/","url":"https:\/\/jecza.ro\/wp-content\/uploads\/2024\/11\/cropped-Jecza-museum-logo-white.png","contentUrl":"https:\/\/jecza.ro\/wp-content\/uploads\/2024\/11\/cropped-Jecza-museum-logo-white.png","width":512,"height":512,"caption":"Jecza Museum"},"image":{"@id":"https:\/\/jecza.ro\/#\/schema\/logo\/image\/"}}]}},"campaignId":"","_links":{"self":[{"href":"https:\/\/jecza.ro\/index.php\/wp-json\/wp\/v2\/pages\/6461","targetHints":{"allow":["GET"]}}],"collection":[{"href":"https:\/\/jecza.ro\/index.php\/wp-json\/wp\/v2\/pages"}],"about":[{"href":"https:\/\/jecza.ro\/index.php\/wp-json\/wp\/v2\/types\/page"}],"author":[{"embeddable":true,"href":"https:\/\/jecza.ro\/index.php\/wp-json\/wp\/v2\/users\/2"}],"replies":[{"embeddable":true,"href":"https:\/\/jecza.ro\/index.php\/wp-json\/wp\/v2\/comments?post=6461"}],"version-history":[{"count":7,"href":"https:\/\/jecza.ro\/index.php\/wp-json\/wp\/v2\/pages\/6461\/revisions"}],"predecessor-version":[{"id":6468,"href":"https:\/\/jecza.ro\/index.php\/wp-json\/wp\/v2\/pages\/6461\/revisions\/6468"}],"wp:attachment":[{"href":"https:\/\/jecza.ro\/index.php\/wp-json\/wp\/v2\/media?parent=6461"}],"curies":[{"name":"wp","href":"https:\/\/api.w.org\/{rel}","templated":true}]}}