{"id":6457,"date":"2025-02-02T22:54:55","date_gmt":"2025-02-02T22:54:55","guid":{"rendered":"https:\/\/dev.cm.upt.ro\/jecza\/?page_id=6457"},"modified":"2025-02-03T02:22:09","modified_gmt":"2025-02-03T02:22:09","slug":"opera","status":"publish","type":"page","link":"https:\/\/jecza.ro\/index.php\/opera\/","title":{"rendered":"Opera"},"content":{"rendered":"\t\t<div data-elementor-type=\"wp-page\" data-elementor-id=\"6457\" class=\"elementor elementor-6457\">\n\t\t\t\t<div class=\"elementor-element elementor-element-58041c0 e-flex e-con-boxed e-con e-parent\" data-id=\"58041c0\" data-element_type=\"container\">\n\t\t\t\t\t<div class=\"e-con-inner\">\n\t\t\t\t<div class=\"elementor-element elementor-element-9427df9 elementor-widget elementor-widget-text-editor\" data-id=\"9427df9\" data-element_type=\"widget\" data-widget_type=\"text-editor.default\">\n\t\t\t\t<div class=\"elementor-widget-container\">\n\t\t\t\t\t\t\t\t\t<p>Opera lui Peter Jecza, de o impresionant\u0103 \u00eentindere, \u0219i-a g\u0103sit devreme \u201dtimbrul\u201d propriu. \u00cembog\u0103\u021bindu-se cu nuan\u021be \u0219i varia\u021biuni, acest timbru i-a marcat \u00eentreg parcursul crea\u021biei: \u201eJecza a realizat un limbaj plastic personal \u015fi original. S-a oprit, \u00een c\u0103ut\u0103rile sale, acolo unde forma devine imagine artistic\u0103, unde volumul dob\u00e2nde\u015fte semnifica\u0163ie \u015fi se transform\u0103 \u00een simbol. Totodat\u0103 Jecza este animat de umanizarea sculpturii sale spa\u0163iale (&#8230;). Pleac\u0103 \u015fi el, ca \u015fi \u00eenainta\u015fii s\u0103i, de la natur\u0103. O simplific\u0103, o stilizeaz\u0103 \u015fi-i generalizeaz\u0103 sensurile p\u00e2n\u0103 la abstract. Introduce o ordine geometric\u0103. Metamorfozeaz\u0103 datele sensibilit\u0103\u0163ii empirice prin calcul \u015fi ra\u0163ionament la forme spa\u0163iale, la implicarea generalului \u00een forma ce anim\u0103 un spa\u0163iu, ce red\u0103 ritmul \u015fi echilibrul \u015fi le integreaz\u0103 organic \u00een volum. Operele sale impresioneaz\u0103 prin elegan\u0163a propor\u0163iilor, prin compozi\u0163ie, prin juste\u0163ea \u015fi \u00eendr\u0103zneala ritmului, prin for\u0163a echilibrului\u201d.\u00a0 (Mircea Deac, <em>Afirm\u0103ri<\/em>, Timi\u015foara, Editura Facla, 1976)<\/p>\t\t\t\t\t\t\t\t<\/div>\n\t\t\t\t<\/div>\n\t\t\t\t\t<\/div>\n\t\t\t\t<\/div>\n\t\t<div class=\"elementor-element elementor-element-f7b777e e-flex e-con-boxed e-con e-parent\" data-id=\"f7b777e\" data-element_type=\"container\">\n\t\t\t\t\t<div class=\"e-con-inner\">\n\t\t\t\t<div class=\"elementor-element elementor-element-120c3d1 elementor-align-center elementor-widget elementor-widget-button\" data-id=\"120c3d1\" data-element_type=\"widget\" data-widget_type=\"button.default\">\n\t\t\t\t<div class=\"elementor-widget-container\">\n\t\t\t\t\t\t\t\t\t<div class=\"elementor-button-wrapper\">\n\t\t\t\t\t<a class=\"elementor-button elementor-button-link elementor-size-sm\" href=\"https:\/\/jecza.ro\/index.php\/collection\/\">\n\t\t\t\t\t\t<span class=\"elementor-button-content-wrapper\">\n\t\t\t\t\t\t\t\t\t<span class=\"elementor-button-text\">Colec\u021bia<\/span>\n\t\t\t\t\t<\/span>\n\t\t\t\t\t<\/a>\n\t\t\t\t<\/div>\n\t\t\t\t\t\t\t\t<\/div>\n\t\t\t\t<\/div>\n\t\t\t\t\t<\/div>\n\t\t\t\t<\/div>\n\t\t<div class=\"elementor-element elementor-element-a564f34 e-flex e-con-boxed e-con e-parent\" data-id=\"a564f34\" data-element_type=\"container\">\n\t\t\t\t\t<div class=\"e-con-inner\">\n\t\t\t\t<div class=\"elementor-element elementor-element-89f4bac elementor-align-center elementor-widget elementor-widget-button\" data-id=\"89f4bac\" data-element_type=\"widget\" data-widget_type=\"button.default\">\n\t\t\t\t<div class=\"elementor-widget-container\">\n\t\t\t\t\t\t\t\t\t<div class=\"elementor-button-wrapper\">\n\t\t\t\t\t<a class=\"elementor-button elementor-button-link elementor-size-sm\" href=\"https:\/\/jecza.ro\/index.php\/catalogul-complet-al-lucrarilor\/\">\n\t\t\t\t\t\t<span class=\"elementor-button-content-wrapper\">\n\t\t\t\t\t\t\t\t\t<span class=\"elementor-button-text\">Catalogul complet al lucr\u0103rilor<\/span>\n\t\t\t\t\t<\/span>\n\t\t\t\t\t<\/a>\n\t\t\t\t<\/div>\n\t\t\t\t\t\t\t\t<\/div>\n\t\t\t\t<\/div>\n\t\t\t\t<div class=\"elementor-element elementor-element-eb9da99 elementor-widget elementor-widget-image\" data-id=\"eb9da99\" data-element_type=\"widget\" data-widget_type=\"image.default\">\n\t\t\t\t<div class=\"elementor-widget-container\">\n\t\t\t\t\t\t\t\t\t\t\t\t\t\t\t<img decoding=\"async\" src=\"https:\/\/jecza.ro\/wp-content\/uploads\/2021\/12\/1979-1986-ATELIERUL-MONADE-1.jpg\" title=\"\" alt=\"\" loading=\"lazy\" \/>\t\t\t\t\t\t\t\t\t\t\t\t\t\t\t<\/div>\n\t\t\t\t<\/div>\n\t\t\t\t\t<\/div>\n\t\t\t\t<\/div>\n\t\t<div class=\"elementor-element elementor-element-7574fac e-flex e-con-boxed e-con e-parent\" data-id=\"7574fac\" data-element_type=\"container\">\n\t\t\t\t\t<div class=\"e-con-inner\">\n\t\t\t\t\t<\/div>\n\t\t\t\t<\/div>\n\t\t\t\t<\/div>\n\t\t","protected":false},"excerpt":{"rendered":"<p>Opera lui Peter Jecza, de o impresionant\u0103 \u00eentindere, \u0219i-a g\u0103sit devreme \u201dtimbrul\u201d propriu. \u00cembog\u0103\u021bindu-se cu nuan\u021be \u0219i varia\u021biuni, acest timbru i-a marcat \u00eentreg parcursul crea\u021biei: \u201eJecza a realizat un limbaj plastic personal \u015fi original. S-a oprit, \u00een c\u0103ut\u0103rile sale, acolo unde forma devine imagine artistic\u0103, unde volumul dob\u00e2nde\u015fte semnifica\u0163ie \u015fi se transform\u0103 \u00een simbol. Totodat\u0103 [&hellip;]<\/p>\n","protected":false},"author":2,"featured_media":0,"parent":0,"menu_order":0,"comment_status":"closed","ping_status":"closed","template":"","meta":{"_acf_changed":false,"give_campaign_id":0,"footnotes":""},"class_list":["post-6457","page","type-page","status-publish","hentry"],"acf":[],"yoast_head":"<!-- This site is optimized with the Yoast SEO plugin v25.3.1 - https:\/\/yoast.com\/wordpress\/plugins\/seo\/ -->\n<title>Opera - Jecza Museum<\/title>\n<meta name=\"robots\" content=\"index, follow, max-snippet:-1, max-image-preview:large, max-video-preview:-1\" \/>\n<link rel=\"canonical\" href=\"https:\/\/jecza.ro\/index.php\/opera\/\" \/>\n<meta property=\"og:locale\" content=\"en_US\" \/>\n<meta property=\"og:type\" content=\"article\" \/>\n<meta property=\"og:title\" content=\"Opera - Jecza Museum\" \/>\n<meta property=\"og:description\" content=\"Opera lui Peter Jecza, de o impresionant\u0103 \u00eentindere, \u0219i-a g\u0103sit devreme \u201dtimbrul\u201d propriu. \u00cembog\u0103\u021bindu-se cu nuan\u021be \u0219i varia\u021biuni, acest timbru i-a marcat \u00eentreg parcursul crea\u021biei: \u201eJecza a realizat un limbaj plastic personal \u015fi original. S-a oprit, \u00een c\u0103ut\u0103rile sale, acolo unde forma devine imagine artistic\u0103, unde volumul dob\u00e2nde\u015fte semnifica\u0163ie \u015fi se transform\u0103 \u00een simbol. Totodat\u0103 [&hellip;]\" \/>\n<meta property=\"og:url\" content=\"https:\/\/jecza.ro\/index.php\/opera\/\" \/>\n<meta property=\"og:site_name\" content=\"Jecza Museum\" \/>\n<meta property=\"article:modified_time\" content=\"2025-02-03T02:22:09+00:00\" \/>\n<meta property=\"og:image\" content=\"https:\/\/jecza.ro\/wp-content\/uploads\/2021\/12\/1979-1986-ATELIERUL-MONADE-1.jpg\" \/>\n<meta name=\"twitter:card\" content=\"summary_large_image\" \/>\n<meta name=\"twitter:label1\" content=\"Est. reading time\" \/>\n\t<meta name=\"twitter:data1\" content=\"1 minute\" \/>\n<script type=\"application\/ld+json\" class=\"yoast-schema-graph\">{\"@context\":\"https:\/\/schema.org\",\"@graph\":[{\"@type\":\"WebPage\",\"@id\":\"https:\/\/jecza.ro\/index.php\/opera\/\",\"url\":\"https:\/\/jecza.ro\/index.php\/opera\/\",\"name\":\"Opera - Jecza Museum\",\"isPartOf\":{\"@id\":\"https:\/\/jecza.ro\/#website\"},\"primaryImageOfPage\":{\"@id\":\"https:\/\/jecza.ro\/index.php\/opera\/#primaryimage\"},\"image\":{\"@id\":\"https:\/\/jecza.ro\/index.php\/opera\/#primaryimage\"},\"thumbnailUrl\":\"https:\/\/jecza.ro\/wp-content\/uploads\/2021\/12\/1979-1986-ATELIERUL-MONADE-1.jpg\",\"datePublished\":\"2025-02-02T22:54:55+00:00\",\"dateModified\":\"2025-02-03T02:22:09+00:00\",\"breadcrumb\":{\"@id\":\"https:\/\/jecza.ro\/index.php\/opera\/#breadcrumb\"},\"inLanguage\":\"en-US\",\"potentialAction\":[{\"@type\":\"ReadAction\",\"target\":[\"https:\/\/jecza.ro\/index.php\/opera\/\"]}]},{\"@type\":\"ImageObject\",\"inLanguage\":\"en-US\",\"@id\":\"https:\/\/jecza.ro\/index.php\/opera\/#primaryimage\",\"url\":\"https:\/\/jecza.ro\/wp-content\/uploads\/2021\/12\/1979-1986-ATELIERUL-MONADE-1.jpg\",\"contentUrl\":\"https:\/\/jecza.ro\/wp-content\/uploads\/2021\/12\/1979-1986-ATELIERUL-MONADE-1.jpg\"},{\"@type\":\"BreadcrumbList\",\"@id\":\"https:\/\/jecza.ro\/index.php\/opera\/#breadcrumb\",\"itemListElement\":[{\"@type\":\"ListItem\",\"position\":1,\"name\":\"Home\",\"item\":\"https:\/\/jecza.ro\/\"},{\"@type\":\"ListItem\",\"position\":2,\"name\":\"Opera\"}]},{\"@type\":\"WebSite\",\"@id\":\"https:\/\/jecza.ro\/#website\",\"url\":\"https:\/\/jecza.ro\/\",\"name\":\"Jecza Museum\",\"description\":\"\",\"publisher\":{\"@id\":\"https:\/\/jecza.ro\/#organization\"},\"potentialAction\":[{\"@type\":\"SearchAction\",\"target\":{\"@type\":\"EntryPoint\",\"urlTemplate\":\"https:\/\/jecza.ro\/?s={search_term_string}\"},\"query-input\":{\"@type\":\"PropertyValueSpecification\",\"valueRequired\":true,\"valueName\":\"search_term_string\"}}],\"inLanguage\":\"en-US\"},{\"@type\":\"Organization\",\"@id\":\"https:\/\/jecza.ro\/#organization\",\"name\":\"Jecza Museum\",\"url\":\"https:\/\/jecza.ro\/\",\"logo\":{\"@type\":\"ImageObject\",\"inLanguage\":\"en-US\",\"@id\":\"https:\/\/jecza.ro\/#\/schema\/logo\/image\/\",\"url\":\"https:\/\/jecza.ro\/wp-content\/uploads\/2024\/11\/cropped-Jecza-museum-logo-white.png\",\"contentUrl\":\"https:\/\/jecza.ro\/wp-content\/uploads\/2024\/11\/cropped-Jecza-museum-logo-white.png\",\"width\":512,\"height\":512,\"caption\":\"Jecza Museum\"},\"image\":{\"@id\":\"https:\/\/jecza.ro\/#\/schema\/logo\/image\/\"}}]}<\/script>\n<!-- \/ Yoast SEO plugin. -->","yoast_head_json":{"title":"Opera - Jecza Museum","robots":{"index":"index","follow":"follow","max-snippet":"max-snippet:-1","max-image-preview":"max-image-preview:large","max-video-preview":"max-video-preview:-1"},"canonical":"https:\/\/jecza.ro\/index.php\/opera\/","og_locale":"en_US","og_type":"article","og_title":"Opera - Jecza Museum","og_description":"Opera lui Peter Jecza, de o impresionant\u0103 \u00eentindere, \u0219i-a g\u0103sit devreme \u201dtimbrul\u201d propriu. \u00cembog\u0103\u021bindu-se cu nuan\u021be \u0219i varia\u021biuni, acest timbru i-a marcat \u00eentreg parcursul crea\u021biei: \u201eJecza a realizat un limbaj plastic personal \u015fi original. S-a oprit, \u00een c\u0103ut\u0103rile sale, acolo unde forma devine imagine artistic\u0103, unde volumul dob\u00e2nde\u015fte semnifica\u0163ie \u015fi se transform\u0103 \u00een simbol. Totodat\u0103 [&hellip;]","og_url":"https:\/\/jecza.ro\/index.php\/opera\/","og_site_name":"Jecza Museum","article_modified_time":"2025-02-03T02:22:09+00:00","og_image":[{"url":"https:\/\/jecza.ro\/wp-content\/uploads\/2021\/12\/1979-1986-ATELIERUL-MONADE-1.jpg","type":"","width":"","height":""}],"twitter_card":"summary_large_image","twitter_misc":{"Est. reading time":"1 minute"},"schema":{"@context":"https:\/\/schema.org","@graph":[{"@type":"WebPage","@id":"https:\/\/jecza.ro\/index.php\/opera\/","url":"https:\/\/jecza.ro\/index.php\/opera\/","name":"Opera - Jecza Museum","isPartOf":{"@id":"https:\/\/jecza.ro\/#website"},"primaryImageOfPage":{"@id":"https:\/\/jecza.ro\/index.php\/opera\/#primaryimage"},"image":{"@id":"https:\/\/jecza.ro\/index.php\/opera\/#primaryimage"},"thumbnailUrl":"https:\/\/jecza.ro\/wp-content\/uploads\/2021\/12\/1979-1986-ATELIERUL-MONADE-1.jpg","datePublished":"2025-02-02T22:54:55+00:00","dateModified":"2025-02-03T02:22:09+00:00","breadcrumb":{"@id":"https:\/\/jecza.ro\/index.php\/opera\/#breadcrumb"},"inLanguage":"en-US","potentialAction":[{"@type":"ReadAction","target":["https:\/\/jecza.ro\/index.php\/opera\/"]}]},{"@type":"ImageObject","inLanguage":"en-US","@id":"https:\/\/jecza.ro\/index.php\/opera\/#primaryimage","url":"https:\/\/jecza.ro\/wp-content\/uploads\/2021\/12\/1979-1986-ATELIERUL-MONADE-1.jpg","contentUrl":"https:\/\/jecza.ro\/wp-content\/uploads\/2021\/12\/1979-1986-ATELIERUL-MONADE-1.jpg"},{"@type":"BreadcrumbList","@id":"https:\/\/jecza.ro\/index.php\/opera\/#breadcrumb","itemListElement":[{"@type":"ListItem","position":1,"name":"Home","item":"https:\/\/jecza.ro\/"},{"@type":"ListItem","position":2,"name":"Opera"}]},{"@type":"WebSite","@id":"https:\/\/jecza.ro\/#website","url":"https:\/\/jecza.ro\/","name":"Jecza Museum","description":"","publisher":{"@id":"https:\/\/jecza.ro\/#organization"},"potentialAction":[{"@type":"SearchAction","target":{"@type":"EntryPoint","urlTemplate":"https:\/\/jecza.ro\/?s={search_term_string}"},"query-input":{"@type":"PropertyValueSpecification","valueRequired":true,"valueName":"search_term_string"}}],"inLanguage":"en-US"},{"@type":"Organization","@id":"https:\/\/jecza.ro\/#organization","name":"Jecza Museum","url":"https:\/\/jecza.ro\/","logo":{"@type":"ImageObject","inLanguage":"en-US","@id":"https:\/\/jecza.ro\/#\/schema\/logo\/image\/","url":"https:\/\/jecza.ro\/wp-content\/uploads\/2024\/11\/cropped-Jecza-museum-logo-white.png","contentUrl":"https:\/\/jecza.ro\/wp-content\/uploads\/2024\/11\/cropped-Jecza-museum-logo-white.png","width":512,"height":512,"caption":"Jecza Museum"},"image":{"@id":"https:\/\/jecza.ro\/#\/schema\/logo\/image\/"}}]}},"campaignId":"","_links":{"self":[{"href":"https:\/\/jecza.ro\/index.php\/wp-json\/wp\/v2\/pages\/6457","targetHints":{"allow":["GET"]}}],"collection":[{"href":"https:\/\/jecza.ro\/index.php\/wp-json\/wp\/v2\/pages"}],"about":[{"href":"https:\/\/jecza.ro\/index.php\/wp-json\/wp\/v2\/types\/page"}],"author":[{"embeddable":true,"href":"https:\/\/jecza.ro\/index.php\/wp-json\/wp\/v2\/users\/2"}],"replies":[{"embeddable":true,"href":"https:\/\/jecza.ro\/index.php\/wp-json\/wp\/v2\/comments?post=6457"}],"version-history":[{"count":12,"href":"https:\/\/jecza.ro\/index.php\/wp-json\/wp\/v2\/pages\/6457\/revisions"}],"predecessor-version":[{"id":6598,"href":"https:\/\/jecza.ro\/index.php\/wp-json\/wp\/v2\/pages\/6457\/revisions\/6598"}],"wp:attachment":[{"href":"https:\/\/jecza.ro\/index.php\/wp-json\/wp\/v2\/media?parent=6457"}],"curies":[{"name":"wp","href":"https:\/\/api.w.org\/{rel}","templated":true}]}}