{"id":6303,"date":"2025-02-02T09:19:11","date_gmt":"2025-02-02T09:19:11","guid":{"rendered":"https:\/\/dev.cm.upt.ro\/jecza\/?page_id=6303"},"modified":"2025-02-02T09:20:56","modified_gmt":"2025-02-02T09:20:56","slug":"povestea-lucrarilor-univers-dantesc","status":"publish","type":"page","link":"https:\/\/jecza.ro\/index.php\/povestea-lucrarilor\/povestea-lucrarilor-univers-dantesc\/","title":{"rendered":"Povestea lucr\u0103rilor &#8211; UNIVERS DANTESC"},"content":{"rendered":"\t\t<div data-elementor-type=\"wp-page\" data-elementor-id=\"6303\" class=\"elementor elementor-6303\">\n\t\t\t\t<div class=\"elementor-element elementor-element-e647f44 e-flex e-con-boxed e-con e-parent\" data-id=\"e647f44\" data-element_type=\"container\">\n\t\t\t\t\t<div class=\"e-con-inner\">\n\t\t\t\t<div class=\"elementor-element elementor-element-89b2e4f elementor-widget elementor-widget-text-editor\" data-id=\"89b2e4f\" data-element_type=\"widget\" data-widget_type=\"text-editor.default\">\n\t\t\t\t<div class=\"elementor-widget-container\">\n\t\t\t\t\t\t\t\t\t<p>Situl invit\u0103 la parcurgerea c\u00e2torva \u201dpove\u0219ti\u201d legate de lucr\u0103rile lui Peter Jecza. Ghid al acestor imersiuni \u00een interiorul crea\u021biei este Sorina Jecza, so\u021bia artistului. Punctul de vedere pe care \u00eel dezv\u0103luie este al aceleia care l-a \u00eenso\u021bit pe sculptor timp de peste 30 de ani, fiind martora na\u0219terii a peste o mie de lucr\u0103ri. Apropiindu-se de c\u00e2te o lucrare, Sorina Jecza face leg\u0103turi ce conduc spre procesul intim al crea\u021biei, dezv\u0103luind mecanismele interioare care au generat opera.<\/p>\t\t\t\t\t\t\t\t<\/div>\n\t\t\t\t<\/div>\n\t\t\t\t<div class=\"elementor-element elementor-element-1e5544e elementor-widget elementor-widget-video\" data-id=\"1e5544e\" data-element_type=\"widget\" data-settings=\"{&quot;youtube_url&quot;:&quot;https:\\\/\\\/youtu.be\\\/EdgFW1TWTSU&quot;,&quot;video_type&quot;:&quot;youtube&quot;,&quot;controls&quot;:&quot;yes&quot;}\" data-widget_type=\"video.default\">\n\t\t\t\t<div class=\"elementor-widget-container\">\n\t\t\t\t\t\t\t<div class=\"elementor-wrapper elementor-open-inline\">\n\t\t\t<div class=\"elementor-video\"><\/div>\t\t<\/div>\n\t\t\t\t\t\t<\/div>\n\t\t\t\t<\/div>\n\t\t\t\t\t<\/div>\n\t\t\t\t<\/div>\n\t\t\t\t<\/div>\n\t\t","protected":false},"excerpt":{"rendered":"<p>Situl invit\u0103 la parcurgerea c\u00e2torva \u201dpove\u0219ti\u201d legate de lucr\u0103rile lui Peter Jecza. Ghid al acestor imersiuni \u00een interiorul crea\u021biei este Sorina Jecza, so\u021bia artistului. Punctul de vedere pe care \u00eel dezv\u0103luie este al aceleia care l-a \u00eenso\u021bit pe sculptor timp de peste 30 de ani, fiind martora na\u0219terii a peste o mie de lucr\u0103ri. Apropiindu-se [&hellip;]<\/p>\n","protected":false},"author":2,"featured_media":0,"parent":6275,"menu_order":14,"comment_status":"closed","ping_status":"closed","template":"","meta":{"_acf_changed":false,"give_campaign_id":0,"footnotes":""},"class_list":["post-6303","page","type-page","status-publish","hentry"],"acf":[],"yoast_head":"<!-- This site is optimized with the Yoast SEO plugin v25.3.1 - https:\/\/yoast.com\/wordpress\/plugins\/seo\/ -->\n<title>Povestea lucr\u0103rilor - UNIVERS DANTESC - Jecza Museum<\/title>\n<meta name=\"robots\" content=\"index, follow, max-snippet:-1, max-image-preview:large, max-video-preview:-1\" \/>\n<link rel=\"canonical\" href=\"https:\/\/jecza.ro\/index.php\/povestea-lucrarilor\/povestea-lucrarilor-univers-dantesc\/\" \/>\n<meta property=\"og:locale\" content=\"en_US\" \/>\n<meta property=\"og:type\" content=\"article\" \/>\n<meta property=\"og:title\" content=\"Povestea lucr\u0103rilor - UNIVERS DANTESC - Jecza Museum\" \/>\n<meta property=\"og:description\" content=\"Situl invit\u0103 la parcurgerea c\u00e2torva \u201dpove\u0219ti\u201d legate de lucr\u0103rile lui Peter Jecza. Ghid al acestor imersiuni \u00een interiorul crea\u021biei este Sorina Jecza, so\u021bia artistului. Punctul de vedere pe care \u00eel dezv\u0103luie este al aceleia care l-a \u00eenso\u021bit pe sculptor timp de peste 30 de ani, fiind martora na\u0219terii a peste o mie de lucr\u0103ri. Apropiindu-se [&hellip;]\" \/>\n<meta property=\"og:url\" content=\"https:\/\/jecza.ro\/index.php\/povestea-lucrarilor\/povestea-lucrarilor-univers-dantesc\/\" \/>\n<meta property=\"og:site_name\" content=\"Jecza Museum\" \/>\n<meta property=\"article:modified_time\" content=\"2025-02-02T09:20:56+00:00\" \/>\n<meta name=\"twitter:card\" content=\"summary_large_image\" \/>\n<meta name=\"twitter:label1\" content=\"Est. reading time\" \/>\n\t<meta name=\"twitter:data1\" content=\"1 minute\" \/>\n<script type=\"application\/ld+json\" class=\"yoast-schema-graph\">{\"@context\":\"https:\/\/schema.org\",\"@graph\":[{\"@type\":\"WebPage\",\"@id\":\"https:\/\/jecza.ro\/index.php\/povestea-lucrarilor\/povestea-lucrarilor-univers-dantesc\/\",\"url\":\"https:\/\/jecza.ro\/index.php\/povestea-lucrarilor\/povestea-lucrarilor-univers-dantesc\/\",\"name\":\"Povestea lucr\u0103rilor - UNIVERS DANTESC - Jecza Museum\",\"isPartOf\":{\"@id\":\"https:\/\/jecza.ro\/#website\"},\"datePublished\":\"2025-02-02T09:19:11+00:00\",\"dateModified\":\"2025-02-02T09:20:56+00:00\",\"breadcrumb\":{\"@id\":\"https:\/\/jecza.ro\/index.php\/povestea-lucrarilor\/povestea-lucrarilor-univers-dantesc\/#breadcrumb\"},\"inLanguage\":\"en-US\",\"potentialAction\":[{\"@type\":\"ReadAction\",\"target\":[\"https:\/\/jecza.ro\/index.php\/povestea-lucrarilor\/povestea-lucrarilor-univers-dantesc\/\"]}]},{\"@type\":\"BreadcrumbList\",\"@id\":\"https:\/\/jecza.ro\/index.php\/povestea-lucrarilor\/povestea-lucrarilor-univers-dantesc\/#breadcrumb\",\"itemListElement\":[{\"@type\":\"ListItem\",\"position\":1,\"name\":\"Home\",\"item\":\"https:\/\/jecza.ro\/\"},{\"@type\":\"ListItem\",\"position\":2,\"name\":\"Povestea lucr\u0103rilor\",\"item\":\"https:\/\/jecza.ro\/index.php\/povestea-lucrarilor\/\"},{\"@type\":\"ListItem\",\"position\":3,\"name\":\"Povestea lucr\u0103rilor &#8211; UNIVERS DANTESC\"}]},{\"@type\":\"WebSite\",\"@id\":\"https:\/\/jecza.ro\/#website\",\"url\":\"https:\/\/jecza.ro\/\",\"name\":\"Jecza Museum\",\"description\":\"\",\"publisher\":{\"@id\":\"https:\/\/jecza.ro\/#organization\"},\"potentialAction\":[{\"@type\":\"SearchAction\",\"target\":{\"@type\":\"EntryPoint\",\"urlTemplate\":\"https:\/\/jecza.ro\/?s={search_term_string}\"},\"query-input\":{\"@type\":\"PropertyValueSpecification\",\"valueRequired\":true,\"valueName\":\"search_term_string\"}}],\"inLanguage\":\"en-US\"},{\"@type\":\"Organization\",\"@id\":\"https:\/\/jecza.ro\/#organization\",\"name\":\"Jecza Museum\",\"url\":\"https:\/\/jecza.ro\/\",\"logo\":{\"@type\":\"ImageObject\",\"inLanguage\":\"en-US\",\"@id\":\"https:\/\/jecza.ro\/#\/schema\/logo\/image\/\",\"url\":\"https:\/\/jecza.ro\/wp-content\/uploads\/2024\/11\/cropped-Jecza-museum-logo-white.png\",\"contentUrl\":\"https:\/\/jecza.ro\/wp-content\/uploads\/2024\/11\/cropped-Jecza-museum-logo-white.png\",\"width\":512,\"height\":512,\"caption\":\"Jecza Museum\"},\"image\":{\"@id\":\"https:\/\/jecza.ro\/#\/schema\/logo\/image\/\"}}]}<\/script>\n<!-- \/ Yoast SEO plugin. -->","yoast_head_json":{"title":"Povestea lucr\u0103rilor - UNIVERS DANTESC - Jecza Museum","robots":{"index":"index","follow":"follow","max-snippet":"max-snippet:-1","max-image-preview":"max-image-preview:large","max-video-preview":"max-video-preview:-1"},"canonical":"https:\/\/jecza.ro\/index.php\/povestea-lucrarilor\/povestea-lucrarilor-univers-dantesc\/","og_locale":"en_US","og_type":"article","og_title":"Povestea lucr\u0103rilor - UNIVERS DANTESC - Jecza Museum","og_description":"Situl invit\u0103 la parcurgerea c\u00e2torva \u201dpove\u0219ti\u201d legate de lucr\u0103rile lui Peter Jecza. Ghid al acestor imersiuni \u00een interiorul crea\u021biei este Sorina Jecza, so\u021bia artistului. Punctul de vedere pe care \u00eel dezv\u0103luie este al aceleia care l-a \u00eenso\u021bit pe sculptor timp de peste 30 de ani, fiind martora na\u0219terii a peste o mie de lucr\u0103ri. Apropiindu-se [&hellip;]","og_url":"https:\/\/jecza.ro\/index.php\/povestea-lucrarilor\/povestea-lucrarilor-univers-dantesc\/","og_site_name":"Jecza Museum","article_modified_time":"2025-02-02T09:20:56+00:00","twitter_card":"summary_large_image","twitter_misc":{"Est. reading time":"1 minute"},"schema":{"@context":"https:\/\/schema.org","@graph":[{"@type":"WebPage","@id":"https:\/\/jecza.ro\/index.php\/povestea-lucrarilor\/povestea-lucrarilor-univers-dantesc\/","url":"https:\/\/jecza.ro\/index.php\/povestea-lucrarilor\/povestea-lucrarilor-univers-dantesc\/","name":"Povestea lucr\u0103rilor - UNIVERS DANTESC - Jecza Museum","isPartOf":{"@id":"https:\/\/jecza.ro\/#website"},"datePublished":"2025-02-02T09:19:11+00:00","dateModified":"2025-02-02T09:20:56+00:00","breadcrumb":{"@id":"https:\/\/jecza.ro\/index.php\/povestea-lucrarilor\/povestea-lucrarilor-univers-dantesc\/#breadcrumb"},"inLanguage":"en-US","potentialAction":[{"@type":"ReadAction","target":["https:\/\/jecza.ro\/index.php\/povestea-lucrarilor\/povestea-lucrarilor-univers-dantesc\/"]}]},{"@type":"BreadcrumbList","@id":"https:\/\/jecza.ro\/index.php\/povestea-lucrarilor\/povestea-lucrarilor-univers-dantesc\/#breadcrumb","itemListElement":[{"@type":"ListItem","position":1,"name":"Home","item":"https:\/\/jecza.ro\/"},{"@type":"ListItem","position":2,"name":"Povestea lucr\u0103rilor","item":"https:\/\/jecza.ro\/index.php\/povestea-lucrarilor\/"},{"@type":"ListItem","position":3,"name":"Povestea lucr\u0103rilor &#8211; UNIVERS DANTESC"}]},{"@type":"WebSite","@id":"https:\/\/jecza.ro\/#website","url":"https:\/\/jecza.ro\/","name":"Jecza Museum","description":"","publisher":{"@id":"https:\/\/jecza.ro\/#organization"},"potentialAction":[{"@type":"SearchAction","target":{"@type":"EntryPoint","urlTemplate":"https:\/\/jecza.ro\/?s={search_term_string}"},"query-input":{"@type":"PropertyValueSpecification","valueRequired":true,"valueName":"search_term_string"}}],"inLanguage":"en-US"},{"@type":"Organization","@id":"https:\/\/jecza.ro\/#organization","name":"Jecza Museum","url":"https:\/\/jecza.ro\/","logo":{"@type":"ImageObject","inLanguage":"en-US","@id":"https:\/\/jecza.ro\/#\/schema\/logo\/image\/","url":"https:\/\/jecza.ro\/wp-content\/uploads\/2024\/11\/cropped-Jecza-museum-logo-white.png","contentUrl":"https:\/\/jecza.ro\/wp-content\/uploads\/2024\/11\/cropped-Jecza-museum-logo-white.png","width":512,"height":512,"caption":"Jecza Museum"},"image":{"@id":"https:\/\/jecza.ro\/#\/schema\/logo\/image\/"}}]}},"campaignId":"","_links":{"self":[{"href":"https:\/\/jecza.ro\/index.php\/wp-json\/wp\/v2\/pages\/6303","targetHints":{"allow":["GET"]}}],"collection":[{"href":"https:\/\/jecza.ro\/index.php\/wp-json\/wp\/v2\/pages"}],"about":[{"href":"https:\/\/jecza.ro\/index.php\/wp-json\/wp\/v2\/types\/page"}],"author":[{"embeddable":true,"href":"https:\/\/jecza.ro\/index.php\/wp-json\/wp\/v2\/users\/2"}],"replies":[{"embeddable":true,"href":"https:\/\/jecza.ro\/index.php\/wp-json\/wp\/v2\/comments?post=6303"}],"version-history":[{"count":4,"href":"https:\/\/jecza.ro\/index.php\/wp-json\/wp\/v2\/pages\/6303\/revisions"}],"predecessor-version":[{"id":6308,"href":"https:\/\/jecza.ro\/index.php\/wp-json\/wp\/v2\/pages\/6303\/revisions\/6308"}],"up":[{"embeddable":true,"href":"https:\/\/jecza.ro\/index.php\/wp-json\/wp\/v2\/pages\/6275"}],"wp:attachment":[{"href":"https:\/\/jecza.ro\/index.php\/wp-json\/wp\/v2\/media?parent=6303"}],"curies":[{"name":"wp","href":"https:\/\/api.w.org\/{rel}","templated":true}]}}