{"id":6293,"date":"2025-02-02T09:06:40","date_gmt":"2025-02-02T09:06:40","guid":{"rendered":"https:\/\/dev.cm.upt.ro\/jecza\/?page_id=6293"},"modified":"2025-02-02T09:21:44","modified_gmt":"2025-02-02T09:21:44","slug":"povestea-lucrarilor-calauza","status":"publish","type":"page","link":"https:\/\/jecza.ro\/index.php\/povestea-lucrarilor\/povestea-lucrarilor-calauza\/","title":{"rendered":"Povestea lucr\u0103rilor &#8211; C\u0102L\u0102UZA"},"content":{"rendered":"\t\t<div data-elementor-type=\"wp-page\" data-elementor-id=\"6293\" class=\"elementor elementor-6293\">\n\t\t\t\t<div class=\"elementor-element elementor-element-452f2a5 e-flex e-con-boxed e-con e-parent\" data-id=\"452f2a5\" data-element_type=\"container\">\n\t\t\t\t\t<div class=\"e-con-inner\">\n\t\t\t\t<div class=\"elementor-element elementor-element-f24dc53 elementor-widget elementor-widget-text-editor\" data-id=\"f24dc53\" data-element_type=\"widget\" data-widget_type=\"text-editor.default\">\n\t\t\t\t<div class=\"elementor-widget-container\">\n\t\t\t\t\t\t\t\t\t<p>O tem\u0103 distinct\u0103 pe care Peter Jecza a dezvoltat-o \u00een mai multe ipostaze este aceea a \u201dmul\u021bimii\u201d. Un grup figurativ, reprezent\u00e2nd un volum compact, cap\u0103t\u0103<br \/>expresivitate, suger\u00e2nd for\u021b\u0103, energie, masivitate. Direc\u021bia acestei organiz\u0103ri adaug\u0103 nuan\u021be diferite. Orientat \u00eenainte, volumul c\u00e2\u0219tig\u0103 valen\u021be de for\u021b\u0103 activ\u0103,<br \/>dispuse orizontal (Geologie) se converte\u0219te \u00een static.<br \/>Elemente simple de morfologie a formei, combinate diferit, fac limbajul sculpturii infinit productiv.<\/p>\t\t\t\t\t\t\t\t<\/div>\n\t\t\t\t<\/div>\n\t\t\t\t<div class=\"elementor-element elementor-element-c26424e elementor-widget elementor-widget-video\" data-id=\"c26424e\" data-element_type=\"widget\" data-settings=\"{&quot;youtube_url&quot;:&quot;https:\\\/\\\/youtu.be\\\/IfgochrKtx8&quot;,&quot;video_type&quot;:&quot;youtube&quot;,&quot;controls&quot;:&quot;yes&quot;}\" data-widget_type=\"video.default\">\n\t\t\t\t<div class=\"elementor-widget-container\">\n\t\t\t\t\t\t\t<div class=\"elementor-wrapper elementor-open-inline\">\n\t\t\t<div class=\"elementor-video\"><\/div>\t\t<\/div>\n\t\t\t\t\t\t<\/div>\n\t\t\t\t<\/div>\n\t\t\t\t\t<\/div>\n\t\t\t\t<\/div>\n\t\t\t\t<\/div>\n\t\t","protected":false},"excerpt":{"rendered":"<p>O tem\u0103 distinct\u0103 pe care Peter Jecza a dezvoltat-o \u00een mai multe ipostaze este aceea a \u201dmul\u021bimii\u201d. Un grup figurativ, reprezent\u00e2nd un volum compact, cap\u0103t\u0103 expresivitate, suger\u00e2nd for\u021b\u0103, energie, masivitate. Direc\u021bia acestei organiz\u0103ri adaug\u0103 nuan\u021be diferite. Orientat \u00eenainte, volumul c\u00e2\u0219tig\u0103 valen\u021be de for\u021b\u0103 activ\u0103, dispuse orizontal (Geologie) se converte\u0219te \u00een static. Elemente simple de morfologie [&hellip;]<\/p>\n","protected":false},"author":2,"featured_media":0,"parent":6275,"menu_order":11,"comment_status":"closed","ping_status":"closed","template":"","meta":{"_acf_changed":false,"give_campaign_id":0,"footnotes":""},"class_list":["post-6293","page","type-page","status-publish","hentry"],"acf":[],"yoast_head":"<!-- This site is optimized with the Yoast SEO plugin v25.3.1 - https:\/\/yoast.com\/wordpress\/plugins\/seo\/ -->\n<title>Povestea lucr\u0103rilor - C\u0102L\u0102UZA - Jecza Museum<\/title>\n<meta name=\"robots\" content=\"index, follow, max-snippet:-1, max-image-preview:large, max-video-preview:-1\" \/>\n<link rel=\"canonical\" href=\"https:\/\/jecza.ro\/index.php\/povestea-lucrarilor\/povestea-lucrarilor-calauza\/\" \/>\n<meta property=\"og:locale\" content=\"en_US\" \/>\n<meta property=\"og:type\" content=\"article\" \/>\n<meta property=\"og:title\" content=\"Povestea lucr\u0103rilor - C\u0102L\u0102UZA - Jecza Museum\" \/>\n<meta property=\"og:description\" content=\"O tem\u0103 distinct\u0103 pe care Peter Jecza a dezvoltat-o \u00een mai multe ipostaze este aceea a \u201dmul\u021bimii\u201d. Un grup figurativ, reprezent\u00e2nd un volum compact, cap\u0103t\u0103 expresivitate, suger\u00e2nd for\u021b\u0103, energie, masivitate. Direc\u021bia acestei organiz\u0103ri adaug\u0103 nuan\u021be diferite. Orientat \u00eenainte, volumul c\u00e2\u0219tig\u0103 valen\u021be de for\u021b\u0103 activ\u0103, dispuse orizontal (Geologie) se converte\u0219te \u00een static. Elemente simple de morfologie [&hellip;]\" \/>\n<meta property=\"og:url\" content=\"https:\/\/jecza.ro\/index.php\/povestea-lucrarilor\/povestea-lucrarilor-calauza\/\" \/>\n<meta property=\"og:site_name\" content=\"Jecza Museum\" \/>\n<meta property=\"article:modified_time\" content=\"2025-02-02T09:21:44+00:00\" \/>\n<meta name=\"twitter:card\" content=\"summary_large_image\" \/>\n<meta name=\"twitter:label1\" content=\"Est. reading time\" \/>\n\t<meta name=\"twitter:data1\" content=\"1 minute\" \/>\n<script type=\"application\/ld+json\" class=\"yoast-schema-graph\">{\"@context\":\"https:\/\/schema.org\",\"@graph\":[{\"@type\":\"WebPage\",\"@id\":\"https:\/\/jecza.ro\/index.php\/povestea-lucrarilor\/povestea-lucrarilor-calauza\/\",\"url\":\"https:\/\/jecza.ro\/index.php\/povestea-lucrarilor\/povestea-lucrarilor-calauza\/\",\"name\":\"Povestea lucr\u0103rilor - C\u0102L\u0102UZA - Jecza Museum\",\"isPartOf\":{\"@id\":\"https:\/\/jecza.ro\/#website\"},\"datePublished\":\"2025-02-02T09:06:40+00:00\",\"dateModified\":\"2025-02-02T09:21:44+00:00\",\"breadcrumb\":{\"@id\":\"https:\/\/jecza.ro\/index.php\/povestea-lucrarilor\/povestea-lucrarilor-calauza\/#breadcrumb\"},\"inLanguage\":\"en-US\",\"potentialAction\":[{\"@type\":\"ReadAction\",\"target\":[\"https:\/\/jecza.ro\/index.php\/povestea-lucrarilor\/povestea-lucrarilor-calauza\/\"]}]},{\"@type\":\"BreadcrumbList\",\"@id\":\"https:\/\/jecza.ro\/index.php\/povestea-lucrarilor\/povestea-lucrarilor-calauza\/#breadcrumb\",\"itemListElement\":[{\"@type\":\"ListItem\",\"position\":1,\"name\":\"Home\",\"item\":\"https:\/\/jecza.ro\/\"},{\"@type\":\"ListItem\",\"position\":2,\"name\":\"Povestea lucr\u0103rilor\",\"item\":\"https:\/\/jecza.ro\/index.php\/povestea-lucrarilor\/\"},{\"@type\":\"ListItem\",\"position\":3,\"name\":\"Povestea lucr\u0103rilor &#8211; C\u0102L\u0102UZA\"}]},{\"@type\":\"WebSite\",\"@id\":\"https:\/\/jecza.ro\/#website\",\"url\":\"https:\/\/jecza.ro\/\",\"name\":\"Jecza Museum\",\"description\":\"\",\"publisher\":{\"@id\":\"https:\/\/jecza.ro\/#organization\"},\"potentialAction\":[{\"@type\":\"SearchAction\",\"target\":{\"@type\":\"EntryPoint\",\"urlTemplate\":\"https:\/\/jecza.ro\/?s={search_term_string}\"},\"query-input\":{\"@type\":\"PropertyValueSpecification\",\"valueRequired\":true,\"valueName\":\"search_term_string\"}}],\"inLanguage\":\"en-US\"},{\"@type\":\"Organization\",\"@id\":\"https:\/\/jecza.ro\/#organization\",\"name\":\"Jecza Museum\",\"url\":\"https:\/\/jecza.ro\/\",\"logo\":{\"@type\":\"ImageObject\",\"inLanguage\":\"en-US\",\"@id\":\"https:\/\/jecza.ro\/#\/schema\/logo\/image\/\",\"url\":\"https:\/\/jecza.ro\/wp-content\/uploads\/2024\/11\/cropped-Jecza-museum-logo-white.png\",\"contentUrl\":\"https:\/\/jecza.ro\/wp-content\/uploads\/2024\/11\/cropped-Jecza-museum-logo-white.png\",\"width\":512,\"height\":512,\"caption\":\"Jecza Museum\"},\"image\":{\"@id\":\"https:\/\/jecza.ro\/#\/schema\/logo\/image\/\"}}]}<\/script>\n<!-- \/ Yoast SEO plugin. -->","yoast_head_json":{"title":"Povestea lucr\u0103rilor - C\u0102L\u0102UZA - Jecza Museum","robots":{"index":"index","follow":"follow","max-snippet":"max-snippet:-1","max-image-preview":"max-image-preview:large","max-video-preview":"max-video-preview:-1"},"canonical":"https:\/\/jecza.ro\/index.php\/povestea-lucrarilor\/povestea-lucrarilor-calauza\/","og_locale":"en_US","og_type":"article","og_title":"Povestea lucr\u0103rilor - C\u0102L\u0102UZA - Jecza Museum","og_description":"O tem\u0103 distinct\u0103 pe care Peter Jecza a dezvoltat-o \u00een mai multe ipostaze este aceea a \u201dmul\u021bimii\u201d. Un grup figurativ, reprezent\u00e2nd un volum compact, cap\u0103t\u0103 expresivitate, suger\u00e2nd for\u021b\u0103, energie, masivitate. Direc\u021bia acestei organiz\u0103ri adaug\u0103 nuan\u021be diferite. Orientat \u00eenainte, volumul c\u00e2\u0219tig\u0103 valen\u021be de for\u021b\u0103 activ\u0103, dispuse orizontal (Geologie) se converte\u0219te \u00een static. Elemente simple de morfologie [&hellip;]","og_url":"https:\/\/jecza.ro\/index.php\/povestea-lucrarilor\/povestea-lucrarilor-calauza\/","og_site_name":"Jecza Museum","article_modified_time":"2025-02-02T09:21:44+00:00","twitter_card":"summary_large_image","twitter_misc":{"Est. reading time":"1 minute"},"schema":{"@context":"https:\/\/schema.org","@graph":[{"@type":"WebPage","@id":"https:\/\/jecza.ro\/index.php\/povestea-lucrarilor\/povestea-lucrarilor-calauza\/","url":"https:\/\/jecza.ro\/index.php\/povestea-lucrarilor\/povestea-lucrarilor-calauza\/","name":"Povestea lucr\u0103rilor - C\u0102L\u0102UZA - Jecza Museum","isPartOf":{"@id":"https:\/\/jecza.ro\/#website"},"datePublished":"2025-02-02T09:06:40+00:00","dateModified":"2025-02-02T09:21:44+00:00","breadcrumb":{"@id":"https:\/\/jecza.ro\/index.php\/povestea-lucrarilor\/povestea-lucrarilor-calauza\/#breadcrumb"},"inLanguage":"en-US","potentialAction":[{"@type":"ReadAction","target":["https:\/\/jecza.ro\/index.php\/povestea-lucrarilor\/povestea-lucrarilor-calauza\/"]}]},{"@type":"BreadcrumbList","@id":"https:\/\/jecza.ro\/index.php\/povestea-lucrarilor\/povestea-lucrarilor-calauza\/#breadcrumb","itemListElement":[{"@type":"ListItem","position":1,"name":"Home","item":"https:\/\/jecza.ro\/"},{"@type":"ListItem","position":2,"name":"Povestea lucr\u0103rilor","item":"https:\/\/jecza.ro\/index.php\/povestea-lucrarilor\/"},{"@type":"ListItem","position":3,"name":"Povestea lucr\u0103rilor &#8211; C\u0102L\u0102UZA"}]},{"@type":"WebSite","@id":"https:\/\/jecza.ro\/#website","url":"https:\/\/jecza.ro\/","name":"Jecza Museum","description":"","publisher":{"@id":"https:\/\/jecza.ro\/#organization"},"potentialAction":[{"@type":"SearchAction","target":{"@type":"EntryPoint","urlTemplate":"https:\/\/jecza.ro\/?s={search_term_string}"},"query-input":{"@type":"PropertyValueSpecification","valueRequired":true,"valueName":"search_term_string"}}],"inLanguage":"en-US"},{"@type":"Organization","@id":"https:\/\/jecza.ro\/#organization","name":"Jecza Museum","url":"https:\/\/jecza.ro\/","logo":{"@type":"ImageObject","inLanguage":"en-US","@id":"https:\/\/jecza.ro\/#\/schema\/logo\/image\/","url":"https:\/\/jecza.ro\/wp-content\/uploads\/2024\/11\/cropped-Jecza-museum-logo-white.png","contentUrl":"https:\/\/jecza.ro\/wp-content\/uploads\/2024\/11\/cropped-Jecza-museum-logo-white.png","width":512,"height":512,"caption":"Jecza Museum"},"image":{"@id":"https:\/\/jecza.ro\/#\/schema\/logo\/image\/"}}]}},"campaignId":"","_links":{"self":[{"href":"https:\/\/jecza.ro\/index.php\/wp-json\/wp\/v2\/pages\/6293","targetHints":{"allow":["GET"]}}],"collection":[{"href":"https:\/\/jecza.ro\/index.php\/wp-json\/wp\/v2\/pages"}],"about":[{"href":"https:\/\/jecza.ro\/index.php\/wp-json\/wp\/v2\/types\/page"}],"author":[{"embeddable":true,"href":"https:\/\/jecza.ro\/index.php\/wp-json\/wp\/v2\/users\/2"}],"replies":[{"embeddable":true,"href":"https:\/\/jecza.ro\/index.php\/wp-json\/wp\/v2\/comments?post=6293"}],"version-history":[{"count":5,"href":"https:\/\/jecza.ro\/index.php\/wp-json\/wp\/v2\/pages\/6293\/revisions"}],"predecessor-version":[{"id":6309,"href":"https:\/\/jecza.ro\/index.php\/wp-json\/wp\/v2\/pages\/6293\/revisions\/6309"}],"up":[{"embeddable":true,"href":"https:\/\/jecza.ro\/index.php\/wp-json\/wp\/v2\/pages\/6275"}],"wp:attachment":[{"href":"https:\/\/jecza.ro\/index.php\/wp-json\/wp\/v2\/media?parent=6293"}],"curies":[{"name":"wp","href":"https:\/\/api.w.org\/{rel}","templated":true}]}}