{"id":6171,"date":"2025-01-26T20:29:05","date_gmt":"2025-01-26T20:29:05","guid":{"rendered":"https:\/\/jecza.ro\/?page_id=6171"},"modified":"2025-01-26T20:29:05","modified_gmt":"2025-01-26T20:29:05","slug":"parteneri","status":"publish","type":"page","link":"https:\/\/jecza.ro\/index.php\/parteneri\/","title":{"rendered":"Parteneri"},"content":{"rendered":"\t\t<div data-elementor-type=\"wp-page\" data-elementor-id=\"6171\" class=\"elementor elementor-6171\">\n\t\t\t\t\t\t<section class=\"elementor-section elementor-top-section elementor-element elementor-element-1a17976 elementor-section-boxed elementor-section-height-default elementor-section-height-default\" data-id=\"1a17976\" data-element_type=\"section\">\n\t\t\t\t\t\t<div class=\"elementor-container elementor-column-gap-default\">\n\t\t\t\t\t<div class=\"elementor-column elementor-col-100 elementor-top-column elementor-element elementor-element-719a594\" data-id=\"719a594\" data-element_type=\"column\">\n\t\t\t<div class=\"elementor-widget-wrap elementor-element-populated\">\n\t\t\t\t\t\t<div class=\"elementor-element elementor-element-45a39b2 elementor-widget elementor-widget-spacer\" data-id=\"45a39b2\" data-element_type=\"widget\" data-widget_type=\"spacer.default\">\n\t\t\t\t<div class=\"elementor-widget-container\">\n\t\t\t\t\t\t\t<div class=\"elementor-spacer\">\n\t\t\t<div class=\"elementor-spacer-inner\"><\/div>\n\t\t<\/div>\n\t\t\t\t\t\t<\/div>\n\t\t\t\t<\/div>\n\t\t\t\t<div class=\"elementor-element elementor-element-618c4d2 elementor-widget elementor-widget-heading\" data-id=\"618c4d2\" data-element_type=\"widget\" data-widget_type=\"heading.default\">\n\t\t\t\t<div class=\"elementor-widget-container\">\n\t\t\t\t\t<h3 class=\"elementor-heading-title elementor-size-default\">Parteneri<\/h3>\t\t\t\t<\/div>\n\t\t\t\t<\/div>\n\t\t\t\t<div class=\"elementor-element elementor-element-ea7d859 elementor-widget elementor-widget-spacer\" data-id=\"ea7d859\" data-element_type=\"widget\" data-widget_type=\"spacer.default\">\n\t\t\t\t<div class=\"elementor-widget-container\">\n\t\t\t\t\t\t\t<div class=\"elementor-spacer\">\n\t\t\t<div class=\"elementor-spacer-inner\"><\/div>\n\t\t<\/div>\n\t\t\t\t\t\t<\/div>\n\t\t\t\t<\/div>\n\t\t\t\t\t<\/div>\n\t\t<\/div>\n\t\t\t\t\t<\/div>\n\t\t<\/section>\n\t\t\t\t<section class=\"elementor-section elementor-top-section elementor-element elementor-element-478dba5 elementor-section-boxed elementor-section-height-default elementor-section-height-default\" data-id=\"478dba5\" data-element_type=\"section\">\n\t\t\t\t\t\t<div class=\"elementor-container elementor-column-gap-default\">\n\t\t\t\t\t<div class=\"elementor-column elementor-col-100 elementor-top-column elementor-element elementor-element-b50bdd0\" data-id=\"b50bdd0\" data-element_type=\"column\">\n\t\t\t<div class=\"elementor-widget-wrap elementor-element-populated\">\n\t\t\t\t\t\t\t<\/div>\n\t\t<\/div>\n\t\t\t\t\t<\/div>\n\t\t<\/section>\n\t\t\t\t<section class=\"elementor-section elementor-top-section elementor-element elementor-element-4a8943c elementor-section-boxed elementor-section-height-default elementor-section-height-default\" data-id=\"4a8943c\" data-element_type=\"section\">\n\t\t\t\t\t\t<div class=\"elementor-container elementor-column-gap-default\">\n\t\t\t\t\t<div class=\"elementor-column elementor-col-33 elementor-top-column elementor-element elementor-element-c0917ac\" data-id=\"c0917ac\" data-element_type=\"column\">\n\t\t\t<div class=\"elementor-widget-wrap elementor-element-populated\">\n\t\t\t\t\t\t<div class=\"elementor-element elementor-element-686d800 elementor-widget elementor-widget-image\" data-id=\"686d800\" data-element_type=\"widget\" data-widget_type=\"image.default\">\n\t\t\t\t<div class=\"elementor-widget-container\">\n\t\t\t\t\t\t\t\t\t\t\t\t\t\t\t<img decoding=\"async\" width=\"300\" height=\"78\" src=\"https:\/\/jecza.ro\/wp-content\/uploads\/2021\/01\/triade.png\" class=\"attachment-large size-large wp-image-6174\" alt=\"\" \/>\t\t\t\t\t\t\t\t\t\t\t\t\t\t\t<\/div>\n\t\t\t\t<\/div>\n\t\t\t\t\t<\/div>\n\t\t<\/div>\n\t\t\t\t<div class=\"elementor-column elementor-col-66 elementor-top-column elementor-element elementor-element-dd32f8a\" data-id=\"dd32f8a\" data-element_type=\"column\">\n\t\t\t<div class=\"elementor-widget-wrap elementor-element-populated\">\n\t\t\t\t\t\t<div class=\"elementor-element elementor-element-99394b8 elementor-widget elementor-widget-text-editor\" data-id=\"99394b8\" data-element_type=\"widget\" data-widget_type=\"text-editor.default\">\n\t\t\t\t<div class=\"elementor-widget-container\">\n\t\t\t\t\t\t\t\t\t<p><b>Funda\u021bia Interart Triade<\/b> este prezent\u0103 pe scena cultural\u0103 din Timi\u0219oara din anul 2000. A fost fondat\u0103 de Peter Jecza, un sculptor important pentru istoria artei recente din Rom\u00e2nia. Ca legatar\u0103 a sculptorului, funda\u021bia gestioneaz\u0103 un patrimoniu de peste 1000 de sculpturi, promovate prin expozi\u021bii, albume, cataloage, documentare \u0219i cercetare.<\/p><p>Obiectivele Funda\u021biei TRIADE sunt studierea \u0219i promovarea valorilor culturale, medierea artei prin educa\u021bie artistic\u0103, dezvoltarea de public \u0219i \u00eembun\u0103t\u0103\u021birea climatului de intercomunicare social\u0103.<\/p><p>Experien\u021ba funda\u021biei acoper\u0103 \u00een mod relevant un domeniu larg de valori culturale \u0219i artistice: Parcul de sculptur\u0103 Triade, recuperarea valorilor artei 1960-1989, printr-un program de editare \u0219i expozi\u021bii (peste 200 de c\u0103r\u021bi de art\u0103 \u0219i peste 200 de expozi\u021bii), dezvoltarea unui program de reziden\u021be de cercetare \u0219i proiecte curatoriale, precum \u0219i de promovare a artei emergente. Are un rol activ \u00een prezentarea artei rom\u00e2ne\u0219ti \u00een str\u0103in\u0103tate \u0219i este, din 2015,\u00a0co-organizatoare a Bienalei Art Encounters.\u00a0<\/p>\t\t\t\t\t\t\t\t<\/div>\n\t\t\t\t<\/div>\n\t\t\t\t\t<\/div>\n\t\t<\/div>\n\t\t\t\t\t<\/div>\n\t\t<\/section>\n\t\t\t\t<section class=\"elementor-section elementor-top-section elementor-element elementor-element-359fd9d elementor-section-boxed elementor-section-height-default elementor-section-height-default\" data-id=\"359fd9d\" data-element_type=\"section\">\n\t\t\t\t\t\t<div class=\"elementor-container elementor-column-gap-default\">\n\t\t\t\t\t<div class=\"elementor-column elementor-col-100 elementor-top-column elementor-element elementor-element-3e06729\" data-id=\"3e06729\" data-element_type=\"column\">\n\t\t\t<div class=\"elementor-widget-wrap elementor-element-populated\">\n\t\t\t\t\t\t\t<\/div>\n\t\t<\/div>\n\t\t\t\t\t<\/div>\n\t\t<\/section>\n\t\t\t\t<section class=\"elementor-section elementor-top-section elementor-element elementor-element-e2c8d9f elementor-section-boxed elementor-section-height-default elementor-section-height-default\" data-id=\"e2c8d9f\" data-element_type=\"section\">\n\t\t\t\t\t\t<div class=\"elementor-container elementor-column-gap-default\">\n\t\t\t\t\t<div class=\"elementor-column elementor-col-33 elementor-top-column elementor-element elementor-element-b82fd10\" data-id=\"b82fd10\" data-element_type=\"column\">\n\t\t\t<div class=\"elementor-widget-wrap elementor-element-populated\">\n\t\t\t\t\t\t<div class=\"elementor-element elementor-element-0a970f6 elementor-widget elementor-widget-image\" data-id=\"0a970f6\" data-element_type=\"widget\" data-widget_type=\"image.default\">\n\t\t\t\t<div class=\"elementor-widget-container\">\n\t\t\t\t\t\t\t\t\t\t\t\t\t\t\t<img decoding=\"async\" width=\"300\" height=\"78\" src=\"https:\/\/jecza.ro\/wp-content\/uploads\/2021\/01\/upt.png\" class=\"attachment-large size-large wp-image-6175\" alt=\"\" \/>\t\t\t\t\t\t\t\t\t\t\t\t\t\t\t<\/div>\n\t\t\t\t<\/div>\n\t\t\t\t\t<\/div>\n\t\t<\/div>\n\t\t\t\t<div class=\"elementor-column elementor-col-66 elementor-top-column elementor-element elementor-element-76c68e5\" data-id=\"76c68e5\" data-element_type=\"column\">\n\t\t\t<div class=\"elementor-widget-wrap elementor-element-populated\">\n\t\t\t\t\t\t<div class=\"elementor-element elementor-element-559a57a elementor-widget elementor-widget-text-editor\" data-id=\"559a57a\" data-element_type=\"widget\" data-widget_type=\"text-editor.default\">\n\t\t\t\t<div class=\"elementor-widget-container\">\n\t\t\t\t\t\t\t\t\t<p><b>Universitatea Politehnica Timi\u0219oara<\/b> \u2013 implicat\u0103 prin:<\/p><p><strong>Centrul de Cercetare \u00een Multimedia<\/strong>, \u00eenfiin\u021bat \u00een 1996 are o experien\u021b\u0103 vast\u0103 \u00een cercetare-dezvoltare \u0219i programe educa\u021bionale \u00een tehnologii multimedia, web, mobile, realitate augmentat\u0103 \u0219i virtual\u0103, cu peste 30 proiecte interna\u021bionale.\u00a0<a style=\"background-color: #ffffff; letter-spacing: 0.2px;\" href=\"htttps:\/\/www.cm.upt.ro\" target=\"_blank\" rel=\"noopener\">Cm.upt.ro<\/a><\/p><p><strong>Centrul de ID\/IFR \u0219i e-Learning<\/strong>, \u00eenfiin\u021bat \u00een 1998 organizeaz\u0103 \u0219i desf\u0103\u0219oar\u0103 de programe de studiu \u00een regim de \u00eenv\u0103\u0163\u0103m\u00e2nt la distan\u0163\u0103 \u0219i online la nivel universitar \u0219i post-universitar; se implic\u0103 activ \u00een cercetare \u0219i dezvoltare \u00een domeniul eLearning, MOOC (Massive Open Online Courses), OER (Open Educational Resources), studen\u021bi digitali, tehnologii avansate web pentru educa\u021bie, online learning \u0219i mobile learning, campusuri virtuale, competen\u021be digitale \u0219i antreprenoriat.\u00a0 CeL a ini\u021biat \u0219i derulat peste 25 de proiecte EU, na\u021bionale \u0219i interna\u021bionale \u00een educa\u021bia digital\u0103.\u00a0<a style=\"background-color: #ffffff; letter-spacing: 0.2px;\" href=\"https:\/\/elearning.upt.ro\" target=\"_blank\" rel=\"noopener\">Elearning.upt.ro<\/a><\/p><p><span style=\"text-align: -webkit-match-parent; letter-spacing: 0.2px;\">In ultimii ani CeL \u0219i CM sunt implicate \u00een proiecte digitale culturale \u0219i ale patromoniului \u0219i industriilor creative (DigiCulture), \u00een sus\u021binerea Timi\u0219oara Capital\u0103 Cultural\u0103 European\u0103 (Patrimoniu sub reflectoare).<\/span><\/p>\t\t\t\t\t\t\t\t<\/div>\n\t\t\t\t<\/div>\n\t\t\t\t\t<\/div>\n\t\t<\/div>\n\t\t\t\t\t<\/div>\n\t\t<\/section>\n\t\t\t\t<section class=\"elementor-section elementor-top-section elementor-element elementor-element-6586846 elementor-section-boxed elementor-section-height-default elementor-section-height-default\" data-id=\"6586846\" data-element_type=\"section\">\n\t\t\t\t\t\t<div class=\"elementor-container elementor-column-gap-default\">\n\t\t\t\t\t<div class=\"elementor-column elementor-col-100 elementor-top-column elementor-element elementor-element-c127dd9\" data-id=\"c127dd9\" data-element_type=\"column\">\n\t\t\t<div class=\"elementor-widget-wrap elementor-element-populated\">\n\t\t\t\t\t\t\t<\/div>\n\t\t<\/div>\n\t\t\t\t\t<\/div>\n\t\t<\/section>\n\t\t\t\t<section class=\"elementor-section elementor-top-section elementor-element elementor-element-dbb8222 elementor-section-boxed elementor-section-height-default elementor-section-height-default\" data-id=\"dbb8222\" data-element_type=\"section\">\n\t\t\t\t\t\t<div class=\"elementor-container elementor-column-gap-default\">\n\t\t\t\t\t<div class=\"elementor-column elementor-col-33 elementor-top-column elementor-element elementor-element-6c4f318\" data-id=\"6c4f318\" data-element_type=\"column\">\n\t\t\t<div class=\"elementor-widget-wrap elementor-element-populated\">\n\t\t\t\t\t\t<div class=\"elementor-element elementor-element-8abe5ed elementor-widget elementor-widget-image\" data-id=\"8abe5ed\" data-element_type=\"widget\" data-widget_type=\"image.default\">\n\t\t\t\t<div class=\"elementor-widget-container\">\n\t\t\t\t\t\t\t\t\t\t\t\t\t\t\t<img decoding=\"async\" width=\"300\" height=\"78\" src=\"https:\/\/jecza.ro\/wp-content\/uploads\/2021\/01\/jecza-gallery.png\" class=\"attachment-large size-large wp-image-6176\" alt=\"\" \/>\t\t\t\t\t\t\t\t\t\t\t\t\t\t\t<\/div>\n\t\t\t\t<\/div>\n\t\t\t\t\t<\/div>\n\t\t<\/div>\n\t\t\t\t<div class=\"elementor-column elementor-col-66 elementor-top-column elementor-element elementor-element-33986d0\" data-id=\"33986d0\" data-element_type=\"column\">\n\t\t\t<div class=\"elementor-widget-wrap elementor-element-populated\">\n\t\t\t\t\t\t<div class=\"elementor-element elementor-element-e477311 elementor-widget elementor-widget-text-editor\" data-id=\"e477311\" data-element_type=\"widget\" data-widget_type=\"text-editor.default\">\n\t\t\t\t<div class=\"elementor-widget-container\">\n\t\t\t\t\t\t\t\t\t<p><b>Galeria Jecza<\/b>, fondat\u0103 \u00een 2011 la Timi\u0219oara, a avut de la bun \u00eenceput o puternic\u0103 \u00eenclina\u021bie pentru scena istoric\u0103 local\u0103, foarte important\u0103 \u00een anii 60 \u0219i 70 (grupul Sigma, printre altele). Reprezint\u0103 arti\u0219ti \u0219i colective de arti\u0219ti, figuri istorice, dar \u0219i personalit\u0103\u021bi tinere \u0219i proeminente, cu un interes special pentru sculptura contemporan\u0103 \u0219i formele de art\u0103 experimental\u0103. Prin expozi\u021bii organizate de arti\u0219ti de diferite genera\u021bii, galeria \u00eencurajeaz\u0103 proiecte de cercetare aprofundate legate de diverse practici de art\u0103. Al\u0103turi de Funda\u021bia Triade, galeria a devenit un puternic centru de cercetare pentru patrimoniul artei moderne \u0219i contemporane din Europa de Est.<\/p>\t\t\t\t\t\t\t\t<\/div>\n\t\t\t\t<\/div>\n\t\t\t\t\t<\/div>\n\t\t<\/div>\n\t\t\t\t\t<\/div>\n\t\t<\/section>\n\t\t\t\t<section class=\"elementor-section elementor-top-section elementor-element elementor-element-14ae50c elementor-section-boxed elementor-section-height-default elementor-section-height-default\" data-id=\"14ae50c\" data-element_type=\"section\">\n\t\t\t\t\t\t<div class=\"elementor-container elementor-column-gap-default\">\n\t\t\t\t\t<div class=\"elementor-column elementor-col-100 elementor-top-column elementor-element elementor-element-3239208\" data-id=\"3239208\" data-element_type=\"column\">\n\t\t\t<div class=\"elementor-widget-wrap\">\n\t\t\t\t\t\t\t<\/div>\n\t\t<\/div>\n\t\t\t\t\t<\/div>\n\t\t<\/section>\n\t\t\t\t<section class=\"elementor-section elementor-top-section elementor-element elementor-element-9f76d97 elementor-section-boxed elementor-section-height-default elementor-section-height-default\" data-id=\"9f76d97\" data-element_type=\"section\">\n\t\t\t\t\t\t<div class=\"elementor-container elementor-column-gap-default\">\n\t\t\t\t\t<div class=\"elementor-column elementor-col-33 elementor-top-column elementor-element elementor-element-e2c2469\" data-id=\"e2c2469\" data-element_type=\"column\">\n\t\t\t<div class=\"elementor-widget-wrap elementor-element-populated\">\n\t\t\t\t\t\t<div class=\"elementor-element elementor-element-4ba1a50 elementor-widget elementor-widget-image\" data-id=\"4ba1a50\" data-element_type=\"widget\" data-widget_type=\"image.default\">\n\t\t\t\t<div class=\"elementor-widget-container\">\n\t\t\t\t\t\t\t\t\t\t\t\t\t\t\t<img loading=\"lazy\" decoding=\"async\" width=\"300\" height=\"78\" src=\"https:\/\/jecza.ro\/wp-content\/uploads\/2021\/01\/ministerul-culturii.png\" class=\"attachment-large size-large wp-image-6177\" alt=\"\" \/>\t\t\t\t\t\t\t\t\t\t\t\t\t\t\t<\/div>\n\t\t\t\t<\/div>\n\t\t\t\t\t<\/div>\n\t\t<\/div>\n\t\t\t\t<div class=\"elementor-column elementor-col-66 elementor-top-column elementor-element elementor-element-9b8af9c\" data-id=\"9b8af9c\" data-element_type=\"column\">\n\t\t\t<div class=\"elementor-widget-wrap\">\n\t\t\t\t\t\t\t<\/div>\n\t\t<\/div>\n\t\t\t\t\t<\/div>\n\t\t<\/section>\n\t\t\t\t<\/div>\n\t\t","protected":false},"excerpt":{"rendered":"<p>Parteneri Funda\u021bia Interart Triade este prezent\u0103 pe scena cultural\u0103 din Timi\u0219oara din anul 2000. A fost fondat\u0103 de Peter Jecza, un sculptor important pentru istoria artei recente din Rom\u00e2nia. Ca legatar\u0103 a sculptorului, funda\u021bia gestioneaz\u0103 un patrimoniu de peste 1000 de sculpturi, promovate prin expozi\u021bii, albume, cataloage, documentare \u0219i cercetare. Obiectivele Funda\u021biei TRIADE sunt studierea [&hellip;]<\/p>\n","protected":false},"author":2,"featured_media":0,"parent":0,"menu_order":0,"comment_status":"closed","ping_status":"closed","template":"","meta":{"_acf_changed":false,"give_campaign_id":0,"footnotes":""},"class_list":["post-6171","page","type-page","status-publish","hentry"],"acf":[],"yoast_head":"<!-- This site is optimized with the Yoast SEO plugin v25.3.1 - https:\/\/yoast.com\/wordpress\/plugins\/seo\/ -->\n<title>Parteneri - Jecza Museum<\/title>\n<meta name=\"robots\" content=\"index, follow, max-snippet:-1, max-image-preview:large, max-video-preview:-1\" \/>\n<link rel=\"canonical\" href=\"https:\/\/jecza.ro\/index.php\/parteneri\/\" \/>\n<meta property=\"og:locale\" content=\"en_US\" \/>\n<meta property=\"og:type\" content=\"article\" \/>\n<meta property=\"og:title\" content=\"Parteneri - Jecza Museum\" \/>\n<meta property=\"og:description\" content=\"Parteneri Funda\u021bia Interart Triade este prezent\u0103 pe scena cultural\u0103 din Timi\u0219oara din anul 2000. A fost fondat\u0103 de Peter Jecza, un sculptor important pentru istoria artei recente din Rom\u00e2nia. Ca legatar\u0103 a sculptorului, funda\u021bia gestioneaz\u0103 un patrimoniu de peste 1000 de sculpturi, promovate prin expozi\u021bii, albume, cataloage, documentare \u0219i cercetare. Obiectivele Funda\u021biei TRIADE sunt studierea [&hellip;]\" \/>\n<meta property=\"og:url\" content=\"https:\/\/jecza.ro\/index.php\/parteneri\/\" \/>\n<meta property=\"og:site_name\" content=\"Jecza Museum\" \/>\n<meta property=\"og:image\" content=\"https:\/\/jecza.ro\/wp-content\/uploads\/2021\/01\/triade.png\" \/>\n<meta name=\"twitter:card\" content=\"summary_large_image\" \/>\n<meta name=\"twitter:label1\" content=\"Est. reading time\" \/>\n\t<meta name=\"twitter:data1\" content=\"3 minutes\" \/>\n<script type=\"application\/ld+json\" class=\"yoast-schema-graph\">{\"@context\":\"https:\/\/schema.org\",\"@graph\":[{\"@type\":\"WebPage\",\"@id\":\"https:\/\/jecza.ro\/index.php\/parteneri\/\",\"url\":\"https:\/\/jecza.ro\/index.php\/parteneri\/\",\"name\":\"Parteneri - Jecza Museum\",\"isPartOf\":{\"@id\":\"https:\/\/jecza.ro\/#website\"},\"primaryImageOfPage\":{\"@id\":\"https:\/\/jecza.ro\/index.php\/parteneri\/#primaryimage\"},\"image\":{\"@id\":\"https:\/\/jecza.ro\/index.php\/parteneri\/#primaryimage\"},\"thumbnailUrl\":\"https:\/\/jecza.ro\/wp-content\/uploads\/2021\/01\/triade.png\",\"datePublished\":\"2025-01-26T20:29:05+00:00\",\"breadcrumb\":{\"@id\":\"https:\/\/jecza.ro\/index.php\/parteneri\/#breadcrumb\"},\"inLanguage\":\"en-US\",\"potentialAction\":[{\"@type\":\"ReadAction\",\"target\":[\"https:\/\/jecza.ro\/index.php\/parteneri\/\"]}]},{\"@type\":\"ImageObject\",\"inLanguage\":\"en-US\",\"@id\":\"https:\/\/jecza.ro\/index.php\/parteneri\/#primaryimage\",\"url\":\"https:\/\/jecza.ro\/wp-content\/uploads\/2021\/01\/triade.png\",\"contentUrl\":\"https:\/\/jecza.ro\/wp-content\/uploads\/2021\/01\/triade.png\",\"width\":300,\"height\":78},{\"@type\":\"BreadcrumbList\",\"@id\":\"https:\/\/jecza.ro\/index.php\/parteneri\/#breadcrumb\",\"itemListElement\":[{\"@type\":\"ListItem\",\"position\":1,\"name\":\"Home\",\"item\":\"https:\/\/jecza.ro\/\"},{\"@type\":\"ListItem\",\"position\":2,\"name\":\"Parteneri\"}]},{\"@type\":\"WebSite\",\"@id\":\"https:\/\/jecza.ro\/#website\",\"url\":\"https:\/\/jecza.ro\/\",\"name\":\"Jecza Museum\",\"description\":\"\",\"publisher\":{\"@id\":\"https:\/\/jecza.ro\/#organization\"},\"potentialAction\":[{\"@type\":\"SearchAction\",\"target\":{\"@type\":\"EntryPoint\",\"urlTemplate\":\"https:\/\/jecza.ro\/?s={search_term_string}\"},\"query-input\":{\"@type\":\"PropertyValueSpecification\",\"valueRequired\":true,\"valueName\":\"search_term_string\"}}],\"inLanguage\":\"en-US\"},{\"@type\":\"Organization\",\"@id\":\"https:\/\/jecza.ro\/#organization\",\"name\":\"Jecza Museum\",\"url\":\"https:\/\/jecza.ro\/\",\"logo\":{\"@type\":\"ImageObject\",\"inLanguage\":\"en-US\",\"@id\":\"https:\/\/jecza.ro\/#\/schema\/logo\/image\/\",\"url\":\"https:\/\/jecza.ro\/wp-content\/uploads\/2024\/11\/cropped-Jecza-museum-logo-white.png\",\"contentUrl\":\"https:\/\/jecza.ro\/wp-content\/uploads\/2024\/11\/cropped-Jecza-museum-logo-white.png\",\"width\":512,\"height\":512,\"caption\":\"Jecza Museum\"},\"image\":{\"@id\":\"https:\/\/jecza.ro\/#\/schema\/logo\/image\/\"}}]}<\/script>\n<!-- \/ Yoast SEO plugin. -->","yoast_head_json":{"title":"Parteneri - Jecza Museum","robots":{"index":"index","follow":"follow","max-snippet":"max-snippet:-1","max-image-preview":"max-image-preview:large","max-video-preview":"max-video-preview:-1"},"canonical":"https:\/\/jecza.ro\/index.php\/parteneri\/","og_locale":"en_US","og_type":"article","og_title":"Parteneri - Jecza Museum","og_description":"Parteneri Funda\u021bia Interart Triade este prezent\u0103 pe scena cultural\u0103 din Timi\u0219oara din anul 2000. A fost fondat\u0103 de Peter Jecza, un sculptor important pentru istoria artei recente din Rom\u00e2nia. Ca legatar\u0103 a sculptorului, funda\u021bia gestioneaz\u0103 un patrimoniu de peste 1000 de sculpturi, promovate prin expozi\u021bii, albume, cataloage, documentare \u0219i cercetare. Obiectivele Funda\u021biei TRIADE sunt studierea [&hellip;]","og_url":"https:\/\/jecza.ro\/index.php\/parteneri\/","og_site_name":"Jecza Museum","og_image":[{"url":"https:\/\/jecza.ro\/wp-content\/uploads\/2021\/01\/triade.png","type":"","width":"","height":""}],"twitter_card":"summary_large_image","twitter_misc":{"Est. reading time":"3 minutes"},"schema":{"@context":"https:\/\/schema.org","@graph":[{"@type":"WebPage","@id":"https:\/\/jecza.ro\/index.php\/parteneri\/","url":"https:\/\/jecza.ro\/index.php\/parteneri\/","name":"Parteneri - Jecza Museum","isPartOf":{"@id":"https:\/\/jecza.ro\/#website"},"primaryImageOfPage":{"@id":"https:\/\/jecza.ro\/index.php\/parteneri\/#primaryimage"},"image":{"@id":"https:\/\/jecza.ro\/index.php\/parteneri\/#primaryimage"},"thumbnailUrl":"https:\/\/jecza.ro\/wp-content\/uploads\/2021\/01\/triade.png","datePublished":"2025-01-26T20:29:05+00:00","breadcrumb":{"@id":"https:\/\/jecza.ro\/index.php\/parteneri\/#breadcrumb"},"inLanguage":"en-US","potentialAction":[{"@type":"ReadAction","target":["https:\/\/jecza.ro\/index.php\/parteneri\/"]}]},{"@type":"ImageObject","inLanguage":"en-US","@id":"https:\/\/jecza.ro\/index.php\/parteneri\/#primaryimage","url":"https:\/\/jecza.ro\/wp-content\/uploads\/2021\/01\/triade.png","contentUrl":"https:\/\/jecza.ro\/wp-content\/uploads\/2021\/01\/triade.png","width":300,"height":78},{"@type":"BreadcrumbList","@id":"https:\/\/jecza.ro\/index.php\/parteneri\/#breadcrumb","itemListElement":[{"@type":"ListItem","position":1,"name":"Home","item":"https:\/\/jecza.ro\/"},{"@type":"ListItem","position":2,"name":"Parteneri"}]},{"@type":"WebSite","@id":"https:\/\/jecza.ro\/#website","url":"https:\/\/jecza.ro\/","name":"Jecza Museum","description":"","publisher":{"@id":"https:\/\/jecza.ro\/#organization"},"potentialAction":[{"@type":"SearchAction","target":{"@type":"EntryPoint","urlTemplate":"https:\/\/jecza.ro\/?s={search_term_string}"},"query-input":{"@type":"PropertyValueSpecification","valueRequired":true,"valueName":"search_term_string"}}],"inLanguage":"en-US"},{"@type":"Organization","@id":"https:\/\/jecza.ro\/#organization","name":"Jecza Museum","url":"https:\/\/jecza.ro\/","logo":{"@type":"ImageObject","inLanguage":"en-US","@id":"https:\/\/jecza.ro\/#\/schema\/logo\/image\/","url":"https:\/\/jecza.ro\/wp-content\/uploads\/2024\/11\/cropped-Jecza-museum-logo-white.png","contentUrl":"https:\/\/jecza.ro\/wp-content\/uploads\/2024\/11\/cropped-Jecza-museum-logo-white.png","width":512,"height":512,"caption":"Jecza Museum"},"image":{"@id":"https:\/\/jecza.ro\/#\/schema\/logo\/image\/"}}]}},"campaignId":"","_links":{"self":[{"href":"https:\/\/jecza.ro\/index.php\/wp-json\/wp\/v2\/pages\/6171","targetHints":{"allow":["GET"]}}],"collection":[{"href":"https:\/\/jecza.ro\/index.php\/wp-json\/wp\/v2\/pages"}],"about":[{"href":"https:\/\/jecza.ro\/index.php\/wp-json\/wp\/v2\/types\/page"}],"author":[{"embeddable":true,"href":"https:\/\/jecza.ro\/index.php\/wp-json\/wp\/v2\/users\/2"}],"replies":[{"embeddable":true,"href":"https:\/\/jecza.ro\/index.php\/wp-json\/wp\/v2\/comments?post=6171"}],"version-history":[{"count":0,"href":"https:\/\/jecza.ro\/index.php\/wp-json\/wp\/v2\/pages\/6171\/revisions"}],"wp:attachment":[{"href":"https:\/\/jecza.ro\/index.php\/wp-json\/wp\/v2\/media?parent=6171"}],"curies":[{"name":"wp","href":"https:\/\/api.w.org\/{rel}","templated":true}]}}